{"id":8077,"date":"2022-10-26T15:05:55","date_gmt":"2022-10-26T13:05:55","guid":{"rendered":"https:\/\/imaginox.eu\/?page_id=8077"},"modified":"2023-05-26T15:10:28","modified_gmt":"2023-05-26T13:10:28","slug":"katalog-na-stiahnutie","status":"publish","type":"page","link":"https:\/\/imaginox-com.boost.codes\/sk\/katalog-na-stiahnutie\/","title":{"rendered":"Katal\u00f3g na stiahnutie"},"content":{"rendered":"<section class=\"section--catalogue section--light\">\n<div class=\"inner\">\n<h1 class=\"heading heading--bigger heading--center heading--black heading--underline\">Katal\u00f3g na stiahnutie<\/h1>\n<div class=\"row\">\n<div class=\"col-xs-12 col-sm-12 col-md-2 col-lg-2\"><\/div>\n<div class=\"col-xs-12 col-sm-12 col-md-8 col-lg-8\">\n<p class=\"paragraph paragraph--medium align-center margin-top--05x\">Stiahnite si n\u00e1\u0161 IMAGINOX katal\u00f3g bezplatne v elektronickej podobe v PDF form\u00e1te.<\/p>\n<\/div>\n<div class=\"col-xs-12 col-sm-12 col-md-2 col-lg-2\"><\/div>\n<\/div>\n<div class=\"section--catalogue-form\">\n<p><a href=\"https:\/\/imaginox-com.boost.codes\/wp-content\/uploads\/2023\/05\/Katalog_IMAGINOX_265x235_CZ_online.pdf\" class=\"button button--black button--arrow button--shadow margin-top--05x\" title=\"IMAGINOX Katalog produkt\u016f\" target=\"_blank\" rel=\"noopener\">Stiahnu\u0165 katal\u00f3g v PDF<\/a><\/p>\n<p><a href=\"https:\/\/imaginox-com.boost.codes\/files\/pdf\/imaginox-kniha-referenci-en.pdf\" class=\"button button--black button--arrow button--shadow margin-top--05x\" title=\"IMAGINOX Kniha referenc\u00ed\" target=\"_blank\" rel=\"noopener\">Stiahnu\u0165 knihu referenci\u00ed v pdf<\/a><\/p>\n<\/div>\n<\/div>\n<p> <!-- .inner --><br \/>\n<\/section>\n<p> <!-- section products --><\/p>\n","protected":false},"excerpt":{"rendered":"Katal\u00f3g na stiahnutie Stiahnite si n\u00e1\u0161 IMAGINOX katal\u00f3g bezplatne v elektronickej podobe v PDF form\u00e1te. Stiahnu\u0165 katal\u00f3g v PDF Stiahnu\u0165 knihu referenci\u00ed v pdf","protected":false},"author":1,"featured_media":0,"parent":0,"menu_order":0,"comment_status":"closed","ping_status":"closed","template":"","meta":{"footnotes":""},"acf":[],"yoast_head":"<!-- This site is optimized with the Yoast SEO plugin v22.4 - https:\/\/yoast.com\/wordpress\/plugins\/seo\/ -->\n<title>Katal\u00f3g na stiahnutie \u2248 IMAGINOX<\/title>\n<meta name=\"robots\" content=\"noindex, follow, max-snippet:-1, max-image-preview:large, max-video-preview:-1\" \/>\n<meta property=\"og:locale\" content=\"sk_SK\" \/>\n<meta property=\"og:type\" content=\"article\" \/>\n<meta property=\"og:title\" content=\"Katal\u00f3g na stiahnutie \u2248 IMAGINOX\" \/>\n<meta property=\"og:description\" content=\"Katal\u00f3g na stiahnutie Stiahnite si n\u00e1\u0161 IMAGINOX katal\u00f3g bezplatne v elektronickej podobe v PDF form\u00e1te. Stiahnu\u0165 katal\u00f3g v PDF Stiahnu\u0165 knihu referenci\u00ed v pdf\" \/>\n<meta property=\"og:url\" content=\"https:\/\/imaginox-com.boost.codes\/sk\/katalog-na-stiahnutie\/\" \/>\n<meta property=\"og:site_name\" content=\"IMAGINOX\" \/>\n<meta property=\"article:modified_time\" content=\"2023-05-26T13:10:28+00:00\" \/>\n<meta name=\"twitter:card\" content=\"summary_large_image\" \/>\n<script type=\"application\/ld+json\" class=\"yoast-schema-graph\">{\"@context\":\"https:\/\/schema.org\",\"@graph\":[{\"@type\":\"WebPage\",\"@id\":\"https:\/\/imaginox-com.boost.codes\/sk\/katalog-na-stiahnutie\/\",\"url\":\"https:\/\/imaginox-com.boost.codes\/sk\/katalog-na-stiahnutie\/\",\"name\":\"Katal\u00f3g na stiahnutie \u2248 IMAGINOX\",\"isPartOf\":{\"@id\":\"https:\/\/imaginox-com.boost.codes\/sk\/#website\"},\"datePublished\":\"2022-10-26T13:05:55+00:00\",\"dateModified\":\"2023-05-26T13:10:28+00:00\",\"breadcrumb\":{\"@id\":\"https:\/\/imaginox-com.boost.codes\/sk\/katalog-na-stiahnutie\/#breadcrumb\"},\"inLanguage\":\"sk-SK\",\"potentialAction\":[{\"@type\":\"ReadAction\",\"target\":[\"https:\/\/imaginox-com.boost.codes\/sk\/katalog-na-stiahnutie\/\"]}]},{\"@type\":\"BreadcrumbList\",\"@id\":\"https:\/\/imaginox-com.boost.codes\/sk\/katalog-na-stiahnutie\/#breadcrumb\",\"itemListElement\":[{\"@type\":\"ListItem\",\"position\":1,\"name\":\"Home\",\"item\":\"https:\/\/imaginox-com.boost.codes\/sk\/\"},{\"@type\":\"ListItem\",\"position\":2,\"name\":\"Katal\u00f3g na stiahnutie\"}]},{\"@type\":\"WebSite\",\"@id\":\"https:\/\/imaginox-com.boost.codes\/sk\/#website\",\"url\":\"https:\/\/imaginox-com.boost.codes\/sk\/\",\"name\":\"IMAGINOX\",\"description\":\"Nerezov\u00e9 baz\u00e9ny, v\u00edrivky a dal\u0161ie\",\"publisher\":{\"@id\":\"https:\/\/imaginox-com.boost.codes\/sk\/#organization\"},\"potentialAction\":[{\"@type\":\"SearchAction\",\"target\":{\"@type\":\"EntryPoint\",\"urlTemplate\":\"https:\/\/imaginox-com.boost.codes\/sk\/?s={search_term_string}\"},\"query-input\":\"required name=search_term_string\"}],\"inLanguage\":\"sk-SK\"},{\"@type\":\"Organization\",\"@id\":\"https:\/\/imaginox-com.boost.codes\/sk\/#organization\",\"name\":\"IMAGINOX s.r.o.\",\"url\":\"https:\/\/imaginox-com.boost.codes\/sk\/\",\"logo\":{\"@type\":\"ImageObject\",\"inLanguage\":\"sk-SK\",\"@id\":\"https:\/\/imaginox-com.boost.codes\/sk\/#\/schema\/logo\/image\/\",\"url\":\"https:\/\/imaginox-com.boost.codes\/wp-content\/uploads\/2021\/04\/imaginox-header-logo.png\",\"contentUrl\":\"https:\/\/imaginox-com.boost.codes\/wp-content\/uploads\/2021\/04\/imaginox-header-logo.png\",\"width\":622,\"height\":88,\"caption\":\"IMAGINOX s.r.o.\"},\"image\":{\"@id\":\"https:\/\/imaginox-com.boost.codes\/sk\/#\/schema\/logo\/image\/\"}}]}<\/script>\n<!-- \/ Yoast SEO plugin. -->","yoast_head_json":{"title":"Katal\u00f3g na stiahnutie \u2248 IMAGINOX","robots":{"index":"noindex","follow":"follow","max-snippet":"max-snippet:-1","max-image-preview":"max-image-preview:large","max-video-preview":"max-video-preview:-1"},"og_locale":"sk_SK","og_type":"article","og_title":"Katal\u00f3g na stiahnutie \u2248 IMAGINOX","og_description":"Katal\u00f3g na stiahnutie Stiahnite si n\u00e1\u0161 IMAGINOX katal\u00f3g bezplatne v elektronickej podobe v PDF form\u00e1te. Stiahnu\u0165 katal\u00f3g v PDF Stiahnu\u0165 knihu referenci\u00ed v pdf","og_url":"https:\/\/imaginox-com.boost.codes\/sk\/katalog-na-stiahnutie\/","og_site_name":"IMAGINOX","article_modified_time":"2023-05-26T13:10:28+00:00","twitter_card":"summary_large_image","schema":{"@context":"https:\/\/schema.org","@graph":[{"@type":"WebPage","@id":"https:\/\/imaginox-com.boost.codes\/sk\/katalog-na-stiahnutie\/","url":"https:\/\/imaginox-com.boost.codes\/sk\/katalog-na-stiahnutie\/","name":"Katal\u00f3g na stiahnutie \u2248 IMAGINOX","isPartOf":{"@id":"https:\/\/imaginox-com.boost.codes\/sk\/#website"},"datePublished":"2022-10-26T13:05:55+00:00","dateModified":"2023-05-26T13:10:28+00:00","breadcrumb":{"@id":"https:\/\/imaginox-com.boost.codes\/sk\/katalog-na-stiahnutie\/#breadcrumb"},"inLanguage":"sk-SK","potentialAction":[{"@type":"ReadAction","target":["https:\/\/imaginox-com.boost.codes\/sk\/katalog-na-stiahnutie\/"]}]},{"@type":"BreadcrumbList","@id":"https:\/\/imaginox-com.boost.codes\/sk\/katalog-na-stiahnutie\/#breadcrumb","itemListElement":[{"@type":"ListItem","position":1,"name":"Home","item":"https:\/\/imaginox-com.boost.codes\/sk\/"},{"@type":"ListItem","position":2,"name":"Katal\u00f3g na stiahnutie"}]},{"@type":"WebSite","@id":"https:\/\/imaginox-com.boost.codes\/sk\/#website","url":"https:\/\/imaginox-com.boost.codes\/sk\/","name":"IMAGINOX","description":"Nerezov\u00e9 baz\u00e9ny, v\u00edrivky a dal\u0161ie","publisher":{"@id":"https:\/\/imaginox-com.boost.codes\/sk\/#organization"},"potentialAction":[{"@type":"SearchAction","target":{"@type":"EntryPoint","urlTemplate":"https:\/\/imaginox-com.boost.codes\/sk\/?s={search_term_string}"},"query-input":"required name=search_term_string"}],"inLanguage":"sk-SK"},{"@type":"Organization","@id":"https:\/\/imaginox-com.boost.codes\/sk\/#organization","name":"IMAGINOX s.r.o.","url":"https:\/\/imaginox-com.boost.codes\/sk\/","logo":{"@type":"ImageObject","inLanguage":"sk-SK","@id":"https:\/\/imaginox-com.boost.codes\/sk\/#\/schema\/logo\/image\/","url":"https:\/\/imaginox-com.boost.codes\/wp-content\/uploads\/2021\/04\/imaginox-header-logo.png","contentUrl":"https:\/\/imaginox-com.boost.codes\/wp-content\/uploads\/2021\/04\/imaginox-header-logo.png","width":622,"height":88,"caption":"IMAGINOX s.r.o."},"image":{"@id":"https:\/\/imaginox-com.boost.codes\/sk\/#\/schema\/logo\/image\/"}}]}},"_links":{"self":[{"href":"https:\/\/imaginox-com.boost.codes\/sk\/wp-json\/wp\/v2\/pages\/8077"}],"collection":[{"href":"https:\/\/imaginox-com.boost.codes\/sk\/wp-json\/wp\/v2\/pages"}],"about":[{"href":"https:\/\/imaginox-com.boost.codes\/sk\/wp-json\/wp\/v2\/types\/page"}],"author":[{"embeddable":true,"href":"https:\/\/imaginox-com.boost.codes\/sk\/wp-json\/wp\/v2\/users\/1"}],"replies":[{"embeddable":true,"href":"https:\/\/imaginox-com.boost.codes\/sk\/wp-json\/wp\/v2\/comments?post=8077"}],"version-history":[{"count":5,"href":"https:\/\/imaginox-com.boost.codes\/sk\/wp-json\/wp\/v2\/pages\/8077\/revisions"}],"predecessor-version":[{"id":8825,"href":"https:\/\/imaginox-com.boost.codes\/sk\/wp-json\/wp\/v2\/pages\/8077\/revisions\/8825"}],"wp:attachment":[{"href":"https:\/\/imaginox-com.boost.codes\/sk\/wp-json\/wp\/v2\/media?parent=8077"}],"curies":[{"name":"wp","href":"https:\/\/api.w.org\/{rel}","templated":true}]}}