{"id":6973,"date":"2022-08-10T00:29:33","date_gmt":"2022-08-09T22:29:33","guid":{"rendered":"https:\/\/imaginox.eu\/otazky\/"},"modified":"2022-11-11T14:53:50","modified_gmt":"2022-11-11T12:53:50","slug":"otazky","status":"publish","type":"page","link":"https:\/\/imaginox-com.boost.codes\/sk\/otazky\/","title":{"rendered":"Ot\u00e1zky"},"content":{"rendered":"<section class=\"section--catalogue section--light\">\n<div class=\"inner\">\n<h1 class=\"heading heading--bigger heading--center heading--black heading--underline\">Op\u00fdtajte sa<\/h1>\n<div class=\"row\">\n<div class=\"col-xs-12 col-sm-12 col-md-2 col-lg-2\"><\/div>\n<div class=\"col-xs-12 col-sm-12 col-md-8 col-lg-8\">\n<p class=\"paragraph paragraph--medium align-center margin-top--05x\">M\u00e1te ot\u00e1zku s\u00favisiacu s na\u0161imi v\u00fdrobkami? Nap\u00ed\u0161te n\u00e1m a my v\u00e1m \u010do najsk\u00f4r odpovieme. Alebo m\u00f4\u017eete zanecha\u0165 va\u0161e telef\u00f3nne \u010d\u00edslo a my v\u00e1s budeme kontaktova\u0165.<\/p>\n<\/div>\n<div class=\"col-xs-12 col-sm-12 col-md-2 col-lg-2\"><\/div>\n<\/div>\n<div class=\"section--catalogue-form section--queries-form\"><span class=\"paragraph paragraph--medium section--catalogue-form-required-data input-required\">required data<\/span><\/p>\n<div class=\"boost-space-forms\" id=\"bsf-id-4\"><\/div><script src=\"https:\/\/imaginox.system.boost.space\/api\/custom_form.js?id=4&integrity=2cdf4c84782fd3bb0a462dc0104ba064&el=bsf-id-4&callback=boostSpaceFormsInit&csubmit=boostSpaceFormsSuccessSubmit&lang=sk&v=0.4.9\" data-form=\"boost-space\"><\/script>\n<\/div>\n<p> <!-- .inner --><br \/>\n<\/section>\n<p> <!-- section products --><\/p>\n","protected":false},"excerpt":{"rendered":"Op\u00fdtajte sa M\u00e1te ot\u00e1zku s\u00favisiacu s na\u0161imi v\u00fdrobkami? Nap\u00ed\u0161te n\u00e1m a my v\u00e1m \u010do najsk\u00f4r odpovieme. Alebo m\u00f4\u017eete zanecha\u0165 va\u0161e telef\u00f3nne \u010d\u00edslo a my v\u00e1s budeme kontaktova\u0165. required data","protected":false},"author":1,"featured_media":0,"parent":0,"menu_order":0,"comment_status":"closed","ping_status":"closed","template":"","meta":{"footnotes":""},"acf":[],"yoast_head":"<!-- This site is optimized with the Yoast SEO plugin v22.4 - https:\/\/yoast.com\/wordpress\/plugins\/seo\/ -->\n<title>M\u00e1te ot\u00e1zku o na\u0161ich produktoch? Op\u00fdtajte sa \u2248 IMAGINOX<\/title>\n<meta name=\"description\" content=\"Nap\u00ed\u0161te n\u00e1m a my v\u00e1m \u010do najsk\u00f4r odpovieme. Alebo m\u00f4\u017eete zanecha\u0165 va\u0161e telef\u00f3nne \u010d\u00edslo a my v\u00e1s budeme kontaktova\u0165.\" \/>\n<meta name=\"robots\" content=\"noindex, follow, max-snippet:-1, max-image-preview:large, max-video-preview:-1\" \/>\n<meta property=\"og:locale\" content=\"sk_SK\" \/>\n<meta property=\"og:type\" content=\"article\" \/>\n<meta property=\"og:title\" content=\"M\u00e1te ot\u00e1zku o na\u0161ich produktoch? Op\u00fdtajte sa \u2248 IMAGINOX\" \/>\n<meta property=\"og:description\" content=\"Nap\u00ed\u0161te n\u00e1m a my v\u00e1m \u010do najsk\u00f4r odpovieme. Alebo m\u00f4\u017eete zanecha\u0165 va\u0161e telef\u00f3nne \u010d\u00edslo a my v\u00e1s budeme kontaktova\u0165.\" \/>\n<meta property=\"og:url\" content=\"https:\/\/imaginox-com.boost.codes\/sk\/otazky\/\" \/>\n<meta property=\"og:site_name\" content=\"IMAGINOX\" \/>\n<meta property=\"article:modified_time\" content=\"2022-11-11T12:53:50+00:00\" \/>\n<meta name=\"twitter:card\" content=\"summary_large_image\" \/>\n<script type=\"application\/ld+json\" class=\"yoast-schema-graph\">{\"@context\":\"https:\/\/schema.org\",\"@graph\":[{\"@type\":\"WebPage\",\"@id\":\"https:\/\/imaginox-com.boost.codes\/sk\/otazky\/\",\"url\":\"https:\/\/imaginox-com.boost.codes\/sk\/otazky\/\",\"name\":\"M\u00e1te ot\u00e1zku o na\u0161ich produktoch? Op\u00fdtajte sa \u2248 IMAGINOX\",\"isPartOf\":{\"@id\":\"https:\/\/imaginox-com.boost.codes\/sk\/#website\"},\"datePublished\":\"2022-08-09T22:29:33+00:00\",\"dateModified\":\"2022-11-11T12:53:50+00:00\",\"description\":\"Nap\u00ed\u0161te n\u00e1m a my v\u00e1m \u010do najsk\u00f4r odpovieme. Alebo m\u00f4\u017eete zanecha\u0165 va\u0161e telef\u00f3nne \u010d\u00edslo a my v\u00e1s budeme kontaktova\u0165.\",\"breadcrumb\":{\"@id\":\"https:\/\/imaginox-com.boost.codes\/sk\/otazky\/#breadcrumb\"},\"inLanguage\":\"sk-SK\",\"potentialAction\":[{\"@type\":\"ReadAction\",\"target\":[\"https:\/\/imaginox-com.boost.codes\/sk\/otazky\/\"]}]},{\"@type\":\"BreadcrumbList\",\"@id\":\"https:\/\/imaginox-com.boost.codes\/sk\/otazky\/#breadcrumb\",\"itemListElement\":[{\"@type\":\"ListItem\",\"position\":1,\"name\":\"Home\",\"item\":\"https:\/\/imaginox-com.boost.codes\/sk\/\"},{\"@type\":\"ListItem\",\"position\":2,\"name\":\"Ot\u00e1zky\"}]},{\"@type\":\"WebSite\",\"@id\":\"https:\/\/imaginox-com.boost.codes\/sk\/#website\",\"url\":\"https:\/\/imaginox-com.boost.codes\/sk\/\",\"name\":\"IMAGINOX\",\"description\":\"Nerezov\u00e9 baz\u00e9ny, v\u00edrivky a dal\u0161ie\",\"publisher\":{\"@id\":\"https:\/\/imaginox-com.boost.codes\/sk\/#organization\"},\"potentialAction\":[{\"@type\":\"SearchAction\",\"target\":{\"@type\":\"EntryPoint\",\"urlTemplate\":\"https:\/\/imaginox-com.boost.codes\/sk\/?s={search_term_string}\"},\"query-input\":\"required name=search_term_string\"}],\"inLanguage\":\"sk-SK\"},{\"@type\":\"Organization\",\"@id\":\"https:\/\/imaginox-com.boost.codes\/sk\/#organization\",\"name\":\"IMAGINOX s.r.o.\",\"url\":\"https:\/\/imaginox-com.boost.codes\/sk\/\",\"logo\":{\"@type\":\"ImageObject\",\"inLanguage\":\"sk-SK\",\"@id\":\"https:\/\/imaginox-com.boost.codes\/sk\/#\/schema\/logo\/image\/\",\"url\":\"https:\/\/imaginox-com.boost.codes\/wp-content\/uploads\/2021\/04\/imaginox-header-logo.png\",\"contentUrl\":\"https:\/\/imaginox-com.boost.codes\/wp-content\/uploads\/2021\/04\/imaginox-header-logo.png\",\"width\":622,\"height\":88,\"caption\":\"IMAGINOX s.r.o.\"},\"image\":{\"@id\":\"https:\/\/imaginox-com.boost.codes\/sk\/#\/schema\/logo\/image\/\"}}]}<\/script>\n<!-- \/ Yoast SEO plugin. -->","yoast_head_json":{"title":"M\u00e1te ot\u00e1zku o na\u0161ich produktoch? Op\u00fdtajte sa \u2248 IMAGINOX","description":"Nap\u00ed\u0161te n\u00e1m a my v\u00e1m \u010do najsk\u00f4r odpovieme. Alebo m\u00f4\u017eete zanecha\u0165 va\u0161e telef\u00f3nne \u010d\u00edslo a my v\u00e1s budeme kontaktova\u0165.","robots":{"index":"noindex","follow":"follow","max-snippet":"max-snippet:-1","max-image-preview":"max-image-preview:large","max-video-preview":"max-video-preview:-1"},"og_locale":"sk_SK","og_type":"article","og_title":"M\u00e1te ot\u00e1zku o na\u0161ich produktoch? Op\u00fdtajte sa \u2248 IMAGINOX","og_description":"Nap\u00ed\u0161te n\u00e1m a my v\u00e1m \u010do najsk\u00f4r odpovieme. Alebo m\u00f4\u017eete zanecha\u0165 va\u0161e telef\u00f3nne \u010d\u00edslo a my v\u00e1s budeme kontaktova\u0165.","og_url":"https:\/\/imaginox-com.boost.codes\/sk\/otazky\/","og_site_name":"IMAGINOX","article_modified_time":"2022-11-11T12:53:50+00:00","twitter_card":"summary_large_image","schema":{"@context":"https:\/\/schema.org","@graph":[{"@type":"WebPage","@id":"https:\/\/imaginox-com.boost.codes\/sk\/otazky\/","url":"https:\/\/imaginox-com.boost.codes\/sk\/otazky\/","name":"M\u00e1te ot\u00e1zku o na\u0161ich produktoch? Op\u00fdtajte sa \u2248 IMAGINOX","isPartOf":{"@id":"https:\/\/imaginox-com.boost.codes\/sk\/#website"},"datePublished":"2022-08-09T22:29:33+00:00","dateModified":"2022-11-11T12:53:50+00:00","description":"Nap\u00ed\u0161te n\u00e1m a my v\u00e1m \u010do najsk\u00f4r odpovieme. Alebo m\u00f4\u017eete zanecha\u0165 va\u0161e telef\u00f3nne \u010d\u00edslo a my v\u00e1s budeme kontaktova\u0165.","breadcrumb":{"@id":"https:\/\/imaginox-com.boost.codes\/sk\/otazky\/#breadcrumb"},"inLanguage":"sk-SK","potentialAction":[{"@type":"ReadAction","target":["https:\/\/imaginox-com.boost.codes\/sk\/otazky\/"]}]},{"@type":"BreadcrumbList","@id":"https:\/\/imaginox-com.boost.codes\/sk\/otazky\/#breadcrumb","itemListElement":[{"@type":"ListItem","position":1,"name":"Home","item":"https:\/\/imaginox-com.boost.codes\/sk\/"},{"@type":"ListItem","position":2,"name":"Ot\u00e1zky"}]},{"@type":"WebSite","@id":"https:\/\/imaginox-com.boost.codes\/sk\/#website","url":"https:\/\/imaginox-com.boost.codes\/sk\/","name":"IMAGINOX","description":"Nerezov\u00e9 baz\u00e9ny, v\u00edrivky a dal\u0161ie","publisher":{"@id":"https:\/\/imaginox-com.boost.codes\/sk\/#organization"},"potentialAction":[{"@type":"SearchAction","target":{"@type":"EntryPoint","urlTemplate":"https:\/\/imaginox-com.boost.codes\/sk\/?s={search_term_string}"},"query-input":"required name=search_term_string"}],"inLanguage":"sk-SK"},{"@type":"Organization","@id":"https:\/\/imaginox-com.boost.codes\/sk\/#organization","name":"IMAGINOX s.r.o.","url":"https:\/\/imaginox-com.boost.codes\/sk\/","logo":{"@type":"ImageObject","inLanguage":"sk-SK","@id":"https:\/\/imaginox-com.boost.codes\/sk\/#\/schema\/logo\/image\/","url":"https:\/\/imaginox-com.boost.codes\/wp-content\/uploads\/2021\/04\/imaginox-header-logo.png","contentUrl":"https:\/\/imaginox-com.boost.codes\/wp-content\/uploads\/2021\/04\/imaginox-header-logo.png","width":622,"height":88,"caption":"IMAGINOX s.r.o."},"image":{"@id":"https:\/\/imaginox-com.boost.codes\/sk\/#\/schema\/logo\/image\/"}}]}},"_links":{"self":[{"href":"https:\/\/imaginox-com.boost.codes\/sk\/wp-json\/wp\/v2\/pages\/6973"}],"collection":[{"href":"https:\/\/imaginox-com.boost.codes\/sk\/wp-json\/wp\/v2\/pages"}],"about":[{"href":"https:\/\/imaginox-com.boost.codes\/sk\/wp-json\/wp\/v2\/types\/page"}],"author":[{"embeddable":true,"href":"https:\/\/imaginox-com.boost.codes\/sk\/wp-json\/wp\/v2\/users\/1"}],"replies":[{"embeddable":true,"href":"https:\/\/imaginox-com.boost.codes\/sk\/wp-json\/wp\/v2\/comments?post=6973"}],"version-history":[{"count":1,"href":"https:\/\/imaginox-com.boost.codes\/sk\/wp-json\/wp\/v2\/pages\/6973\/revisions"}],"predecessor-version":[{"id":7101,"href":"https:\/\/imaginox-com.boost.codes\/sk\/wp-json\/wp\/v2\/pages\/6973\/revisions\/7101"}],"wp:attachment":[{"href":"https:\/\/imaginox-com.boost.codes\/sk\/wp-json\/wp\/v2\/media?parent=6973"}],"curies":[{"name":"wp","href":"https:\/\/api.w.org\/{rel}","templated":true}]}}