{"id":6957,"date":"2022-08-09T23:44:01","date_gmt":"2022-08-09T21:44:01","guid":{"rendered":"https:\/\/imaginox.eu\/o-nas\/vyrobne-procesy\/"},"modified":"2024-02-26T17:27:24","modified_gmt":"2024-02-26T15:27:24","slug":"planovanie-projektov","status":"publish","type":"page","link":"https:\/\/imaginox-com.boost.codes\/sk\/planovanie-projektov\/","title":{"rendered":"V\u00fdrobn\u00e9 procesy"},"content":{"rendered":"","protected":false},"excerpt":{"rendered":"","protected":false},"author":1,"featured_media":0,"parent":0,"menu_order":0,"comment_status":"closed","ping_status":"closed","template":"about-project-solution.php","meta":{"footnotes":""},"acf":[],"yoast_head":"<!-- This site is optimized with the Yoast SEO plugin v22.4 - https:\/\/yoast.com\/wordpress\/plugins\/seo\/ -->\n<title>Pl\u00e1novanie wellness projektov \u2248 IMAGINOX<\/title>\n<meta name=\"description\" content=\"Objavte na\u0161e procesy v\u00fdroby baz\u00e9nov! Z\u00edskajte inform\u00e1cie o na\u0161om dizajne a v\u00fdvoji, v\u00fdrobe a in\u0161tal\u00e1cii, technol\u00f3gii a inov\u00e1ci\u00e1ch.\" \/>\n<meta name=\"robots\" content=\"noindex, follow, max-snippet:-1, max-image-preview:large, max-video-preview:-1\" \/>\n<meta property=\"og:locale\" content=\"sk_SK\" \/>\n<meta property=\"og:type\" content=\"article\" \/>\n<meta property=\"og:title\" content=\"Pl\u00e1novanie wellness projektov \u2248 IMAGINOX\" \/>\n<meta property=\"og:description\" content=\"Objavte na\u0161e procesy v\u00fdroby baz\u00e9nov! Z\u00edskajte inform\u00e1cie o na\u0161om dizajne a v\u00fdvoji, v\u00fdrobe a in\u0161tal\u00e1cii, technol\u00f3gii a inov\u00e1ci\u00e1ch.\" \/>\n<meta property=\"og:url\" content=\"https:\/\/imaginox-com.boost.codes\/sk\/planovanie-projektov\/\" \/>\n<meta property=\"og:site_name\" content=\"IMAGINOX\" \/>\n<meta property=\"article:modified_time\" content=\"2024-02-26T15:27:24+00:00\" \/>\n<meta name=\"twitter:card\" content=\"summary_large_image\" \/>\n<script type=\"application\/ld+json\" class=\"yoast-schema-graph\">{\"@context\":\"https:\/\/schema.org\",\"@graph\":[{\"@type\":\"WebPage\",\"@id\":\"https:\/\/imaginox-com.boost.codes\/sk\/planovanie-projektov\/\",\"url\":\"https:\/\/imaginox-com.boost.codes\/sk\/planovanie-projektov\/\",\"name\":\"Pl\u00e1novanie wellness projektov \u2248 IMAGINOX\",\"isPartOf\":{\"@id\":\"https:\/\/imaginox-com.boost.codes\/sk\/#website\"},\"datePublished\":\"2022-08-09T21:44:01+00:00\",\"dateModified\":\"2024-02-26T15:27:24+00:00\",\"description\":\"Objavte na\u0161e procesy v\u00fdroby baz\u00e9nov! Z\u00edskajte inform\u00e1cie o na\u0161om dizajne a v\u00fdvoji, v\u00fdrobe a in\u0161tal\u00e1cii, technol\u00f3gii a inov\u00e1ci\u00e1ch.\",\"breadcrumb\":{\"@id\":\"https:\/\/imaginox-com.boost.codes\/sk\/planovanie-projektov\/#breadcrumb\"},\"inLanguage\":\"sk-SK\",\"potentialAction\":[{\"@type\":\"ReadAction\",\"target\":[\"https:\/\/imaginox-com.boost.codes\/sk\/planovanie-projektov\/\"]}]},{\"@type\":\"BreadcrumbList\",\"@id\":\"https:\/\/imaginox-com.boost.codes\/sk\/planovanie-projektov\/#breadcrumb\",\"itemListElement\":[{\"@type\":\"ListItem\",\"position\":1,\"name\":\"Home\",\"item\":\"https:\/\/imaginox-com.boost.codes\/sk\/\"},{\"@type\":\"ListItem\",\"position\":2,\"name\":\"V\u00fdrobn\u00e9 procesy\"}]},{\"@type\":\"WebSite\",\"@id\":\"https:\/\/imaginox-com.boost.codes\/sk\/#website\",\"url\":\"https:\/\/imaginox-com.boost.codes\/sk\/\",\"name\":\"IMAGINOX\",\"description\":\"Nerezov\u00e9 baz\u00e9ny, v\u00edrivky a dal\u0161ie\",\"publisher\":{\"@id\":\"https:\/\/imaginox-com.boost.codes\/sk\/#organization\"},\"potentialAction\":[{\"@type\":\"SearchAction\",\"target\":{\"@type\":\"EntryPoint\",\"urlTemplate\":\"https:\/\/imaginox-com.boost.codes\/sk\/?s={search_term_string}\"},\"query-input\":\"required name=search_term_string\"}],\"inLanguage\":\"sk-SK\"},{\"@type\":\"Organization\",\"@id\":\"https:\/\/imaginox-com.boost.codes\/sk\/#organization\",\"name\":\"IMAGINOX s.r.o.\",\"url\":\"https:\/\/imaginox-com.boost.codes\/sk\/\",\"logo\":{\"@type\":\"ImageObject\",\"inLanguage\":\"sk-SK\",\"@id\":\"https:\/\/imaginox-com.boost.codes\/sk\/#\/schema\/logo\/image\/\",\"url\":\"https:\/\/imaginox-com.boost.codes\/wp-content\/uploads\/2021\/04\/imaginox-header-logo.png\",\"contentUrl\":\"https:\/\/imaginox-com.boost.codes\/wp-content\/uploads\/2021\/04\/imaginox-header-logo.png\",\"width\":622,\"height\":88,\"caption\":\"IMAGINOX s.r.o.\"},\"image\":{\"@id\":\"https:\/\/imaginox-com.boost.codes\/sk\/#\/schema\/logo\/image\/\"}}]}<\/script>\n<!-- \/ Yoast SEO plugin. -->","yoast_head_json":{"title":"Pl\u00e1novanie wellness projektov \u2248 IMAGINOX","description":"Objavte na\u0161e procesy v\u00fdroby baz\u00e9nov! Z\u00edskajte inform\u00e1cie o na\u0161om dizajne a v\u00fdvoji, v\u00fdrobe a in\u0161tal\u00e1cii, technol\u00f3gii a inov\u00e1ci\u00e1ch.","robots":{"index":"noindex","follow":"follow","max-snippet":"max-snippet:-1","max-image-preview":"max-image-preview:large","max-video-preview":"max-video-preview:-1"},"og_locale":"sk_SK","og_type":"article","og_title":"Pl\u00e1novanie wellness projektov \u2248 IMAGINOX","og_description":"Objavte na\u0161e procesy v\u00fdroby baz\u00e9nov! Z\u00edskajte inform\u00e1cie o na\u0161om dizajne a v\u00fdvoji, v\u00fdrobe a in\u0161tal\u00e1cii, technol\u00f3gii a inov\u00e1ci\u00e1ch.","og_url":"https:\/\/imaginox-com.boost.codes\/sk\/planovanie-projektov\/","og_site_name":"IMAGINOX","article_modified_time":"2024-02-26T15:27:24+00:00","twitter_card":"summary_large_image","schema":{"@context":"https:\/\/schema.org","@graph":[{"@type":"WebPage","@id":"https:\/\/imaginox-com.boost.codes\/sk\/planovanie-projektov\/","url":"https:\/\/imaginox-com.boost.codes\/sk\/planovanie-projektov\/","name":"Pl\u00e1novanie wellness projektov \u2248 IMAGINOX","isPartOf":{"@id":"https:\/\/imaginox-com.boost.codes\/sk\/#website"},"datePublished":"2022-08-09T21:44:01+00:00","dateModified":"2024-02-26T15:27:24+00:00","description":"Objavte na\u0161e procesy v\u00fdroby baz\u00e9nov! Z\u00edskajte inform\u00e1cie o na\u0161om dizajne a v\u00fdvoji, v\u00fdrobe a in\u0161tal\u00e1cii, technol\u00f3gii a inov\u00e1ci\u00e1ch.","breadcrumb":{"@id":"https:\/\/imaginox-com.boost.codes\/sk\/planovanie-projektov\/#breadcrumb"},"inLanguage":"sk-SK","potentialAction":[{"@type":"ReadAction","target":["https:\/\/imaginox-com.boost.codes\/sk\/planovanie-projektov\/"]}]},{"@type":"BreadcrumbList","@id":"https:\/\/imaginox-com.boost.codes\/sk\/planovanie-projektov\/#breadcrumb","itemListElement":[{"@type":"ListItem","position":1,"name":"Home","item":"https:\/\/imaginox-com.boost.codes\/sk\/"},{"@type":"ListItem","position":2,"name":"V\u00fdrobn\u00e9 procesy"}]},{"@type":"WebSite","@id":"https:\/\/imaginox-com.boost.codes\/sk\/#website","url":"https:\/\/imaginox-com.boost.codes\/sk\/","name":"IMAGINOX","description":"Nerezov\u00e9 baz\u00e9ny, v\u00edrivky a dal\u0161ie","publisher":{"@id":"https:\/\/imaginox-com.boost.codes\/sk\/#organization"},"potentialAction":[{"@type":"SearchAction","target":{"@type":"EntryPoint","urlTemplate":"https:\/\/imaginox-com.boost.codes\/sk\/?s={search_term_string}"},"query-input":"required name=search_term_string"}],"inLanguage":"sk-SK"},{"@type":"Organization","@id":"https:\/\/imaginox-com.boost.codes\/sk\/#organization","name":"IMAGINOX s.r.o.","url":"https:\/\/imaginox-com.boost.codes\/sk\/","logo":{"@type":"ImageObject","inLanguage":"sk-SK","@id":"https:\/\/imaginox-com.boost.codes\/sk\/#\/schema\/logo\/image\/","url":"https:\/\/imaginox-com.boost.codes\/wp-content\/uploads\/2021\/04\/imaginox-header-logo.png","contentUrl":"https:\/\/imaginox-com.boost.codes\/wp-content\/uploads\/2021\/04\/imaginox-header-logo.png","width":622,"height":88,"caption":"IMAGINOX s.r.o."},"image":{"@id":"https:\/\/imaginox-com.boost.codes\/sk\/#\/schema\/logo\/image\/"}}]}},"_links":{"self":[{"href":"https:\/\/imaginox-com.boost.codes\/sk\/wp-json\/wp\/v2\/pages\/6957"}],"collection":[{"href":"https:\/\/imaginox-com.boost.codes\/sk\/wp-json\/wp\/v2\/pages"}],"about":[{"href":"https:\/\/imaginox-com.boost.codes\/sk\/wp-json\/wp\/v2\/types\/page"}],"author":[{"embeddable":true,"href":"https:\/\/imaginox-com.boost.codes\/sk\/wp-json\/wp\/v2\/users\/1"}],"replies":[{"embeddable":true,"href":"https:\/\/imaginox-com.boost.codes\/sk\/wp-json\/wp\/v2\/comments?post=6957"}],"version-history":[{"count":1,"href":"https:\/\/imaginox-com.boost.codes\/sk\/wp-json\/wp\/v2\/pages\/6957\/revisions"}],"predecessor-version":[{"id":8204,"href":"https:\/\/imaginox-com.boost.codes\/sk\/wp-json\/wp\/v2\/pages\/6957\/revisions\/8204"}],"wp:attachment":[{"href":"https:\/\/imaginox-com.boost.codes\/sk\/wp-json\/wp\/v2\/media?parent=6957"}],"curies":[{"name":"wp","href":"https:\/\/api.w.org\/{rel}","templated":true}]}}