{"id":6597,"date":"2020-06-24T09:22:29","date_gmt":"2020-06-24T09:22:29","guid":{"rendered":"https:\/\/imaginox.eu\/whirlpools\/standard-whirlpools\/"},"modified":"2024-03-07T16:39:10","modified_gmt":"2024-03-07T14:39:10","slug":"kompaktne-virivky","status":"publish","type":"page","link":"https:\/\/imaginox-com.boost.codes\/sk\/bazeny\/produkty\/kompaktne-virivky\/","title":{"rendered":"Nerezov\u00e9 wellness produkty"},"content":{"rendered":"","protected":false},"excerpt":{"rendered":"","protected":false},"author":1,"featured_media":0,"parent":11017,"menu_order":0,"comment_status":"closed","ping_status":"closed","template":"wellness.php","meta":{"footnotes":""},"acf":[],"yoast_head":"<!-- This site is optimized with the Yoast SEO plugin v22.4 - https:\/\/yoast.com\/wordpress\/plugins\/seo\/ -->\n<title>Nerezov\u00e9 wellness produkty \u2248 IMAGINOX<\/title>\n<meta name=\"description\" content=\"Na\u0161e nerezov\u00e9 v\u00edrivky IMAGINOX sa vyr\u00e1baj\u00fa aj v prelivnej forme a pon\u00fakaj\u00fa tak luxusn\u00fa alternat\u00edvu k akryl\u00e1tov\u00fdm vaniam.\" \/>\n<meta name=\"robots\" content=\"noindex, follow, max-snippet:-1, max-image-preview:large, max-video-preview:-1\" \/>\n<meta property=\"og:locale\" content=\"sk_SK\" \/>\n<meta property=\"og:type\" content=\"article\" \/>\n<meta property=\"og:title\" content=\"Nerezov\u00e9 wellness produkty \u2248 IMAGINOX\" \/>\n<meta property=\"og:description\" content=\"Na\u0161e nerezov\u00e9 v\u00edrivky IMAGINOX sa vyr\u00e1baj\u00fa aj v prelivnej forme a pon\u00fakaj\u00fa tak luxusn\u00fa alternat\u00edvu k akryl\u00e1tov\u00fdm vaniam.\" \/>\n<meta property=\"og:url\" content=\"https:\/\/imaginox-com.boost.codes\/sk\/bazeny\/produkty\/kompaktne-virivky\/\" \/>\n<meta property=\"og:site_name\" content=\"IMAGINOX\" \/>\n<meta property=\"article:modified_time\" content=\"2024-03-07T14:39:10+00:00\" \/>\n<meta name=\"twitter:card\" content=\"summary_large_image\" \/>\n<script type=\"application\/ld+json\" class=\"yoast-schema-graph\">{\"@context\":\"https:\/\/schema.org\",\"@graph\":[{\"@type\":\"WebPage\",\"@id\":\"https:\/\/imaginox-com.boost.codes\/sk\/bazeny\/produkty\/kompaktne-virivky\/\",\"url\":\"https:\/\/imaginox-com.boost.codes\/sk\/bazeny\/produkty\/kompaktne-virivky\/\",\"name\":\"Nerezov\u00e9 wellness produkty \u2248 IMAGINOX\",\"isPartOf\":{\"@id\":\"https:\/\/imaginox-com.boost.codes\/sk\/#website\"},\"datePublished\":\"2020-06-24T09:22:29+00:00\",\"dateModified\":\"2024-03-07T14:39:10+00:00\",\"description\":\"Na\u0161e nerezov\u00e9 v\u00edrivky IMAGINOX sa vyr\u00e1baj\u00fa aj v prelivnej forme a pon\u00fakaj\u00fa tak luxusn\u00fa alternat\u00edvu k akryl\u00e1tov\u00fdm vaniam.\",\"breadcrumb\":{\"@id\":\"https:\/\/imaginox-com.boost.codes\/sk\/bazeny\/produkty\/kompaktne-virivky\/#breadcrumb\"},\"inLanguage\":\"sk-SK\",\"potentialAction\":[{\"@type\":\"ReadAction\",\"target\":[\"https:\/\/imaginox-com.boost.codes\/sk\/bazeny\/produkty\/kompaktne-virivky\/\"]}]},{\"@type\":\"BreadcrumbList\",\"@id\":\"https:\/\/imaginox-com.boost.codes\/sk\/bazeny\/produkty\/kompaktne-virivky\/#breadcrumb\",\"itemListElement\":[{\"@type\":\"ListItem\",\"position\":1,\"name\":\"Home\",\"item\":\"https:\/\/imaginox-com.boost.codes\/sk\/\"},{\"@type\":\"ListItem\",\"position\":2,\"name\":\"Imaginox Pools\",\"item\":\"https:\/\/imaginox-com.boost.codes\/sk\/bazeny\/\"},{\"@type\":\"ListItem\",\"position\":3,\"name\":\"Produkty\",\"item\":\"https:\/\/imaginox-com.boost.codes\/sk\/bazeny\/produkty\/\"},{\"@type\":\"ListItem\",\"position\":4,\"name\":\"Nerezov\u00e9 wellness produkty\"}]},{\"@type\":\"WebSite\",\"@id\":\"https:\/\/imaginox-com.boost.codes\/sk\/#website\",\"url\":\"https:\/\/imaginox-com.boost.codes\/sk\/\",\"name\":\"IMAGINOX\",\"description\":\"Nerezov\u00e9 baz\u00e9ny, v\u00edrivky a dal\u0161ie\",\"publisher\":{\"@id\":\"https:\/\/imaginox-com.boost.codes\/sk\/#organization\"},\"potentialAction\":[{\"@type\":\"SearchAction\",\"target\":{\"@type\":\"EntryPoint\",\"urlTemplate\":\"https:\/\/imaginox-com.boost.codes\/sk\/?s={search_term_string}\"},\"query-input\":\"required name=search_term_string\"}],\"inLanguage\":\"sk-SK\"},{\"@type\":\"Organization\",\"@id\":\"https:\/\/imaginox-com.boost.codes\/sk\/#organization\",\"name\":\"IMAGINOX s.r.o.\",\"url\":\"https:\/\/imaginox-com.boost.codes\/sk\/\",\"logo\":{\"@type\":\"ImageObject\",\"inLanguage\":\"sk-SK\",\"@id\":\"https:\/\/imaginox-com.boost.codes\/sk\/#\/schema\/logo\/image\/\",\"url\":\"https:\/\/imaginox-com.boost.codes\/wp-content\/uploads\/2021\/04\/imaginox-header-logo.png\",\"contentUrl\":\"https:\/\/imaginox-com.boost.codes\/wp-content\/uploads\/2021\/04\/imaginox-header-logo.png\",\"width\":622,\"height\":88,\"caption\":\"IMAGINOX s.r.o.\"},\"image\":{\"@id\":\"https:\/\/imaginox-com.boost.codes\/sk\/#\/schema\/logo\/image\/\"}}]}<\/script>\n<!-- \/ Yoast SEO plugin. -->","yoast_head_json":{"title":"Nerezov\u00e9 wellness produkty \u2248 IMAGINOX","description":"Na\u0161e nerezov\u00e9 v\u00edrivky IMAGINOX sa vyr\u00e1baj\u00fa aj v prelivnej forme a pon\u00fakaj\u00fa tak luxusn\u00fa alternat\u00edvu k akryl\u00e1tov\u00fdm vaniam.","robots":{"index":"noindex","follow":"follow","max-snippet":"max-snippet:-1","max-image-preview":"max-image-preview:large","max-video-preview":"max-video-preview:-1"},"og_locale":"sk_SK","og_type":"article","og_title":"Nerezov\u00e9 wellness produkty \u2248 IMAGINOX","og_description":"Na\u0161e nerezov\u00e9 v\u00edrivky IMAGINOX sa vyr\u00e1baj\u00fa aj v prelivnej forme a pon\u00fakaj\u00fa tak luxusn\u00fa alternat\u00edvu k akryl\u00e1tov\u00fdm vaniam.","og_url":"https:\/\/imaginox-com.boost.codes\/sk\/bazeny\/produkty\/kompaktne-virivky\/","og_site_name":"IMAGINOX","article_modified_time":"2024-03-07T14:39:10+00:00","twitter_card":"summary_large_image","schema":{"@context":"https:\/\/schema.org","@graph":[{"@type":"WebPage","@id":"https:\/\/imaginox-com.boost.codes\/sk\/bazeny\/produkty\/kompaktne-virivky\/","url":"https:\/\/imaginox-com.boost.codes\/sk\/bazeny\/produkty\/kompaktne-virivky\/","name":"Nerezov\u00e9 wellness produkty \u2248 IMAGINOX","isPartOf":{"@id":"https:\/\/imaginox-com.boost.codes\/sk\/#website"},"datePublished":"2020-06-24T09:22:29+00:00","dateModified":"2024-03-07T14:39:10+00:00","description":"Na\u0161e nerezov\u00e9 v\u00edrivky IMAGINOX sa vyr\u00e1baj\u00fa aj v prelivnej forme a pon\u00fakaj\u00fa tak luxusn\u00fa alternat\u00edvu k akryl\u00e1tov\u00fdm vaniam.","breadcrumb":{"@id":"https:\/\/imaginox-com.boost.codes\/sk\/bazeny\/produkty\/kompaktne-virivky\/#breadcrumb"},"inLanguage":"sk-SK","potentialAction":[{"@type":"ReadAction","target":["https:\/\/imaginox-com.boost.codes\/sk\/bazeny\/produkty\/kompaktne-virivky\/"]}]},{"@type":"BreadcrumbList","@id":"https:\/\/imaginox-com.boost.codes\/sk\/bazeny\/produkty\/kompaktne-virivky\/#breadcrumb","itemListElement":[{"@type":"ListItem","position":1,"name":"Home","item":"https:\/\/imaginox-com.boost.codes\/sk\/"},{"@type":"ListItem","position":2,"name":"Imaginox Pools","item":"https:\/\/imaginox-com.boost.codes\/sk\/bazeny\/"},{"@type":"ListItem","position":3,"name":"Produkty","item":"https:\/\/imaginox-com.boost.codes\/sk\/bazeny\/produkty\/"},{"@type":"ListItem","position":4,"name":"Nerezov\u00e9 wellness produkty"}]},{"@type":"WebSite","@id":"https:\/\/imaginox-com.boost.codes\/sk\/#website","url":"https:\/\/imaginox-com.boost.codes\/sk\/","name":"IMAGINOX","description":"Nerezov\u00e9 baz\u00e9ny, v\u00edrivky a dal\u0161ie","publisher":{"@id":"https:\/\/imaginox-com.boost.codes\/sk\/#organization"},"potentialAction":[{"@type":"SearchAction","target":{"@type":"EntryPoint","urlTemplate":"https:\/\/imaginox-com.boost.codes\/sk\/?s={search_term_string}"},"query-input":"required name=search_term_string"}],"inLanguage":"sk-SK"},{"@type":"Organization","@id":"https:\/\/imaginox-com.boost.codes\/sk\/#organization","name":"IMAGINOX s.r.o.","url":"https:\/\/imaginox-com.boost.codes\/sk\/","logo":{"@type":"ImageObject","inLanguage":"sk-SK","@id":"https:\/\/imaginox-com.boost.codes\/sk\/#\/schema\/logo\/image\/","url":"https:\/\/imaginox-com.boost.codes\/wp-content\/uploads\/2021\/04\/imaginox-header-logo.png","contentUrl":"https:\/\/imaginox-com.boost.codes\/wp-content\/uploads\/2021\/04\/imaginox-header-logo.png","width":622,"height":88,"caption":"IMAGINOX s.r.o."},"image":{"@id":"https:\/\/imaginox-com.boost.codes\/sk\/#\/schema\/logo\/image\/"}}]}},"_links":{"self":[{"href":"https:\/\/imaginox-com.boost.codes\/sk\/wp-json\/wp\/v2\/pages\/6597"}],"collection":[{"href":"https:\/\/imaginox-com.boost.codes\/sk\/wp-json\/wp\/v2\/pages"}],"about":[{"href":"https:\/\/imaginox-com.boost.codes\/sk\/wp-json\/wp\/v2\/types\/page"}],"author":[{"embeddable":true,"href":"https:\/\/imaginox-com.boost.codes\/sk\/wp-json\/wp\/v2\/users\/1"}],"replies":[{"embeddable":true,"href":"https:\/\/imaginox-com.boost.codes\/sk\/wp-json\/wp\/v2\/comments?post=6597"}],"version-history":[{"count":2,"href":"https:\/\/imaginox-com.boost.codes\/sk\/wp-json\/wp\/v2\/pages\/6597\/revisions"}],"predecessor-version":[{"id":11086,"href":"https:\/\/imaginox-com.boost.codes\/sk\/wp-json\/wp\/v2\/pages\/6597\/revisions\/11086"}],"up":[{"embeddable":true,"href":"https:\/\/imaginox-com.boost.codes\/sk\/wp-json\/wp\/v2\/pages\/11017"}],"wp:attachment":[{"href":"https:\/\/imaginox-com.boost.codes\/sk\/wp-json\/wp\/v2\/media?parent=6597"}],"curies":[{"name":"wp","href":"https:\/\/api.w.org\/{rel}","templated":true}]}}