{"id":6583,"date":"2020-06-18T13:47:01","date_gmt":"2020-06-18T11:47:01","guid":{"rendered":"https:\/\/imaginox.eu\/skimmer-pools\/standard-pools\/"},"modified":"2022-11-11T15:14:57","modified_gmt":"2022-11-11T13:14:57","slug":"typizovane-bazeny","status":"publish","type":"page","link":"https:\/\/imaginox-com.boost.codes\/sk\/bazeny\/produkty\/skimmerove-bazeny\/typizovane-bazeny\/","title":{"rendered":"Typizovan\u00e9 baz\u00e9ny"},"content":{"rendered":"","protected":false},"excerpt":{"rendered":"","protected":false},"author":1,"featured_media":0,"parent":10998,"menu_order":0,"comment_status":"closed","ping_status":"closed","template":"products-skimmer-pools-standard.php","meta":{"footnotes":""},"acf":[],"yoast_head":"<!-- This site is optimized with the Yoast SEO plugin v22.4 - https:\/\/yoast.com\/wordpress\/plugins\/seo\/ -->\n<title>Typizovan\u00e9 skimmerov\u00e9 baz\u00e9ny \u2248 IMAGINOX<\/title>\n<meta name=\"description\" content=\"V\u0161etky typizovan\u00e9 skimmerov\u00e9 baz\u00e9ny Imaginox sa dod\u00e1vaj\u00fa s cel\u00fdm radom mo\u017enost\u00ed a doplnkov\u00e9ho vybavenia.\" \/>\n<meta name=\"robots\" content=\"noindex, follow, max-snippet:-1, max-image-preview:large, max-video-preview:-1\" \/>\n<meta property=\"og:locale\" content=\"sk_SK\" \/>\n<meta property=\"og:type\" content=\"article\" \/>\n<meta property=\"og:title\" content=\"Typizovan\u00e9 skimmerov\u00e9 baz\u00e9ny \u2248 IMAGINOX\" \/>\n<meta property=\"og:description\" content=\"V\u0161etky typizovan\u00e9 skimmerov\u00e9 baz\u00e9ny Imaginox sa dod\u00e1vaj\u00fa s cel\u00fdm radom mo\u017enost\u00ed a doplnkov\u00e9ho vybavenia.\" \/>\n<meta property=\"og:url\" content=\"https:\/\/imaginox-com.boost.codes\/sk\/bazeny\/produkty\/skimmerove-bazeny\/typizovane-bazeny\/\" \/>\n<meta property=\"og:site_name\" content=\"IMAGINOX\" \/>\n<meta property=\"article:modified_time\" content=\"2022-11-11T13:14:57+00:00\" \/>\n<meta name=\"twitter:card\" content=\"summary_large_image\" \/>\n<script type=\"application\/ld+json\" class=\"yoast-schema-graph\">{\"@context\":\"https:\/\/schema.org\",\"@graph\":[{\"@type\":\"WebPage\",\"@id\":\"https:\/\/imaginox-com.boost.codes\/sk\/bazeny\/produkty\/skimmerove-bazeny\/typizovane-bazeny\/\",\"url\":\"https:\/\/imaginox-com.boost.codes\/sk\/bazeny\/produkty\/skimmerove-bazeny\/typizovane-bazeny\/\",\"name\":\"Typizovan\u00e9 skimmerov\u00e9 baz\u00e9ny \u2248 IMAGINOX\",\"isPartOf\":{\"@id\":\"https:\/\/imaginox-com.boost.codes\/sk\/#website\"},\"datePublished\":\"2020-06-18T11:47:01+00:00\",\"dateModified\":\"2022-11-11T13:14:57+00:00\",\"description\":\"V\u0161etky typizovan\u00e9 skimmerov\u00e9 baz\u00e9ny Imaginox sa dod\u00e1vaj\u00fa s cel\u00fdm radom mo\u017enost\u00ed a doplnkov\u00e9ho vybavenia.\",\"breadcrumb\":{\"@id\":\"https:\/\/imaginox-com.boost.codes\/sk\/bazeny\/produkty\/skimmerove-bazeny\/typizovane-bazeny\/#breadcrumb\"},\"inLanguage\":\"sk-SK\",\"potentialAction\":[{\"@type\":\"ReadAction\",\"target\":[\"https:\/\/imaginox-com.boost.codes\/sk\/bazeny\/produkty\/skimmerove-bazeny\/typizovane-bazeny\/\"]}]},{\"@type\":\"BreadcrumbList\",\"@id\":\"https:\/\/imaginox-com.boost.codes\/sk\/bazeny\/produkty\/skimmerove-bazeny\/typizovane-bazeny\/#breadcrumb\",\"itemListElement\":[{\"@type\":\"ListItem\",\"position\":1,\"name\":\"Home\",\"item\":\"https:\/\/imaginox-com.boost.codes\/sk\/\"},{\"@type\":\"ListItem\",\"position\":2,\"name\":\"V\u00fdrobky\",\"item\":\"https:\/\/imaginox-com.boost.codes\/sk\/vyrobky\/\"},{\"@type\":\"ListItem\",\"position\":3,\"name\":\"Baz\u00e9ny a v\u00edrivky z nerezu\",\"item\":\"https:\/\/imaginox-com.boost.codes\/sk\/vyrobky\/bazeny-a-virivky-z-nerezu\/\"},{\"@type\":\"ListItem\",\"position\":4,\"name\":\"Typizovan\u00e9 baz\u00e9ny\"}]},{\"@type\":\"WebSite\",\"@id\":\"https:\/\/imaginox-com.boost.codes\/sk\/#website\",\"url\":\"https:\/\/imaginox-com.boost.codes\/sk\/\",\"name\":\"IMAGINOX\",\"description\":\"Nerezov\u00e9 baz\u00e9ny, v\u00edrivky a dal\u0161ie\",\"publisher\":{\"@id\":\"https:\/\/imaginox-com.boost.codes\/sk\/#organization\"},\"potentialAction\":[{\"@type\":\"SearchAction\",\"target\":{\"@type\":\"EntryPoint\",\"urlTemplate\":\"https:\/\/imaginox-com.boost.codes\/sk\/?s={search_term_string}\"},\"query-input\":\"required name=search_term_string\"}],\"inLanguage\":\"sk-SK\"},{\"@type\":\"Organization\",\"@id\":\"https:\/\/imaginox-com.boost.codes\/sk\/#organization\",\"name\":\"IMAGINOX s.r.o.\",\"url\":\"https:\/\/imaginox-com.boost.codes\/sk\/\",\"logo\":{\"@type\":\"ImageObject\",\"inLanguage\":\"sk-SK\",\"@id\":\"https:\/\/imaginox-com.boost.codes\/sk\/#\/schema\/logo\/image\/\",\"url\":\"https:\/\/imaginox-com.boost.codes\/wp-content\/uploads\/2021\/04\/imaginox-header-logo.png\",\"contentUrl\":\"https:\/\/imaginox-com.boost.codes\/wp-content\/uploads\/2021\/04\/imaginox-header-logo.png\",\"width\":622,\"height\":88,\"caption\":\"IMAGINOX s.r.o.\"},\"image\":{\"@id\":\"https:\/\/imaginox-com.boost.codes\/sk\/#\/schema\/logo\/image\/\"}}]}<\/script>\n<!-- \/ Yoast SEO plugin. -->","yoast_head_json":{"title":"Typizovan\u00e9 skimmerov\u00e9 baz\u00e9ny \u2248 IMAGINOX","description":"V\u0161etky typizovan\u00e9 skimmerov\u00e9 baz\u00e9ny Imaginox sa dod\u00e1vaj\u00fa s cel\u00fdm radom mo\u017enost\u00ed a doplnkov\u00e9ho vybavenia.","robots":{"index":"noindex","follow":"follow","max-snippet":"max-snippet:-1","max-image-preview":"max-image-preview:large","max-video-preview":"max-video-preview:-1"},"og_locale":"sk_SK","og_type":"article","og_title":"Typizovan\u00e9 skimmerov\u00e9 baz\u00e9ny \u2248 IMAGINOX","og_description":"V\u0161etky typizovan\u00e9 skimmerov\u00e9 baz\u00e9ny Imaginox sa dod\u00e1vaj\u00fa s cel\u00fdm radom mo\u017enost\u00ed a doplnkov\u00e9ho vybavenia.","og_url":"https:\/\/imaginox-com.boost.codes\/sk\/bazeny\/produkty\/skimmerove-bazeny\/typizovane-bazeny\/","og_site_name":"IMAGINOX","article_modified_time":"2022-11-11T13:14:57+00:00","twitter_card":"summary_large_image","schema":{"@context":"https:\/\/schema.org","@graph":[{"@type":"WebPage","@id":"https:\/\/imaginox-com.boost.codes\/sk\/bazeny\/produkty\/skimmerove-bazeny\/typizovane-bazeny\/","url":"https:\/\/imaginox-com.boost.codes\/sk\/bazeny\/produkty\/skimmerove-bazeny\/typizovane-bazeny\/","name":"Typizovan\u00e9 skimmerov\u00e9 baz\u00e9ny \u2248 IMAGINOX","isPartOf":{"@id":"https:\/\/imaginox-com.boost.codes\/sk\/#website"},"datePublished":"2020-06-18T11:47:01+00:00","dateModified":"2022-11-11T13:14:57+00:00","description":"V\u0161etky typizovan\u00e9 skimmerov\u00e9 baz\u00e9ny Imaginox sa dod\u00e1vaj\u00fa s cel\u00fdm radom mo\u017enost\u00ed a doplnkov\u00e9ho vybavenia.","breadcrumb":{"@id":"https:\/\/imaginox-com.boost.codes\/sk\/bazeny\/produkty\/skimmerove-bazeny\/typizovane-bazeny\/#breadcrumb"},"inLanguage":"sk-SK","potentialAction":[{"@type":"ReadAction","target":["https:\/\/imaginox-com.boost.codes\/sk\/bazeny\/produkty\/skimmerove-bazeny\/typizovane-bazeny\/"]}]},{"@type":"BreadcrumbList","@id":"https:\/\/imaginox-com.boost.codes\/sk\/bazeny\/produkty\/skimmerove-bazeny\/typizovane-bazeny\/#breadcrumb","itemListElement":[{"@type":"ListItem","position":1,"name":"Home","item":"https:\/\/imaginox-com.boost.codes\/sk\/"},{"@type":"ListItem","position":2,"name":"V\u00fdrobky","item":"https:\/\/imaginox-com.boost.codes\/sk\/vyrobky\/"},{"@type":"ListItem","position":3,"name":"Baz\u00e9ny a v\u00edrivky z nerezu","item":"https:\/\/imaginox-com.boost.codes\/sk\/vyrobky\/bazeny-a-virivky-z-nerezu\/"},{"@type":"ListItem","position":4,"name":"Typizovan\u00e9 baz\u00e9ny"}]},{"@type":"WebSite","@id":"https:\/\/imaginox-com.boost.codes\/sk\/#website","url":"https:\/\/imaginox-com.boost.codes\/sk\/","name":"IMAGINOX","description":"Nerezov\u00e9 baz\u00e9ny, v\u00edrivky a dal\u0161ie","publisher":{"@id":"https:\/\/imaginox-com.boost.codes\/sk\/#organization"},"potentialAction":[{"@type":"SearchAction","target":{"@type":"EntryPoint","urlTemplate":"https:\/\/imaginox-com.boost.codes\/sk\/?s={search_term_string}"},"query-input":"required name=search_term_string"}],"inLanguage":"sk-SK"},{"@type":"Organization","@id":"https:\/\/imaginox-com.boost.codes\/sk\/#organization","name":"IMAGINOX s.r.o.","url":"https:\/\/imaginox-com.boost.codes\/sk\/","logo":{"@type":"ImageObject","inLanguage":"sk-SK","@id":"https:\/\/imaginox-com.boost.codes\/sk\/#\/schema\/logo\/image\/","url":"https:\/\/imaginox-com.boost.codes\/wp-content\/uploads\/2021\/04\/imaginox-header-logo.png","contentUrl":"https:\/\/imaginox-com.boost.codes\/wp-content\/uploads\/2021\/04\/imaginox-header-logo.png","width":622,"height":88,"caption":"IMAGINOX s.r.o."},"image":{"@id":"https:\/\/imaginox-com.boost.codes\/sk\/#\/schema\/logo\/image\/"}}]}},"_links":{"self":[{"href":"https:\/\/imaginox-com.boost.codes\/sk\/wp-json\/wp\/v2\/pages\/6583"}],"collection":[{"href":"https:\/\/imaginox-com.boost.codes\/sk\/wp-json\/wp\/v2\/pages"}],"about":[{"href":"https:\/\/imaginox-com.boost.codes\/sk\/wp-json\/wp\/v2\/types\/page"}],"author":[{"embeddable":true,"href":"https:\/\/imaginox-com.boost.codes\/sk\/wp-json\/wp\/v2\/users\/1"}],"replies":[{"embeddable":true,"href":"https:\/\/imaginox-com.boost.codes\/sk\/wp-json\/wp\/v2\/comments?post=6583"}],"version-history":[{"count":1,"href":"https:\/\/imaginox-com.boost.codes\/sk\/wp-json\/wp\/v2\/pages\/6583\/revisions"}],"predecessor-version":[{"id":6586,"href":"https:\/\/imaginox-com.boost.codes\/sk\/wp-json\/wp\/v2\/pages\/6583\/revisions\/6586"}],"up":[{"embeddable":true,"href":"https:\/\/imaginox-com.boost.codes\/sk\/wp-json\/wp\/v2\/pages\/10998"}],"wp:attachment":[{"href":"https:\/\/imaginox-com.boost.codes\/sk\/wp-json\/wp\/v2\/media?parent=6583"}],"curies":[{"name":"wp","href":"https:\/\/api.w.org\/{rel}","templated":true}]}}