{"id":11021,"date":"2024-02-29T23:17:10","date_gmt":"2024-02-29T21:17:10","guid":{"rendered":"https:\/\/imaginox-com.boost.codes\/standard-whirlpools\/"},"modified":"2024-03-14T11:25:31","modified_gmt":"2024-03-14T09:25:31","slug":"kompaktne-virivky","status":"publish","type":"page","link":"https:\/\/imaginox-com.boost.codes\/sk\/bazeny\/produkty\/virivky\/kompaktne-virivky\/","title":{"rendered":"Kompaktn\u00e9 nerezov\u00e9 v\u00edrivky"},"content":{"rendered":"","protected":false},"excerpt":{"rendered":"","protected":false},"author":11,"featured_media":0,"parent":11025,"menu_order":0,"comment_status":"closed","ping_status":"closed","template":"products-whirlpools-standard.php","meta":{"footnotes":""},"acf":[],"yoast_head":"<!-- This site is optimized with the Yoast SEO plugin v22.4 - https:\/\/yoast.com\/wordpress\/plugins\/seo\/ -->\n<title>Kompaktn\u00e9 nerezov\u00e9 v\u00edrivky \u2248 IMAGINOX<\/title>\n<meta name=\"robots\" content=\"noindex, follow, max-snippet:-1, max-image-preview:large, max-video-preview:-1\" \/>\n<meta property=\"og:locale\" content=\"sk_SK\" \/>\n<meta property=\"og:type\" content=\"article\" \/>\n<meta property=\"og:title\" content=\"Kompaktn\u00e9 nerezov\u00e9 v\u00edrivky \u2248 IMAGINOX\" \/>\n<meta property=\"og:url\" content=\"https:\/\/imaginox-com.boost.codes\/sk\/bazeny\/produkty\/virivky\/kompaktne-virivky\/\" \/>\n<meta property=\"og:site_name\" content=\"IMAGINOX\" \/>\n<meta property=\"article:modified_time\" content=\"2024-03-14T09:25:31+00:00\" \/>\n<meta name=\"twitter:card\" content=\"summary_large_image\" \/>\n<script type=\"application\/ld+json\" class=\"yoast-schema-graph\">{\"@context\":\"https:\/\/schema.org\",\"@graph\":[{\"@type\":\"WebPage\",\"@id\":\"https:\/\/imaginox-com.boost.codes\/sk\/bazeny\/produkty\/virivky\/kompaktne-virivky\/\",\"url\":\"https:\/\/imaginox-com.boost.codes\/sk\/bazeny\/produkty\/virivky\/kompaktne-virivky\/\",\"name\":\"Kompaktn\u00e9 nerezov\u00e9 v\u00edrivky \u2248 IMAGINOX\",\"isPartOf\":{\"@id\":\"https:\/\/imaginox-com.boost.codes\/sk\/#website\"},\"datePublished\":\"2024-02-29T21:17:10+00:00\",\"dateModified\":\"2024-03-14T09:25:31+00:00\",\"breadcrumb\":{\"@id\":\"https:\/\/imaginox-com.boost.codes\/sk\/bazeny\/produkty\/virivky\/kompaktne-virivky\/#breadcrumb\"},\"inLanguage\":\"sk-SK\",\"potentialAction\":[{\"@type\":\"ReadAction\",\"target\":[\"https:\/\/imaginox-com.boost.codes\/sk\/bazeny\/produkty\/virivky\/kompaktne-virivky\/\"]}]},{\"@type\":\"BreadcrumbList\",\"@id\":\"https:\/\/imaginox-com.boost.codes\/sk\/bazeny\/produkty\/virivky\/kompaktne-virivky\/#breadcrumb\",\"itemListElement\":[{\"@type\":\"ListItem\",\"position\":1,\"name\":\"Home\",\"item\":\"https:\/\/imaginox-com.boost.codes\/sk\/\"},{\"@type\":\"ListItem\",\"position\":2,\"name\":\"Imaginox Pools\",\"item\":\"https:\/\/imaginox-com.boost.codes\/sk\/bazeny\/\"},{\"@type\":\"ListItem\",\"position\":3,\"name\":\"Produkty\",\"item\":\"https:\/\/imaginox-com.boost.codes\/sk\/bazeny\/produkty\/\"},{\"@type\":\"ListItem\",\"position\":4,\"name\":\"Nerezov\u00e9 v\u00edrivky\",\"item\":\"https:\/\/imaginox-com.boost.codes\/sk\/bazeny\/produkty\/virivky\/\"},{\"@type\":\"ListItem\",\"position\":5,\"name\":\"Kompaktn\u00e9 nerezov\u00e9 v\u00edrivky\"}]},{\"@type\":\"WebSite\",\"@id\":\"https:\/\/imaginox-com.boost.codes\/sk\/#website\",\"url\":\"https:\/\/imaginox-com.boost.codes\/sk\/\",\"name\":\"IMAGINOX\",\"description\":\"Nerezov\u00e9 baz\u00e9ny, v\u00edrivky a dal\u0161ie\",\"publisher\":{\"@id\":\"https:\/\/imaginox-com.boost.codes\/sk\/#organization\"},\"potentialAction\":[{\"@type\":\"SearchAction\",\"target\":{\"@type\":\"EntryPoint\",\"urlTemplate\":\"https:\/\/imaginox-com.boost.codes\/sk\/?s={search_term_string}\"},\"query-input\":\"required name=search_term_string\"}],\"inLanguage\":\"sk-SK\"},{\"@type\":\"Organization\",\"@id\":\"https:\/\/imaginox-com.boost.codes\/sk\/#organization\",\"name\":\"IMAGINOX s.r.o.\",\"url\":\"https:\/\/imaginox-com.boost.codes\/sk\/\",\"logo\":{\"@type\":\"ImageObject\",\"inLanguage\":\"sk-SK\",\"@id\":\"https:\/\/imaginox-com.boost.codes\/sk\/#\/schema\/logo\/image\/\",\"url\":\"https:\/\/imaginox-com.boost.codes\/wp-content\/uploads\/2021\/04\/imaginox-header-logo.png\",\"contentUrl\":\"https:\/\/imaginox-com.boost.codes\/wp-content\/uploads\/2021\/04\/imaginox-header-logo.png\",\"width\":622,\"height\":88,\"caption\":\"IMAGINOX s.r.o.\"},\"image\":{\"@id\":\"https:\/\/imaginox-com.boost.codes\/sk\/#\/schema\/logo\/image\/\"}}]}<\/script>\n<!-- \/ Yoast SEO plugin. -->","yoast_head_json":{"title":"Kompaktn\u00e9 nerezov\u00e9 v\u00edrivky \u2248 IMAGINOX","robots":{"index":"noindex","follow":"follow","max-snippet":"max-snippet:-1","max-image-preview":"max-image-preview:large","max-video-preview":"max-video-preview:-1"},"og_locale":"sk_SK","og_type":"article","og_title":"Kompaktn\u00e9 nerezov\u00e9 v\u00edrivky \u2248 IMAGINOX","og_url":"https:\/\/imaginox-com.boost.codes\/sk\/bazeny\/produkty\/virivky\/kompaktne-virivky\/","og_site_name":"IMAGINOX","article_modified_time":"2024-03-14T09:25:31+00:00","twitter_card":"summary_large_image","schema":{"@context":"https:\/\/schema.org","@graph":[{"@type":"WebPage","@id":"https:\/\/imaginox-com.boost.codes\/sk\/bazeny\/produkty\/virivky\/kompaktne-virivky\/","url":"https:\/\/imaginox-com.boost.codes\/sk\/bazeny\/produkty\/virivky\/kompaktne-virivky\/","name":"Kompaktn\u00e9 nerezov\u00e9 v\u00edrivky \u2248 IMAGINOX","isPartOf":{"@id":"https:\/\/imaginox-com.boost.codes\/sk\/#website"},"datePublished":"2024-02-29T21:17:10+00:00","dateModified":"2024-03-14T09:25:31+00:00","breadcrumb":{"@id":"https:\/\/imaginox-com.boost.codes\/sk\/bazeny\/produkty\/virivky\/kompaktne-virivky\/#breadcrumb"},"inLanguage":"sk-SK","potentialAction":[{"@type":"ReadAction","target":["https:\/\/imaginox-com.boost.codes\/sk\/bazeny\/produkty\/virivky\/kompaktne-virivky\/"]}]},{"@type":"BreadcrumbList","@id":"https:\/\/imaginox-com.boost.codes\/sk\/bazeny\/produkty\/virivky\/kompaktne-virivky\/#breadcrumb","itemListElement":[{"@type":"ListItem","position":1,"name":"Home","item":"https:\/\/imaginox-com.boost.codes\/sk\/"},{"@type":"ListItem","position":2,"name":"Imaginox Pools","item":"https:\/\/imaginox-com.boost.codes\/sk\/bazeny\/"},{"@type":"ListItem","position":3,"name":"Produkty","item":"https:\/\/imaginox-com.boost.codes\/sk\/bazeny\/produkty\/"},{"@type":"ListItem","position":4,"name":"Nerezov\u00e9 v\u00edrivky","item":"https:\/\/imaginox-com.boost.codes\/sk\/bazeny\/produkty\/virivky\/"},{"@type":"ListItem","position":5,"name":"Kompaktn\u00e9 nerezov\u00e9 v\u00edrivky"}]},{"@type":"WebSite","@id":"https:\/\/imaginox-com.boost.codes\/sk\/#website","url":"https:\/\/imaginox-com.boost.codes\/sk\/","name":"IMAGINOX","description":"Nerezov\u00e9 baz\u00e9ny, v\u00edrivky a dal\u0161ie","publisher":{"@id":"https:\/\/imaginox-com.boost.codes\/sk\/#organization"},"potentialAction":[{"@type":"SearchAction","target":{"@type":"EntryPoint","urlTemplate":"https:\/\/imaginox-com.boost.codes\/sk\/?s={search_term_string}"},"query-input":"required name=search_term_string"}],"inLanguage":"sk-SK"},{"@type":"Organization","@id":"https:\/\/imaginox-com.boost.codes\/sk\/#organization","name":"IMAGINOX s.r.o.","url":"https:\/\/imaginox-com.boost.codes\/sk\/","logo":{"@type":"ImageObject","inLanguage":"sk-SK","@id":"https:\/\/imaginox-com.boost.codes\/sk\/#\/schema\/logo\/image\/","url":"https:\/\/imaginox-com.boost.codes\/wp-content\/uploads\/2021\/04\/imaginox-header-logo.png","contentUrl":"https:\/\/imaginox-com.boost.codes\/wp-content\/uploads\/2021\/04\/imaginox-header-logo.png","width":622,"height":88,"caption":"IMAGINOX s.r.o."},"image":{"@id":"https:\/\/imaginox-com.boost.codes\/sk\/#\/schema\/logo\/image\/"}}]}},"_links":{"self":[{"href":"https:\/\/imaginox-com.boost.codes\/sk\/wp-json\/wp\/v2\/pages\/11021"}],"collection":[{"href":"https:\/\/imaginox-com.boost.codes\/sk\/wp-json\/wp\/v2\/pages"}],"about":[{"href":"https:\/\/imaginox-com.boost.codes\/sk\/wp-json\/wp\/v2\/types\/page"}],"author":[{"embeddable":true,"href":"https:\/\/imaginox-com.boost.codes\/sk\/wp-json\/wp\/v2\/users\/11"}],"replies":[{"embeddable":true,"href":"https:\/\/imaginox-com.boost.codes\/sk\/wp-json\/wp\/v2\/comments?post=11021"}],"version-history":[{"count":4,"href":"https:\/\/imaginox-com.boost.codes\/sk\/wp-json\/wp\/v2\/pages\/11021\/revisions"}],"predecessor-version":[{"id":11150,"href":"https:\/\/imaginox-com.boost.codes\/sk\/wp-json\/wp\/v2\/pages\/11021\/revisions\/11150"}],"up":[{"embeddable":true,"href":"https:\/\/imaginox-com.boost.codes\/sk\/wp-json\/wp\/v2\/pages\/11025"}],"wp:attachment":[{"href":"https:\/\/imaginox-com.boost.codes\/sk\/wp-json\/wp\/v2\/media?parent=11021"}],"curies":[{"name":"wp","href":"https:\/\/api.w.org\/{rel}","templated":true}]}}