{"id":11411,"date":"2024-01-23T16:32:45","date_gmt":"2024-01-23T14:32:45","guid":{"rendered":"https:\/\/imaginox-com.boost.codes\/become-our-partner\/"},"modified":"2024-11-25T15:41:32","modified_gmt":"2024-11-25T13:41:32","slug":"devenir-partenaire","status":"publish","type":"page","link":"https:\/\/imaginox-com.boost.codes\/fr\/devenir-partenaire\/","title":{"rendered":"Devenir partenaire"},"content":{"rendered":"<section class=\"section--catalogue section--light\">\n<div class=\"inner\">\n<h1 class=\"heading heading--bigger heading--center heading--black heading--underline\">Devenez notre partenaire commercial<\/h1>\n<div class=\"row\">\n<div class=\"col-xs-12 col-sm-12 col-md-2 col-lg-2\"><\/div>\n<div class=\"col-xs-12 col-sm-12 col-md-8 col-lg-8\">\n<p class=\"paragraph paragraph--medium align-center margin-top--05x\">Souhaitez-vous devenir partenaire commercial du groupe IMAGINOX ? Contactez-nous ! Nous traiterons votre demande dans les plus brefs d\u00e9lais. Vous pouvez \u00e9galement renseigner votre num\u00e9ro de t\u00e9l\u00e9phone dans le formulaire et nous vous rappellerons.<\/p>\n<\/div>\n<div class=\"col-xs-12 col-sm-12 col-md-2 col-lg-2\"><\/div>\n<\/div>\n<div class=\"section--catalogue-form section--queries-form\"><span class=\"paragraph paragraph--medium section--catalogue-form-required-data input-required\">required data<\/span><\/p>\n<div class=\"boost-space-forms\" id=\"bsf-id-49\"><\/div><script src=\"https:\/\/imaginox.system.boost.space\/api\/custom_form.js?id=49&integrity=28ed7f21fec8a717d7b4a93ff7c9b733&el=bsf-id-49&callback=boostSpaceFormsInit&csubmit=boostSpaceFormsSuccessSubmit&lang=en&v=0.4.9\" data-form=\"boost-space\"><\/script>\n<\/div>\n<\/div>\n<p><!-- .inner --><br \/>\n<\/section>\n<p><!-- section products --><\/p>\n","protected":false},"excerpt":{"rendered":"Devenez notre partenaire commercial Souhaitez-vous devenir partenaire commercial du groupe IMAGINOX ? Contactez-nous ! Nous traiterons votre demande dans les plus brefs d\u00e9lais. Vous pouvez \u00e9galement renseigner votre num\u00e9ro de t\u00e9l\u00e9phone dans le formulaire et nous vous rappellerons. required data","protected":false},"author":11,"featured_media":0,"parent":0,"menu_order":0,"comment_status":"closed","ping_status":"closed","template":"","meta":{"footnotes":""},"acf":[],"yoast_head":"<!-- This site is optimized with the Yoast SEO plugin v22.4 - https:\/\/yoast.com\/wordpress\/plugins\/seo\/ -->\n<title>Devenir partenaire \u2248 imaginox.com dev<\/title>\n<meta name=\"robots\" content=\"noindex, follow, max-snippet:-1, max-image-preview:large, max-video-preview:-1\" \/>\n<meta property=\"og:locale\" content=\"fr_FR\" \/>\n<meta property=\"og:type\" content=\"article\" \/>\n<meta property=\"og:title\" content=\"Devenir partenaire \u2248 imaginox.com dev\" \/>\n<meta property=\"og:description\" content=\"Devenez notre partenaire commercial Souhaitez-vous devenir partenaire commercial du groupe IMAGINOX ? Contactez-nous ! Nous traiterons votre demande dans les plus brefs d\u00e9lais. Vous pouvez \u00e9galement renseigner votre num\u00e9ro de t\u00e9l\u00e9phone dans le formulaire et nous vous rappellerons. required data\" \/>\n<meta property=\"og:url\" content=\"https:\/\/imaginox-com.boost.codes\/fr\/devenir-partenaire\/\" \/>\n<meta property=\"og:site_name\" content=\"imaginox.com dev\" \/>\n<meta property=\"article:modified_time\" content=\"2024-11-25T13:41:32+00:00\" \/>\n<meta name=\"twitter:card\" content=\"summary_large_image\" \/>\n<script type=\"application\/ld+json\" class=\"yoast-schema-graph\">{\"@context\":\"https:\/\/schema.org\",\"@graph\":[{\"@type\":\"WebPage\",\"@id\":\"https:\/\/imaginox-com.boost.codes\/fr\/devenir-partenaire\/\",\"url\":\"https:\/\/imaginox-com.boost.codes\/fr\/devenir-partenaire\/\",\"name\":\"Devenir partenaire \u2248 imaginox.com dev\",\"isPartOf\":{\"@id\":\"https:\/\/imaginox-com.boost.codes\/fr\/#website\"},\"datePublished\":\"2024-01-23T14:32:45+00:00\",\"dateModified\":\"2024-11-25T13:41:32+00:00\",\"breadcrumb\":{\"@id\":\"https:\/\/imaginox-com.boost.codes\/fr\/devenir-partenaire\/#breadcrumb\"},\"inLanguage\":\"fr-FR\",\"potentialAction\":[{\"@type\":\"ReadAction\",\"target\":[\"https:\/\/imaginox-com.boost.codes\/fr\/devenir-partenaire\/\"]}]},{\"@type\":\"BreadcrumbList\",\"@id\":\"https:\/\/imaginox-com.boost.codes\/fr\/devenir-partenaire\/#breadcrumb\",\"itemListElement\":[{\"@type\":\"ListItem\",\"position\":1,\"name\":\"Home\",\"item\":\"https:\/\/imaginox-com.boost.codes\/fr\/home\/\"},{\"@type\":\"ListItem\",\"position\":2,\"name\":\"Devenir partenaire\"}]},{\"@type\":\"WebSite\",\"@id\":\"https:\/\/imaginox-com.boost.codes\/fr\/#website\",\"url\":\"https:\/\/imaginox-com.boost.codes\/fr\/\",\"name\":\"imaginox.com dev\",\"description\":\"\",\"publisher\":{\"@id\":\"https:\/\/imaginox-com.boost.codes\/fr\/#organization\"},\"potentialAction\":[{\"@type\":\"SearchAction\",\"target\":{\"@type\":\"EntryPoint\",\"urlTemplate\":\"https:\/\/imaginox-com.boost.codes\/fr\/?s={search_term_string}\"},\"query-input\":\"required name=search_term_string\"}],\"inLanguage\":\"fr-FR\"},{\"@type\":\"Organization\",\"@id\":\"https:\/\/imaginox-com.boost.codes\/fr\/#organization\",\"name\":\"IMAGINOX s.r.o.\",\"url\":\"https:\/\/imaginox-com.boost.codes\/fr\/\",\"logo\":{\"@type\":\"ImageObject\",\"inLanguage\":\"fr-FR\",\"@id\":\"https:\/\/imaginox-com.boost.codes\/fr\/#\/schema\/logo\/image\/\",\"url\":\"https:\/\/imaginox-com.boost.codes\/wp-content\/uploads\/2021\/04\/imaginox-header-logo.png\",\"contentUrl\":\"https:\/\/imaginox-com.boost.codes\/wp-content\/uploads\/2021\/04\/imaginox-header-logo.png\",\"width\":622,\"height\":88,\"caption\":\"IMAGINOX s.r.o.\"},\"image\":{\"@id\":\"https:\/\/imaginox-com.boost.codes\/fr\/#\/schema\/logo\/image\/\"}}]}<\/script>\n<!-- \/ Yoast SEO plugin. -->","yoast_head_json":{"title":"Devenir partenaire \u2248 imaginox.com dev","robots":{"index":"noindex","follow":"follow","max-snippet":"max-snippet:-1","max-image-preview":"max-image-preview:large","max-video-preview":"max-video-preview:-1"},"og_locale":"fr_FR","og_type":"article","og_title":"Devenir partenaire \u2248 imaginox.com dev","og_description":"Devenez notre partenaire commercial Souhaitez-vous devenir partenaire commercial du groupe IMAGINOX ? Contactez-nous ! Nous traiterons votre demande dans les plus brefs d\u00e9lais. Vous pouvez \u00e9galement renseigner votre num\u00e9ro de t\u00e9l\u00e9phone dans le formulaire et nous vous rappellerons. required data","og_url":"https:\/\/imaginox-com.boost.codes\/fr\/devenir-partenaire\/","og_site_name":"imaginox.com dev","article_modified_time":"2024-11-25T13:41:32+00:00","twitter_card":"summary_large_image","schema":{"@context":"https:\/\/schema.org","@graph":[{"@type":"WebPage","@id":"https:\/\/imaginox-com.boost.codes\/fr\/devenir-partenaire\/","url":"https:\/\/imaginox-com.boost.codes\/fr\/devenir-partenaire\/","name":"Devenir partenaire \u2248 imaginox.com dev","isPartOf":{"@id":"https:\/\/imaginox-com.boost.codes\/fr\/#website"},"datePublished":"2024-01-23T14:32:45+00:00","dateModified":"2024-11-25T13:41:32+00:00","breadcrumb":{"@id":"https:\/\/imaginox-com.boost.codes\/fr\/devenir-partenaire\/#breadcrumb"},"inLanguage":"fr-FR","potentialAction":[{"@type":"ReadAction","target":["https:\/\/imaginox-com.boost.codes\/fr\/devenir-partenaire\/"]}]},{"@type":"BreadcrumbList","@id":"https:\/\/imaginox-com.boost.codes\/fr\/devenir-partenaire\/#breadcrumb","itemListElement":[{"@type":"ListItem","position":1,"name":"Home","item":"https:\/\/imaginox-com.boost.codes\/fr\/home\/"},{"@type":"ListItem","position":2,"name":"Devenir partenaire"}]},{"@type":"WebSite","@id":"https:\/\/imaginox-com.boost.codes\/fr\/#website","url":"https:\/\/imaginox-com.boost.codes\/fr\/","name":"imaginox.com dev","description":"","publisher":{"@id":"https:\/\/imaginox-com.boost.codes\/fr\/#organization"},"potentialAction":[{"@type":"SearchAction","target":{"@type":"EntryPoint","urlTemplate":"https:\/\/imaginox-com.boost.codes\/fr\/?s={search_term_string}"},"query-input":"required name=search_term_string"}],"inLanguage":"fr-FR"},{"@type":"Organization","@id":"https:\/\/imaginox-com.boost.codes\/fr\/#organization","name":"IMAGINOX s.r.o.","url":"https:\/\/imaginox-com.boost.codes\/fr\/","logo":{"@type":"ImageObject","inLanguage":"fr-FR","@id":"https:\/\/imaginox-com.boost.codes\/fr\/#\/schema\/logo\/image\/","url":"https:\/\/imaginox-com.boost.codes\/wp-content\/uploads\/2021\/04\/imaginox-header-logo.png","contentUrl":"https:\/\/imaginox-com.boost.codes\/wp-content\/uploads\/2021\/04\/imaginox-header-logo.png","width":622,"height":88,"caption":"IMAGINOX s.r.o."},"image":{"@id":"https:\/\/imaginox-com.boost.codes\/fr\/#\/schema\/logo\/image\/"}}]}},"_links":{"self":[{"href":"https:\/\/imaginox-com.boost.codes\/fr\/wp-json\/wp\/v2\/pages\/11411"}],"collection":[{"href":"https:\/\/imaginox-com.boost.codes\/fr\/wp-json\/wp\/v2\/pages"}],"about":[{"href":"https:\/\/imaginox-com.boost.codes\/fr\/wp-json\/wp\/v2\/types\/page"}],"author":[{"embeddable":true,"href":"https:\/\/imaginox-com.boost.codes\/fr\/wp-json\/wp\/v2\/users\/11"}],"replies":[{"embeddable":true,"href":"https:\/\/imaginox-com.boost.codes\/fr\/wp-json\/wp\/v2\/comments?post=11411"}],"version-history":[{"count":1,"href":"https:\/\/imaginox-com.boost.codes\/fr\/wp-json\/wp\/v2\/pages\/11411\/revisions"}],"predecessor-version":[{"id":11435,"href":"https:\/\/imaginox-com.boost.codes\/fr\/wp-json\/wp\/v2\/pages\/11411\/revisions\/11435"}],"wp:attachment":[{"href":"https:\/\/imaginox-com.boost.codes\/fr\/wp-json\/wp\/v2\/media?parent=11411"}],"curies":[{"name":"wp","href":"https:\/\/api.w.org\/{rel}","templated":true}]}}