{"id":11360,"date":"2024-11-21T21:28:19","date_gmt":"2024-11-21T19:28:19","guid":{"rendered":"https:\/\/imaginox-com.boost.codes\/?page_id=11360"},"modified":"2024-11-25T15:46:44","modified_gmt":"2024-11-25T13:46:44","slug":"fixer-un-rdv","status":"publish","type":"page","link":"https:\/\/imaginox-com.boost.codes\/fr\/fixer-un-rdv\/","title":{"rendered":"Fixer un rdv"},"content":{"rendered":"<section class=\"section--catalogue section--light\">\n<div class=\"inner\">\n<h1 class=\"heading heading--bigger heading--center heading--black heading--underline\">Fixer un rendez-vou<\/h1>\n<div class=\"row\">\n<div class=\"col-xs-12 col-sm-12 col-md-2 col-lg-2\"><\/div>\n<div class=\"col-xs-12 col-sm-12 col-md-8 col-lg-8\">\n<p class=\"paragraph paragraph--medium align-center margin-top--05x\">Vous pouvez prendre un rdv en personne ou en ligne. Veuillez remplir le formulaire ci-dessous. Nous traiterons votre demande dans les plus brefs d\u00e9lais. Vous pouvez \u00e9galement renseigner votre num\u00e9ro de t\u00e9l\u00e9phone dans le formulaire et nous vous rappellerons.<\/p>\n<\/div>\n<div class=\"col-xs-12 col-sm-12 col-md-2 col-lg-2\"><\/div>\n<\/div>\n<div class=\"section--catalogue-form section--queries-form\"><span class=\"paragraph paragraph--medium section--catalogue-form-required-data input-required\">required data<\/span><\/p>\n<div class=\"boost-space-forms\" id=\"bsf-id-64\"><\/div><script src=\"https:\/\/imaginox.system.boost.space\/api\/custom_form.js?id=64&integrity=c5be6eeea5d7030f972468c2f91c22a5&el=bsf-id-64&callback=boostSpaceFormsInit&csubmit=boostSpaceFormsSuccessSubmit&lang=en&v=0.4.9\" data-form=\"boost-space\"><\/script>\n<\/div>\n<\/div>\n<p><!-- .inner --><br \/>\n<\/section>\n<p><!-- section products --><\/p>\n","protected":false},"excerpt":{"rendered":"Fixer un rendez-vou Vous pouvez prendre un rdv en personne ou en ligne. Veuillez remplir le formulaire ci-dessous. Nous traiterons votre demande dans les plus brefs d\u00e9lais. Vous pouvez \u00e9galement renseigner votre num\u00e9ro de t\u00e9l\u00e9phone dans le formulaire et nous vous rappellerons. required data","protected":false},"author":11,"featured_media":0,"parent":0,"menu_order":0,"comment_status":"closed","ping_status":"closed","template":"","meta":{"footnotes":""},"acf":[],"yoast_head":"<!-- This site is optimized with the Yoast SEO plugin v22.4 - https:\/\/yoast.com\/wordpress\/plugins\/seo\/ -->\n<title>Fixer un rdv \u2248 imaginox.com dev<\/title>\n<meta name=\"robots\" content=\"noindex, follow, max-snippet:-1, max-image-preview:large, max-video-preview:-1\" \/>\n<meta property=\"og:locale\" content=\"fr_FR\" \/>\n<meta property=\"og:type\" content=\"article\" \/>\n<meta property=\"og:title\" content=\"Fixer un rdv \u2248 imaginox.com dev\" \/>\n<meta property=\"og:description\" content=\"Fixer un rendez-vou Vous pouvez prendre un rdv en personne ou en ligne. Veuillez remplir le formulaire ci-dessous. Nous traiterons votre demande dans les plus brefs d\u00e9lais. Vous pouvez \u00e9galement renseigner votre num\u00e9ro de t\u00e9l\u00e9phone dans le formulaire et nous vous rappellerons. required data\" \/>\n<meta property=\"og:url\" content=\"https:\/\/imaginox-com.boost.codes\/fr\/fixer-un-rdv\/\" \/>\n<meta property=\"og:site_name\" content=\"imaginox.com dev\" \/>\n<meta property=\"article:modified_time\" content=\"2024-11-25T13:46:44+00:00\" \/>\n<meta name=\"twitter:card\" content=\"summary_large_image\" \/>\n<script type=\"application\/ld+json\" class=\"yoast-schema-graph\">{\"@context\":\"https:\/\/schema.org\",\"@graph\":[{\"@type\":\"WebPage\",\"@id\":\"https:\/\/imaginox-com.boost.codes\/fr\/fixer-un-rdv\/\",\"url\":\"https:\/\/imaginox-com.boost.codes\/fr\/fixer-un-rdv\/\",\"name\":\"Fixer un rdv \u2248 imaginox.com dev\",\"isPartOf\":{\"@id\":\"https:\/\/imaginox-com.boost.codes\/fr\/#website\"},\"datePublished\":\"2024-11-21T19:28:19+00:00\",\"dateModified\":\"2024-11-25T13:46:44+00:00\",\"breadcrumb\":{\"@id\":\"https:\/\/imaginox-com.boost.codes\/fr\/fixer-un-rdv\/#breadcrumb\"},\"inLanguage\":\"fr-FR\",\"potentialAction\":[{\"@type\":\"ReadAction\",\"target\":[\"https:\/\/imaginox-com.boost.codes\/fr\/fixer-un-rdv\/\"]}]},{\"@type\":\"BreadcrumbList\",\"@id\":\"https:\/\/imaginox-com.boost.codes\/fr\/fixer-un-rdv\/#breadcrumb\",\"itemListElement\":[{\"@type\":\"ListItem\",\"position\":1,\"name\":\"Home\",\"item\":\"https:\/\/imaginox-com.boost.codes\/fr\/home\/\"},{\"@type\":\"ListItem\",\"position\":2,\"name\":\"Fixer un rdv\"}]},{\"@type\":\"WebSite\",\"@id\":\"https:\/\/imaginox-com.boost.codes\/fr\/#website\",\"url\":\"https:\/\/imaginox-com.boost.codes\/fr\/\",\"name\":\"imaginox.com dev\",\"description\":\"\",\"publisher\":{\"@id\":\"https:\/\/imaginox-com.boost.codes\/fr\/#organization\"},\"potentialAction\":[{\"@type\":\"SearchAction\",\"target\":{\"@type\":\"EntryPoint\",\"urlTemplate\":\"https:\/\/imaginox-com.boost.codes\/fr\/?s={search_term_string}\"},\"query-input\":\"required name=search_term_string\"}],\"inLanguage\":\"fr-FR\"},{\"@type\":\"Organization\",\"@id\":\"https:\/\/imaginox-com.boost.codes\/fr\/#organization\",\"name\":\"IMAGINOX s.r.o.\",\"url\":\"https:\/\/imaginox-com.boost.codes\/fr\/\",\"logo\":{\"@type\":\"ImageObject\",\"inLanguage\":\"fr-FR\",\"@id\":\"https:\/\/imaginox-com.boost.codes\/fr\/#\/schema\/logo\/image\/\",\"url\":\"https:\/\/imaginox-com.boost.codes\/wp-content\/uploads\/2021\/04\/imaginox-header-logo.png\",\"contentUrl\":\"https:\/\/imaginox-com.boost.codes\/wp-content\/uploads\/2021\/04\/imaginox-header-logo.png\",\"width\":622,\"height\":88,\"caption\":\"IMAGINOX s.r.o.\"},\"image\":{\"@id\":\"https:\/\/imaginox-com.boost.codes\/fr\/#\/schema\/logo\/image\/\"}}]}<\/script>\n<!-- \/ Yoast SEO plugin. -->","yoast_head_json":{"title":"Fixer un rdv \u2248 imaginox.com dev","robots":{"index":"noindex","follow":"follow","max-snippet":"max-snippet:-1","max-image-preview":"max-image-preview:large","max-video-preview":"max-video-preview:-1"},"og_locale":"fr_FR","og_type":"article","og_title":"Fixer un rdv \u2248 imaginox.com dev","og_description":"Fixer un rendez-vou Vous pouvez prendre un rdv en personne ou en ligne. Veuillez remplir le formulaire ci-dessous. Nous traiterons votre demande dans les plus brefs d\u00e9lais. Vous pouvez \u00e9galement renseigner votre num\u00e9ro de t\u00e9l\u00e9phone dans le formulaire et nous vous rappellerons. required data","og_url":"https:\/\/imaginox-com.boost.codes\/fr\/fixer-un-rdv\/","og_site_name":"imaginox.com dev","article_modified_time":"2024-11-25T13:46:44+00:00","twitter_card":"summary_large_image","schema":{"@context":"https:\/\/schema.org","@graph":[{"@type":"WebPage","@id":"https:\/\/imaginox-com.boost.codes\/fr\/fixer-un-rdv\/","url":"https:\/\/imaginox-com.boost.codes\/fr\/fixer-un-rdv\/","name":"Fixer un rdv \u2248 imaginox.com dev","isPartOf":{"@id":"https:\/\/imaginox-com.boost.codes\/fr\/#website"},"datePublished":"2024-11-21T19:28:19+00:00","dateModified":"2024-11-25T13:46:44+00:00","breadcrumb":{"@id":"https:\/\/imaginox-com.boost.codes\/fr\/fixer-un-rdv\/#breadcrumb"},"inLanguage":"fr-FR","potentialAction":[{"@type":"ReadAction","target":["https:\/\/imaginox-com.boost.codes\/fr\/fixer-un-rdv\/"]}]},{"@type":"BreadcrumbList","@id":"https:\/\/imaginox-com.boost.codes\/fr\/fixer-un-rdv\/#breadcrumb","itemListElement":[{"@type":"ListItem","position":1,"name":"Home","item":"https:\/\/imaginox-com.boost.codes\/fr\/home\/"},{"@type":"ListItem","position":2,"name":"Fixer un rdv"}]},{"@type":"WebSite","@id":"https:\/\/imaginox-com.boost.codes\/fr\/#website","url":"https:\/\/imaginox-com.boost.codes\/fr\/","name":"imaginox.com dev","description":"","publisher":{"@id":"https:\/\/imaginox-com.boost.codes\/fr\/#organization"},"potentialAction":[{"@type":"SearchAction","target":{"@type":"EntryPoint","urlTemplate":"https:\/\/imaginox-com.boost.codes\/fr\/?s={search_term_string}"},"query-input":"required name=search_term_string"}],"inLanguage":"fr-FR"},{"@type":"Organization","@id":"https:\/\/imaginox-com.boost.codes\/fr\/#organization","name":"IMAGINOX s.r.o.","url":"https:\/\/imaginox-com.boost.codes\/fr\/","logo":{"@type":"ImageObject","inLanguage":"fr-FR","@id":"https:\/\/imaginox-com.boost.codes\/fr\/#\/schema\/logo\/image\/","url":"https:\/\/imaginox-com.boost.codes\/wp-content\/uploads\/2021\/04\/imaginox-header-logo.png","contentUrl":"https:\/\/imaginox-com.boost.codes\/wp-content\/uploads\/2021\/04\/imaginox-header-logo.png","width":622,"height":88,"caption":"IMAGINOX s.r.o."},"image":{"@id":"https:\/\/imaginox-com.boost.codes\/fr\/#\/schema\/logo\/image\/"}}]}},"_links":{"self":[{"href":"https:\/\/imaginox-com.boost.codes\/fr\/wp-json\/wp\/v2\/pages\/11360"}],"collection":[{"href":"https:\/\/imaginox-com.boost.codes\/fr\/wp-json\/wp\/v2\/pages"}],"about":[{"href":"https:\/\/imaginox-com.boost.codes\/fr\/wp-json\/wp\/v2\/types\/page"}],"author":[{"embeddable":true,"href":"https:\/\/imaginox-com.boost.codes\/fr\/wp-json\/wp\/v2\/users\/11"}],"replies":[{"embeddable":true,"href":"https:\/\/imaginox-com.boost.codes\/fr\/wp-json\/wp\/v2\/comments?post=11360"}],"version-history":[{"count":4,"href":"https:\/\/imaginox-com.boost.codes\/fr\/wp-json\/wp\/v2\/pages\/11360\/revisions"}],"predecessor-version":[{"id":11440,"href":"https:\/\/imaginox-com.boost.codes\/fr\/wp-json\/wp\/v2\/pages\/11360\/revisions\/11440"}],"wp:attachment":[{"href":"https:\/\/imaginox-com.boost.codes\/fr\/wp-json\/wp\/v2\/media?parent=11360"}],"curies":[{"name":"wp","href":"https:\/\/api.w.org\/{rel}","templated":true}]}}