{"id":4856,"date":"2020-06-18T10:12:13","date_gmt":"2020-06-18T10:12:13","guid":{"rendered":"https:\/\/imaginox.boost.codes\/queries\/"},"modified":"2021-08-02T10:51:03","modified_gmt":"2021-08-02T08:51:03","slug":"fragen","status":"publish","type":"page","link":"https:\/\/imaginox-com.boost.codes\/de\/fragen\/","title":{"rendered":"Fragen"},"content":{"rendered":"<section class=\"section--catalogue section--light\">\n<div class=\"inner\">\n<h1 class=\"heading heading--bigger heading--center heading--black heading--underline\"> Fragen <\/h1>\n<div class=\"row\">\n<div class=\"col-xs-12 col-sm-12 col-md-2 col-lg-2\"><\/div>\n<div class=\"col-xs-12 col-sm-12 col-md-8 col-lg-8\">\n<p class=\"paragraph paragraph--medium align-center margin-top--05x\">Haben Sie eine Frage zu unseren Produkten? Schreiben Sie uns und wir werden Ihnen so schnell wie m\u00f6glich antworten. Sie k\u00f6nnen auch Ihre Telefonnummer hinterlassen und wir werden Sie gerne kontaktieren.<\/p>\n<\/div>\n<div class=\"col-xs-12 col-sm-12 col-md-2 col-lg-2\"><\/div>\n<\/div>\n<div class=\"section--catalogue-form section--queries-form\"><span class=\"paragraph paragraph--medium section--catalogue-form-required-data input-required\">Ben\u00f6tigte Daten<\/span><\/p>\n<div class=\"boost-space-forms\" id=\"bsf-id-17\"><\/div><script src=\"https:\/\/imaginox.system.boost.space\/api\/custom_form.js?id=17&integrity=912ce40c5c6b0d28323fb511a2033b06&el=bsf-id-17&callback=boostSpaceFormsInit&csubmit=boostSpaceFormsSuccessSubmit&lang=de&v=0.4.9\" data-form=\"boost-space\"><\/script>\n<\/div>\n<p> <!-- .inner --><br \/>\n<\/section>\n<p> <!-- section products --><\/p>\n","protected":false},"excerpt":{"rendered":"Fragen Haben Sie eine Frage zu unseren Produkten? Schreiben Sie uns und wir werden Ihnen so schnell wie m\u00f6glich antworten. Sie k\u00f6nnen auch Ihre Telefonnummer hinterlassen und wir werden Sie gerne kontaktieren. Ben\u00f6tigte Daten","protected":false},"author":1,"featured_media":0,"parent":0,"menu_order":0,"comment_status":"closed","ping_status":"closed","template":"","meta":{"footnotes":""},"acf":[],"yoast_head":"<!-- This site is optimized with the Yoast SEO plugin v22.4 - https:\/\/yoast.com\/wordpress\/plugins\/seo\/ -->\n<title>Fragen \u2248 IMAGINOX<\/title>\n<meta name=\"description\" content=\"Haben Sie eine Frage zu unseren Produkten? Schreiben Sie uns und wir werden Ihnen so schnell wie m\u00f6glich antworten.\" \/>\n<meta name=\"robots\" content=\"noindex, follow, max-snippet:-1, max-image-preview:large, max-video-preview:-1\" \/>\n<meta property=\"og:locale\" content=\"de_DE\" \/>\n<meta property=\"og:type\" content=\"article\" \/>\n<meta property=\"og:title\" content=\"Fragen \u2248 IMAGINOX\" \/>\n<meta property=\"og:description\" content=\"Haben Sie eine Frage zu unseren Produkten? Schreiben Sie uns und wir werden Ihnen so schnell wie m\u00f6glich antworten.\" \/>\n<meta property=\"og:url\" content=\"https:\/\/imaginox-com.boost.codes\/de\/fragen\/\" \/>\n<meta property=\"og:site_name\" content=\"IMAGINOX\" \/>\n<meta property=\"article:modified_time\" content=\"2021-08-02T08:51:03+00:00\" \/>\n<meta name=\"twitter:card\" content=\"summary_large_image\" \/>\n<script type=\"application\/ld+json\" class=\"yoast-schema-graph\">{\"@context\":\"https:\/\/schema.org\",\"@graph\":[{\"@type\":\"WebPage\",\"@id\":\"https:\/\/imaginox-com.boost.codes\/de\/fragen\/\",\"url\":\"https:\/\/imaginox-com.boost.codes\/de\/fragen\/\",\"name\":\"Fragen \u2248 IMAGINOX\",\"isPartOf\":{\"@id\":\"https:\/\/imaginox-com.boost.codes\/de\/#website\"},\"datePublished\":\"2020-06-18T10:12:13+00:00\",\"dateModified\":\"2021-08-02T08:51:03+00:00\",\"description\":\"Haben Sie eine Frage zu unseren Produkten? Schreiben Sie uns und wir werden Ihnen so schnell wie m\u00f6glich antworten.\",\"breadcrumb\":{\"@id\":\"https:\/\/imaginox-com.boost.codes\/de\/fragen\/#breadcrumb\"},\"inLanguage\":\"de\",\"potentialAction\":[{\"@type\":\"ReadAction\",\"target\":[\"https:\/\/imaginox-com.boost.codes\/de\/fragen\/\"]}]},{\"@type\":\"BreadcrumbList\",\"@id\":\"https:\/\/imaginox-com.boost.codes\/de\/fragen\/#breadcrumb\",\"itemListElement\":[{\"@type\":\"ListItem\",\"position\":1,\"name\":\"Home\",\"item\":\"https:\/\/imaginox-com.boost.codes\/de\/\"},{\"@type\":\"ListItem\",\"position\":2,\"name\":\"Fragen\"}]},{\"@type\":\"WebSite\",\"@id\":\"https:\/\/imaginox-com.boost.codes\/de\/#website\",\"url\":\"https:\/\/imaginox-com.boost.codes\/de\/\",\"name\":\"IMAGINOX\",\"description\":\"Edelstahlbecken, Whirlpools und mehr\",\"publisher\":{\"@id\":\"https:\/\/imaginox-com.boost.codes\/de\/#organization\"},\"potentialAction\":[{\"@type\":\"SearchAction\",\"target\":{\"@type\":\"EntryPoint\",\"urlTemplate\":\"https:\/\/imaginox-com.boost.codes\/de\/?s={search_term_string}\"},\"query-input\":\"required name=search_term_string\"}],\"inLanguage\":\"de\"},{\"@type\":\"Organization\",\"@id\":\"https:\/\/imaginox-com.boost.codes\/de\/#organization\",\"name\":\"IMAGINOX s.r.o.\",\"url\":\"https:\/\/imaginox-com.boost.codes\/de\/\",\"logo\":{\"@type\":\"ImageObject\",\"inLanguage\":\"de\",\"@id\":\"https:\/\/imaginox-com.boost.codes\/de\/#\/schema\/logo\/image\/\",\"url\":\"https:\/\/imaginox-com.boost.codes\/wp-content\/uploads\/2021\/04\/imaginox-header-logo.png\",\"contentUrl\":\"https:\/\/imaginox-com.boost.codes\/wp-content\/uploads\/2021\/04\/imaginox-header-logo.png\",\"width\":622,\"height\":88,\"caption\":\"IMAGINOX s.r.o.\"},\"image\":{\"@id\":\"https:\/\/imaginox-com.boost.codes\/de\/#\/schema\/logo\/image\/\"}}]}<\/script>\n<!-- \/ Yoast SEO plugin. -->","yoast_head_json":{"title":"Fragen \u2248 IMAGINOX","description":"Haben Sie eine Frage zu unseren Produkten? Schreiben Sie uns und wir werden Ihnen so schnell wie m\u00f6glich antworten.","robots":{"index":"noindex","follow":"follow","max-snippet":"max-snippet:-1","max-image-preview":"max-image-preview:large","max-video-preview":"max-video-preview:-1"},"og_locale":"de_DE","og_type":"article","og_title":"Fragen \u2248 IMAGINOX","og_description":"Haben Sie eine Frage zu unseren Produkten? Schreiben Sie uns und wir werden Ihnen so schnell wie m\u00f6glich antworten.","og_url":"https:\/\/imaginox-com.boost.codes\/de\/fragen\/","og_site_name":"IMAGINOX","article_modified_time":"2021-08-02T08:51:03+00:00","twitter_card":"summary_large_image","schema":{"@context":"https:\/\/schema.org","@graph":[{"@type":"WebPage","@id":"https:\/\/imaginox-com.boost.codes\/de\/fragen\/","url":"https:\/\/imaginox-com.boost.codes\/de\/fragen\/","name":"Fragen \u2248 IMAGINOX","isPartOf":{"@id":"https:\/\/imaginox-com.boost.codes\/de\/#website"},"datePublished":"2020-06-18T10:12:13+00:00","dateModified":"2021-08-02T08:51:03+00:00","description":"Haben Sie eine Frage zu unseren Produkten? Schreiben Sie uns und wir werden Ihnen so schnell wie m\u00f6glich antworten.","breadcrumb":{"@id":"https:\/\/imaginox-com.boost.codes\/de\/fragen\/#breadcrumb"},"inLanguage":"de","potentialAction":[{"@type":"ReadAction","target":["https:\/\/imaginox-com.boost.codes\/de\/fragen\/"]}]},{"@type":"BreadcrumbList","@id":"https:\/\/imaginox-com.boost.codes\/de\/fragen\/#breadcrumb","itemListElement":[{"@type":"ListItem","position":1,"name":"Home","item":"https:\/\/imaginox-com.boost.codes\/de\/"},{"@type":"ListItem","position":2,"name":"Fragen"}]},{"@type":"WebSite","@id":"https:\/\/imaginox-com.boost.codes\/de\/#website","url":"https:\/\/imaginox-com.boost.codes\/de\/","name":"IMAGINOX","description":"Edelstahlbecken, Whirlpools und mehr","publisher":{"@id":"https:\/\/imaginox-com.boost.codes\/de\/#organization"},"potentialAction":[{"@type":"SearchAction","target":{"@type":"EntryPoint","urlTemplate":"https:\/\/imaginox-com.boost.codes\/de\/?s={search_term_string}"},"query-input":"required name=search_term_string"}],"inLanguage":"de"},{"@type":"Organization","@id":"https:\/\/imaginox-com.boost.codes\/de\/#organization","name":"IMAGINOX s.r.o.","url":"https:\/\/imaginox-com.boost.codes\/de\/","logo":{"@type":"ImageObject","inLanguage":"de","@id":"https:\/\/imaginox-com.boost.codes\/de\/#\/schema\/logo\/image\/","url":"https:\/\/imaginox-com.boost.codes\/wp-content\/uploads\/2021\/04\/imaginox-header-logo.png","contentUrl":"https:\/\/imaginox-com.boost.codes\/wp-content\/uploads\/2021\/04\/imaginox-header-logo.png","width":622,"height":88,"caption":"IMAGINOX s.r.o."},"image":{"@id":"https:\/\/imaginox-com.boost.codes\/de\/#\/schema\/logo\/image\/"}}]}},"_links":{"self":[{"href":"https:\/\/imaginox-com.boost.codes\/de\/wp-json\/wp\/v2\/pages\/4856"}],"collection":[{"href":"https:\/\/imaginox-com.boost.codes\/de\/wp-json\/wp\/v2\/pages"}],"about":[{"href":"https:\/\/imaginox-com.boost.codes\/de\/wp-json\/wp\/v2\/types\/page"}],"author":[{"embeddable":true,"href":"https:\/\/imaginox-com.boost.codes\/de\/wp-json\/wp\/v2\/users\/1"}],"replies":[{"embeddable":true,"href":"https:\/\/imaginox-com.boost.codes\/de\/wp-json\/wp\/v2\/comments?post=4856"}],"version-history":[{"count":4,"href":"https:\/\/imaginox-com.boost.codes\/de\/wp-json\/wp\/v2\/pages\/4856\/revisions"}],"predecessor-version":[{"id":5206,"href":"https:\/\/imaginox-com.boost.codes\/de\/wp-json\/wp\/v2\/pages\/4856\/revisions\/5206"}],"wp:attachment":[{"href":"https:\/\/imaginox-com.boost.codes\/de\/wp-json\/wp\/v2\/media?parent=4856"}],"curies":[{"name":"wp","href":"https:\/\/api.w.org\/{rel}","templated":true}]}}