{"id":4834,"date":"2020-06-23T11:15:45","date_gmt":"2020-06-23T11:15:45","guid":{"rendered":"https:\/\/imaginox.boost.codes\/products\/deck-level-pools\/standard-pools\/"},"modified":"2021-05-18T10:05:01","modified_gmt":"2021-05-18T10:05:01","slug":"kompakte-uberlaufpools","status":"publish","type":"page","link":"https:\/\/imaginox-com.boost.codes\/de\/schwimmbecken\/produkte\/ueberlaufbecken\/kompakte-uberlaufpools\/","title":{"rendered":"Kompakte \u00dcberlaufpools"},"content":{"rendered":"","protected":false},"excerpt":{"rendered":"","protected":false},"author":1,"featured_media":0,"parent":11040,"menu_order":0,"comment_status":"closed","ping_status":"closed","template":"products-deck-level-pools-standard.php","meta":{"footnotes":""},"acf":[],"yoast_head":"<!-- This site is optimized with the Yoast SEO plugin v22.4 - https:\/\/yoast.com\/wordpress\/plugins\/seo\/ -->\n<title>Kompakte \u00dcberlaufpools \u2248 IMAGINOX<\/title>\n<meta name=\"description\" content=\"Fertigbecken werden in der Produktionshalle komplett hergestellt, sodass sie in einem St\u00fcck an den Bauort geliefert werden k\u00f6nnen, wodurch sich die Liefer- und Montagezeit vor Ort wesentlich verk\u00fcrzt. Standardisierte Modelle sind f\u00fcr Au\u00dfenrealisationen geeignet, welche per Kran gut zug\u00e4nglich sind.\" \/>\n<meta name=\"robots\" content=\"noindex, follow, max-snippet:-1, max-image-preview:large, max-video-preview:-1\" \/>\n<meta property=\"og:locale\" content=\"de_DE\" \/>\n<meta property=\"og:type\" content=\"article\" \/>\n<meta property=\"og:title\" content=\"Kompakte \u00dcberlaufpools \u2248 IMAGINOX\" \/>\n<meta property=\"og:description\" content=\"Fertigbecken werden in der Produktionshalle komplett hergestellt, sodass sie in einem St\u00fcck an den Bauort geliefert werden k\u00f6nnen, wodurch sich die Liefer- und Montagezeit vor Ort wesentlich verk\u00fcrzt. Standardisierte Modelle sind f\u00fcr Au\u00dfenrealisationen geeignet, welche per Kran gut zug\u00e4nglich sind.\" \/>\n<meta property=\"og:url\" content=\"https:\/\/imaginox-com.boost.codes\/de\/schwimmbecken\/produkte\/ueberlaufbecken\/kompakte-uberlaufpools\/\" \/>\n<meta property=\"og:site_name\" content=\"IMAGINOX\" \/>\n<meta property=\"article:modified_time\" content=\"2021-05-18T10:05:01+00:00\" \/>\n<meta name=\"twitter:card\" content=\"summary_large_image\" \/>\n<script type=\"application\/ld+json\" class=\"yoast-schema-graph\">{\"@context\":\"https:\/\/schema.org\",\"@graph\":[{\"@type\":\"WebPage\",\"@id\":\"https:\/\/imaginox-com.boost.codes\/de\/schwimmbecken\/produkte\/ueberlaufbecken\/kompakte-uberlaufpools\/\",\"url\":\"https:\/\/imaginox-com.boost.codes\/de\/schwimmbecken\/produkte\/ueberlaufbecken\/kompakte-uberlaufpools\/\",\"name\":\"Kompakte \u00dcberlaufpools \u2248 IMAGINOX\",\"isPartOf\":{\"@id\":\"https:\/\/imaginox-com.boost.codes\/de\/#website\"},\"datePublished\":\"2020-06-23T11:15:45+00:00\",\"dateModified\":\"2021-05-18T10:05:01+00:00\",\"description\":\"Fertigbecken werden in der Produktionshalle komplett hergestellt, sodass sie in einem St\u00fcck an den Bauort geliefert werden k\u00f6nnen, wodurch sich die Liefer- und Montagezeit vor Ort wesentlich verk\u00fcrzt. Standardisierte Modelle sind f\u00fcr Au\u00dfenrealisationen geeignet, welche per Kran gut zug\u00e4nglich sind.\",\"breadcrumb\":{\"@id\":\"https:\/\/imaginox-com.boost.codes\/de\/schwimmbecken\/produkte\/ueberlaufbecken\/kompakte-uberlaufpools\/#breadcrumb\"},\"inLanguage\":\"de\",\"potentialAction\":[{\"@type\":\"ReadAction\",\"target\":[\"https:\/\/imaginox-com.boost.codes\/de\/schwimmbecken\/produkte\/ueberlaufbecken\/kompakte-uberlaufpools\/\"]}]},{\"@type\":\"BreadcrumbList\",\"@id\":\"https:\/\/imaginox-com.boost.codes\/de\/schwimmbecken\/produkte\/ueberlaufbecken\/kompakte-uberlaufpools\/#breadcrumb\",\"itemListElement\":[{\"@type\":\"ListItem\",\"position\":1,\"name\":\"Home\",\"item\":\"https:\/\/imaginox-com.boost.codes\/de\/\"},{\"@type\":\"ListItem\",\"position\":2,\"name\":\"Imaginox Pools\",\"item\":\"https:\/\/imaginox-com.boost.codes\/de\/schwimmbecken\/\"},{\"@type\":\"ListItem\",\"position\":3,\"name\":\"Produkte\",\"item\":\"https:\/\/imaginox-com.boost.codes\/de\/schwimmbecken\/produkte\/\"},{\"@type\":\"ListItem\",\"position\":4,\"name\":\"\u00dcberlaufbecken\",\"item\":\"https:\/\/imaginox-com.boost.codes\/de\/schwimmbecken\/produkte\/ueberlaufbecken\/\"},{\"@type\":\"ListItem\",\"position\":5,\"name\":\"Kompakte \u00dcberlaufpools\"}]},{\"@type\":\"WebSite\",\"@id\":\"https:\/\/imaginox-com.boost.codes\/de\/#website\",\"url\":\"https:\/\/imaginox-com.boost.codes\/de\/\",\"name\":\"IMAGINOX\",\"description\":\"Edelstahlbecken, Whirlpools und mehr\",\"publisher\":{\"@id\":\"https:\/\/imaginox-com.boost.codes\/de\/#organization\"},\"potentialAction\":[{\"@type\":\"SearchAction\",\"target\":{\"@type\":\"EntryPoint\",\"urlTemplate\":\"https:\/\/imaginox-com.boost.codes\/de\/?s={search_term_string}\"},\"query-input\":\"required name=search_term_string\"}],\"inLanguage\":\"de\"},{\"@type\":\"Organization\",\"@id\":\"https:\/\/imaginox-com.boost.codes\/de\/#organization\",\"name\":\"IMAGINOX s.r.o.\",\"url\":\"https:\/\/imaginox-com.boost.codes\/de\/\",\"logo\":{\"@type\":\"ImageObject\",\"inLanguage\":\"de\",\"@id\":\"https:\/\/imaginox-com.boost.codes\/de\/#\/schema\/logo\/image\/\",\"url\":\"https:\/\/imaginox-com.boost.codes\/wp-content\/uploads\/2021\/04\/imaginox-header-logo.png\",\"contentUrl\":\"https:\/\/imaginox-com.boost.codes\/wp-content\/uploads\/2021\/04\/imaginox-header-logo.png\",\"width\":622,\"height\":88,\"caption\":\"IMAGINOX s.r.o.\"},\"image\":{\"@id\":\"https:\/\/imaginox-com.boost.codes\/de\/#\/schema\/logo\/image\/\"}}]}<\/script>\n<!-- \/ Yoast SEO plugin. -->","yoast_head_json":{"title":"Kompakte \u00dcberlaufpools \u2248 IMAGINOX","description":"Fertigbecken werden in der Produktionshalle komplett hergestellt, sodass sie in einem St\u00fcck an den Bauort geliefert werden k\u00f6nnen, wodurch sich die Liefer- und Montagezeit vor Ort wesentlich verk\u00fcrzt. Standardisierte Modelle sind f\u00fcr Au\u00dfenrealisationen geeignet, welche per Kran gut zug\u00e4nglich sind.","robots":{"index":"noindex","follow":"follow","max-snippet":"max-snippet:-1","max-image-preview":"max-image-preview:large","max-video-preview":"max-video-preview:-1"},"og_locale":"de_DE","og_type":"article","og_title":"Kompakte \u00dcberlaufpools \u2248 IMAGINOX","og_description":"Fertigbecken werden in der Produktionshalle komplett hergestellt, sodass sie in einem St\u00fcck an den Bauort geliefert werden k\u00f6nnen, wodurch sich die Liefer- und Montagezeit vor Ort wesentlich verk\u00fcrzt. Standardisierte Modelle sind f\u00fcr Au\u00dfenrealisationen geeignet, welche per Kran gut zug\u00e4nglich sind.","og_url":"https:\/\/imaginox-com.boost.codes\/de\/schwimmbecken\/produkte\/ueberlaufbecken\/kompakte-uberlaufpools\/","og_site_name":"IMAGINOX","article_modified_time":"2021-05-18T10:05:01+00:00","twitter_card":"summary_large_image","schema":{"@context":"https:\/\/schema.org","@graph":[{"@type":"WebPage","@id":"https:\/\/imaginox-com.boost.codes\/de\/schwimmbecken\/produkte\/ueberlaufbecken\/kompakte-uberlaufpools\/","url":"https:\/\/imaginox-com.boost.codes\/de\/schwimmbecken\/produkte\/ueberlaufbecken\/kompakte-uberlaufpools\/","name":"Kompakte \u00dcberlaufpools \u2248 IMAGINOX","isPartOf":{"@id":"https:\/\/imaginox-com.boost.codes\/de\/#website"},"datePublished":"2020-06-23T11:15:45+00:00","dateModified":"2021-05-18T10:05:01+00:00","description":"Fertigbecken werden in der Produktionshalle komplett hergestellt, sodass sie in einem St\u00fcck an den Bauort geliefert werden k\u00f6nnen, wodurch sich die Liefer- und Montagezeit vor Ort wesentlich verk\u00fcrzt. Standardisierte Modelle sind f\u00fcr Au\u00dfenrealisationen geeignet, welche per Kran gut zug\u00e4nglich sind.","breadcrumb":{"@id":"https:\/\/imaginox-com.boost.codes\/de\/schwimmbecken\/produkte\/ueberlaufbecken\/kompakte-uberlaufpools\/#breadcrumb"},"inLanguage":"de","potentialAction":[{"@type":"ReadAction","target":["https:\/\/imaginox-com.boost.codes\/de\/schwimmbecken\/produkte\/ueberlaufbecken\/kompakte-uberlaufpools\/"]}]},{"@type":"BreadcrumbList","@id":"https:\/\/imaginox-com.boost.codes\/de\/schwimmbecken\/produkte\/ueberlaufbecken\/kompakte-uberlaufpools\/#breadcrumb","itemListElement":[{"@type":"ListItem","position":1,"name":"Home","item":"https:\/\/imaginox-com.boost.codes\/de\/"},{"@type":"ListItem","position":2,"name":"Imaginox Pools","item":"https:\/\/imaginox-com.boost.codes\/de\/schwimmbecken\/"},{"@type":"ListItem","position":3,"name":"Produkte","item":"https:\/\/imaginox-com.boost.codes\/de\/schwimmbecken\/produkte\/"},{"@type":"ListItem","position":4,"name":"\u00dcberlaufbecken","item":"https:\/\/imaginox-com.boost.codes\/de\/schwimmbecken\/produkte\/ueberlaufbecken\/"},{"@type":"ListItem","position":5,"name":"Kompakte \u00dcberlaufpools"}]},{"@type":"WebSite","@id":"https:\/\/imaginox-com.boost.codes\/de\/#website","url":"https:\/\/imaginox-com.boost.codes\/de\/","name":"IMAGINOX","description":"Edelstahlbecken, Whirlpools und mehr","publisher":{"@id":"https:\/\/imaginox-com.boost.codes\/de\/#organization"},"potentialAction":[{"@type":"SearchAction","target":{"@type":"EntryPoint","urlTemplate":"https:\/\/imaginox-com.boost.codes\/de\/?s={search_term_string}"},"query-input":"required name=search_term_string"}],"inLanguage":"de"},{"@type":"Organization","@id":"https:\/\/imaginox-com.boost.codes\/de\/#organization","name":"IMAGINOX s.r.o.","url":"https:\/\/imaginox-com.boost.codes\/de\/","logo":{"@type":"ImageObject","inLanguage":"de","@id":"https:\/\/imaginox-com.boost.codes\/de\/#\/schema\/logo\/image\/","url":"https:\/\/imaginox-com.boost.codes\/wp-content\/uploads\/2021\/04\/imaginox-header-logo.png","contentUrl":"https:\/\/imaginox-com.boost.codes\/wp-content\/uploads\/2021\/04\/imaginox-header-logo.png","width":622,"height":88,"caption":"IMAGINOX s.r.o."},"image":{"@id":"https:\/\/imaginox-com.boost.codes\/de\/#\/schema\/logo\/image\/"}}]}},"_links":{"self":[{"href":"https:\/\/imaginox-com.boost.codes\/de\/wp-json\/wp\/v2\/pages\/4834"}],"collection":[{"href":"https:\/\/imaginox-com.boost.codes\/de\/wp-json\/wp\/v2\/pages"}],"about":[{"href":"https:\/\/imaginox-com.boost.codes\/de\/wp-json\/wp\/v2\/types\/page"}],"author":[{"embeddable":true,"href":"https:\/\/imaginox-com.boost.codes\/de\/wp-json\/wp\/v2\/users\/1"}],"replies":[{"embeddable":true,"href":"https:\/\/imaginox-com.boost.codes\/de\/wp-json\/wp\/v2\/comments?post=4834"}],"version-history":[{"count":1,"href":"https:\/\/imaginox-com.boost.codes\/de\/wp-json\/wp\/v2\/pages\/4834\/revisions"}],"predecessor-version":[{"id":4836,"href":"https:\/\/imaginox-com.boost.codes\/de\/wp-json\/wp\/v2\/pages\/4834\/revisions\/4836"}],"up":[{"embeddable":true,"href":"https:\/\/imaginox-com.boost.codes\/de\/wp-json\/wp\/v2\/pages\/11040"}],"wp:attachment":[{"href":"https:\/\/imaginox-com.boost.codes\/de\/wp-json\/wp\/v2\/media?parent=4834"}],"curies":[{"name":"wp","href":"https:\/\/api.w.org\/{rel}","templated":true}]}}