{"id":4820,"date":"2020-06-18T10:04:05","date_gmt":"2020-06-18T10:04:05","guid":{"rendered":"https:\/\/imaginox.boost.codes\/products\/skimmer-pools\/"},"modified":"2024-03-21T11:45:41","modified_gmt":"2024-03-21T09:45:41","slug":"edelstahl-pools-whirlpools","status":"publish","type":"page","link":"https:\/\/imaginox-com.boost.codes\/de\/produkte\/edelstahl-pools-whirlpools\/","title":{"rendered":"Edelstahl-Pools &#038; Whirlpools"},"content":{"rendered":"","protected":false},"excerpt":{"rendered":"","protected":false},"author":1,"featured_media":0,"parent":4818,"menu_order":0,"comment_status":"closed","ping_status":"closed","template":"stainless-steel-pools.php","meta":{"footnotes":""},"acf":[],"yoast_head":"<!-- This site is optimized with the Yoast SEO plugin v22.4 - https:\/\/yoast.com\/wordpress\/plugins\/seo\/ -->\n<title>Edelstahl-Pools &amp; Whirlpools \u2248 IMAGINOX<\/title>\n<meta name=\"description\" content=\"Ein Pool kann mehr als nur ein Ort f\u00fcr die Erfrischung sein. Er kann zu einem Design-Element Ihres Gartens oder Interieurs werden und den Ort der Entspannung auf ein v\u00f6llig anderes Niveau heben. IMAGINOX-Pools sind aufgrund ihres Designs, ihrer Qualit\u00e4t, ihrer Best\u00e4ndigkeit sowie der minimalen Anspr\u00fcche an die Wartung die perfekte Wahl sowohl f\u00fcr private als auch kommerzielle Wellness- Anlagen.\" \/>\n<meta name=\"robots\" content=\"noindex, follow, max-snippet:-1, max-image-preview:large, max-video-preview:-1\" \/>\n<meta property=\"og:locale\" content=\"de_DE\" \/>\n<meta property=\"og:type\" content=\"article\" \/>\n<meta property=\"og:title\" content=\"Edelstahl-Pools &amp; Whirlpools \u2248 IMAGINOX\" \/>\n<meta property=\"og:description\" content=\"Ein Pool kann mehr als nur ein Ort f\u00fcr die Erfrischung sein. Er kann zu einem Design-Element Ihres Gartens oder Interieurs werden und den Ort der Entspannung auf ein v\u00f6llig anderes Niveau heben. IMAGINOX-Pools sind aufgrund ihres Designs, ihrer Qualit\u00e4t, ihrer Best\u00e4ndigkeit sowie der minimalen Anspr\u00fcche an die Wartung die perfekte Wahl sowohl f\u00fcr private als auch kommerzielle Wellness- Anlagen.\" \/>\n<meta property=\"og:url\" content=\"https:\/\/imaginox-com.boost.codes\/de\/produkte\/edelstahl-pools-whirlpools\/\" \/>\n<meta property=\"og:site_name\" content=\"IMAGINOX\" \/>\n<meta property=\"article:modified_time\" content=\"2024-03-21T09:45:41+00:00\" \/>\n<meta name=\"twitter:card\" content=\"summary_large_image\" \/>\n<script type=\"application\/ld+json\" class=\"yoast-schema-graph\">{\"@context\":\"https:\/\/schema.org\",\"@graph\":[{\"@type\":\"WebPage\",\"@id\":\"https:\/\/imaginox-com.boost.codes\/de\/produkte\/edelstahl-pools-whirlpools\/\",\"url\":\"https:\/\/imaginox-com.boost.codes\/de\/produkte\/edelstahl-pools-whirlpools\/\",\"name\":\"Edelstahl-Pools & Whirlpools \u2248 IMAGINOX\",\"isPartOf\":{\"@id\":\"https:\/\/imaginox-com.boost.codes\/de\/#website\"},\"datePublished\":\"2020-06-18T10:04:05+00:00\",\"dateModified\":\"2024-03-21T09:45:41+00:00\",\"description\":\"Ein Pool kann mehr als nur ein Ort f\u00fcr die Erfrischung sein. Er kann zu einem Design-Element Ihres Gartens oder Interieurs werden und den Ort der Entspannung auf ein v\u00f6llig anderes Niveau heben. IMAGINOX-Pools sind aufgrund ihres Designs, ihrer Qualit\u00e4t, ihrer Best\u00e4ndigkeit sowie der minimalen Anspr\u00fcche an die Wartung die perfekte Wahl sowohl f\u00fcr private als auch kommerzielle Wellness- Anlagen.\",\"breadcrumb\":{\"@id\":\"https:\/\/imaginox-com.boost.codes\/de\/produkte\/edelstahl-pools-whirlpools\/#breadcrumb\"},\"inLanguage\":\"de\",\"potentialAction\":[{\"@type\":\"ReadAction\",\"target\":[\"https:\/\/imaginox-com.boost.codes\/de\/produkte\/edelstahl-pools-whirlpools\/\"]}]},{\"@type\":\"BreadcrumbList\",\"@id\":\"https:\/\/imaginox-com.boost.codes\/de\/produkte\/edelstahl-pools-whirlpools\/#breadcrumb\",\"itemListElement\":[{\"@type\":\"ListItem\",\"position\":1,\"name\":\"Home\",\"item\":\"https:\/\/imaginox-com.boost.codes\/de\/\"},{\"@type\":\"ListItem\",\"position\":2,\"name\":\"Imaginox Produkte\",\"item\":\"https:\/\/imaginox-com.boost.codes\/de\/produkte\/\"},{\"@type\":\"ListItem\",\"position\":3,\"name\":\"Edelstahl-Pools &#038; Whirlpools\"}]},{\"@type\":\"WebSite\",\"@id\":\"https:\/\/imaginox-com.boost.codes\/de\/#website\",\"url\":\"https:\/\/imaginox-com.boost.codes\/de\/\",\"name\":\"IMAGINOX\",\"description\":\"Edelstahlbecken, Whirlpools und mehr\",\"publisher\":{\"@id\":\"https:\/\/imaginox-com.boost.codes\/de\/#organization\"},\"potentialAction\":[{\"@type\":\"SearchAction\",\"target\":{\"@type\":\"EntryPoint\",\"urlTemplate\":\"https:\/\/imaginox-com.boost.codes\/de\/?s={search_term_string}\"},\"query-input\":\"required name=search_term_string\"}],\"inLanguage\":\"de\"},{\"@type\":\"Organization\",\"@id\":\"https:\/\/imaginox-com.boost.codes\/de\/#organization\",\"name\":\"IMAGINOX s.r.o.\",\"url\":\"https:\/\/imaginox-com.boost.codes\/de\/\",\"logo\":{\"@type\":\"ImageObject\",\"inLanguage\":\"de\",\"@id\":\"https:\/\/imaginox-com.boost.codes\/de\/#\/schema\/logo\/image\/\",\"url\":\"https:\/\/imaginox-com.boost.codes\/wp-content\/uploads\/2021\/04\/imaginox-header-logo.png\",\"contentUrl\":\"https:\/\/imaginox-com.boost.codes\/wp-content\/uploads\/2021\/04\/imaginox-header-logo.png\",\"width\":622,\"height\":88,\"caption\":\"IMAGINOX s.r.o.\"},\"image\":{\"@id\":\"https:\/\/imaginox-com.boost.codes\/de\/#\/schema\/logo\/image\/\"}}]}<\/script>\n<!-- \/ Yoast SEO plugin. -->","yoast_head_json":{"title":"Edelstahl-Pools & Whirlpools \u2248 IMAGINOX","description":"Ein Pool kann mehr als nur ein Ort f\u00fcr die Erfrischung sein. Er kann zu einem Design-Element Ihres Gartens oder Interieurs werden und den Ort der Entspannung auf ein v\u00f6llig anderes Niveau heben. IMAGINOX-Pools sind aufgrund ihres Designs, ihrer Qualit\u00e4t, ihrer Best\u00e4ndigkeit sowie der minimalen Anspr\u00fcche an die Wartung die perfekte Wahl sowohl f\u00fcr private als auch kommerzielle Wellness- Anlagen.","robots":{"index":"noindex","follow":"follow","max-snippet":"max-snippet:-1","max-image-preview":"max-image-preview:large","max-video-preview":"max-video-preview:-1"},"og_locale":"de_DE","og_type":"article","og_title":"Edelstahl-Pools & Whirlpools \u2248 IMAGINOX","og_description":"Ein Pool kann mehr als nur ein Ort f\u00fcr die Erfrischung sein. Er kann zu einem Design-Element Ihres Gartens oder Interieurs werden und den Ort der Entspannung auf ein v\u00f6llig anderes Niveau heben. IMAGINOX-Pools sind aufgrund ihres Designs, ihrer Qualit\u00e4t, ihrer Best\u00e4ndigkeit sowie der minimalen Anspr\u00fcche an die Wartung die perfekte Wahl sowohl f\u00fcr private als auch kommerzielle Wellness- Anlagen.","og_url":"https:\/\/imaginox-com.boost.codes\/de\/produkte\/edelstahl-pools-whirlpools\/","og_site_name":"IMAGINOX","article_modified_time":"2024-03-21T09:45:41+00:00","twitter_card":"summary_large_image","schema":{"@context":"https:\/\/schema.org","@graph":[{"@type":"WebPage","@id":"https:\/\/imaginox-com.boost.codes\/de\/produkte\/edelstahl-pools-whirlpools\/","url":"https:\/\/imaginox-com.boost.codes\/de\/produkte\/edelstahl-pools-whirlpools\/","name":"Edelstahl-Pools & Whirlpools \u2248 IMAGINOX","isPartOf":{"@id":"https:\/\/imaginox-com.boost.codes\/de\/#website"},"datePublished":"2020-06-18T10:04:05+00:00","dateModified":"2024-03-21T09:45:41+00:00","description":"Ein Pool kann mehr als nur ein Ort f\u00fcr die Erfrischung sein. Er kann zu einem Design-Element Ihres Gartens oder Interieurs werden und den Ort der Entspannung auf ein v\u00f6llig anderes Niveau heben. IMAGINOX-Pools sind aufgrund ihres Designs, ihrer Qualit\u00e4t, ihrer Best\u00e4ndigkeit sowie der minimalen Anspr\u00fcche an die Wartung die perfekte Wahl sowohl f\u00fcr private als auch kommerzielle Wellness- Anlagen.","breadcrumb":{"@id":"https:\/\/imaginox-com.boost.codes\/de\/produkte\/edelstahl-pools-whirlpools\/#breadcrumb"},"inLanguage":"de","potentialAction":[{"@type":"ReadAction","target":["https:\/\/imaginox-com.boost.codes\/de\/produkte\/edelstahl-pools-whirlpools\/"]}]},{"@type":"BreadcrumbList","@id":"https:\/\/imaginox-com.boost.codes\/de\/produkte\/edelstahl-pools-whirlpools\/#breadcrumb","itemListElement":[{"@type":"ListItem","position":1,"name":"Home","item":"https:\/\/imaginox-com.boost.codes\/de\/"},{"@type":"ListItem","position":2,"name":"Imaginox Produkte","item":"https:\/\/imaginox-com.boost.codes\/de\/produkte\/"},{"@type":"ListItem","position":3,"name":"Edelstahl-Pools &#038; Whirlpools"}]},{"@type":"WebSite","@id":"https:\/\/imaginox-com.boost.codes\/de\/#website","url":"https:\/\/imaginox-com.boost.codes\/de\/","name":"IMAGINOX","description":"Edelstahlbecken, Whirlpools und mehr","publisher":{"@id":"https:\/\/imaginox-com.boost.codes\/de\/#organization"},"potentialAction":[{"@type":"SearchAction","target":{"@type":"EntryPoint","urlTemplate":"https:\/\/imaginox-com.boost.codes\/de\/?s={search_term_string}"},"query-input":"required name=search_term_string"}],"inLanguage":"de"},{"@type":"Organization","@id":"https:\/\/imaginox-com.boost.codes\/de\/#organization","name":"IMAGINOX s.r.o.","url":"https:\/\/imaginox-com.boost.codes\/de\/","logo":{"@type":"ImageObject","inLanguage":"de","@id":"https:\/\/imaginox-com.boost.codes\/de\/#\/schema\/logo\/image\/","url":"https:\/\/imaginox-com.boost.codes\/wp-content\/uploads\/2021\/04\/imaginox-header-logo.png","contentUrl":"https:\/\/imaginox-com.boost.codes\/wp-content\/uploads\/2021\/04\/imaginox-header-logo.png","width":622,"height":88,"caption":"IMAGINOX s.r.o."},"image":{"@id":"https:\/\/imaginox-com.boost.codes\/de\/#\/schema\/logo\/image\/"}}]}},"_links":{"self":[{"href":"https:\/\/imaginox-com.boost.codes\/de\/wp-json\/wp\/v2\/pages\/4820"}],"collection":[{"href":"https:\/\/imaginox-com.boost.codes\/de\/wp-json\/wp\/v2\/pages"}],"about":[{"href":"https:\/\/imaginox-com.boost.codes\/de\/wp-json\/wp\/v2\/types\/page"}],"author":[{"embeddable":true,"href":"https:\/\/imaginox-com.boost.codes\/de\/wp-json\/wp\/v2\/users\/1"}],"replies":[{"embeddable":true,"href":"https:\/\/imaginox-com.boost.codes\/de\/wp-json\/wp\/v2\/comments?post=4820"}],"version-history":[{"count":3,"href":"https:\/\/imaginox-com.boost.codes\/de\/wp-json\/wp\/v2\/pages\/4820\/revisions"}],"predecessor-version":[{"id":11163,"href":"https:\/\/imaginox-com.boost.codes\/de\/wp-json\/wp\/v2\/pages\/4820\/revisions\/11163"}],"up":[{"embeddable":true,"href":"https:\/\/imaginox-com.boost.codes\/de\/wp-json\/wp\/v2\/pages\/4818"}],"wp:attachment":[{"href":"https:\/\/imaginox-com.boost.codes\/de\/wp-json\/wp\/v2\/media?parent=4820"}],"curies":[{"name":"wp","href":"https:\/\/api.w.org\/{rel}","templated":true}]}}