{"id":4818,"date":"2020-06-03T07:46:18","date_gmt":"2020-06-03T07:46:18","guid":{"rendered":"https:\/\/imaginox.boost.codes\/products\/"},"modified":"2024-03-21T11:11:04","modified_gmt":"2024-03-21T09:11:04","slug":"produkte","status":"publish","type":"page","link":"https:\/\/imaginox-com.boost.codes\/de\/produkte\/","title":{"rendered":"Imaginox Produkte"},"content":{"rendered":"","protected":false},"excerpt":{"rendered":"","protected":false},"author":1,"featured_media":0,"parent":0,"menu_order":0,"comment_status":"closed","ping_status":"closed","template":"products.php","meta":{"footnotes":""},"acf":[],"yoast_head":"<!-- This site is optimized with the Yoast SEO plugin v22.4 - https:\/\/yoast.com\/wordpress\/plugins\/seo\/ -->\n<title>Imaginox Produkte \u2248 IMAGINOX<\/title>\n<meta name=\"description\" content=\"Wir spezialisieren uns aufluxuri\u00f6se Pools, Whirlpools und andere Wellnessprodukte aus Edelstahl. Sie k\u00f6nnen aus einer Vielzahl standardisierter Produkte ausw\u00e4hlen oder sich f\u00fcr die Option der kundenspezifischen Produktion gem\u00e4\u00df Ihren individuellen W\u00fcnschen entscheiden.\" \/>\n<meta name=\"robots\" content=\"noindex, follow, max-snippet:-1, max-image-preview:large, max-video-preview:-1\" \/>\n<meta property=\"og:locale\" content=\"de_DE\" \/>\n<meta property=\"og:type\" content=\"article\" \/>\n<meta property=\"og:title\" content=\"Imaginox Produkte \u2248 IMAGINOX\" \/>\n<meta property=\"og:description\" content=\"Wir spezialisieren uns aufluxuri\u00f6se Pools, Whirlpools und andere Wellnessprodukte aus Edelstahl. Sie k\u00f6nnen aus einer Vielzahl standardisierter Produkte ausw\u00e4hlen oder sich f\u00fcr die Option der kundenspezifischen Produktion gem\u00e4\u00df Ihren individuellen W\u00fcnschen entscheiden.\" \/>\n<meta property=\"og:url\" content=\"https:\/\/imaginox-com.boost.codes\/de\/produkte\/\" \/>\n<meta property=\"og:site_name\" content=\"IMAGINOX\" \/>\n<meta property=\"article:modified_time\" content=\"2024-03-21T09:11:04+00:00\" \/>\n<meta name=\"twitter:card\" content=\"summary_large_image\" \/>\n<script type=\"application\/ld+json\" class=\"yoast-schema-graph\">{\"@context\":\"https:\/\/schema.org\",\"@graph\":[{\"@type\":\"WebPage\",\"@id\":\"https:\/\/imaginox-com.boost.codes\/de\/produkte\/\",\"url\":\"https:\/\/imaginox-com.boost.codes\/de\/produkte\/\",\"name\":\"Imaginox Produkte \u2248 IMAGINOX\",\"isPartOf\":{\"@id\":\"https:\/\/imaginox-com.boost.codes\/de\/#website\"},\"datePublished\":\"2020-06-03T07:46:18+00:00\",\"dateModified\":\"2024-03-21T09:11:04+00:00\",\"description\":\"Wir spezialisieren uns aufluxuri\u00f6se Pools, Whirlpools und andere Wellnessprodukte aus Edelstahl. Sie k\u00f6nnen aus einer Vielzahl standardisierter Produkte ausw\u00e4hlen oder sich f\u00fcr die Option der kundenspezifischen Produktion gem\u00e4\u00df Ihren individuellen W\u00fcnschen entscheiden.\",\"breadcrumb\":{\"@id\":\"https:\/\/imaginox-com.boost.codes\/de\/produkte\/#breadcrumb\"},\"inLanguage\":\"de\",\"potentialAction\":[{\"@type\":\"ReadAction\",\"target\":[\"https:\/\/imaginox-com.boost.codes\/de\/produkte\/\"]}]},{\"@type\":\"BreadcrumbList\",\"@id\":\"https:\/\/imaginox-com.boost.codes\/de\/produkte\/#breadcrumb\",\"itemListElement\":[{\"@type\":\"ListItem\",\"position\":1,\"name\":\"Home\",\"item\":\"https:\/\/imaginox-com.boost.codes\/de\/\"},{\"@type\":\"ListItem\",\"position\":2,\"name\":\"Imaginox Produkte\"}]},{\"@type\":\"WebSite\",\"@id\":\"https:\/\/imaginox-com.boost.codes\/de\/#website\",\"url\":\"https:\/\/imaginox-com.boost.codes\/de\/\",\"name\":\"IMAGINOX\",\"description\":\"Edelstahlbecken, Whirlpools und mehr\",\"publisher\":{\"@id\":\"https:\/\/imaginox-com.boost.codes\/de\/#organization\"},\"potentialAction\":[{\"@type\":\"SearchAction\",\"target\":{\"@type\":\"EntryPoint\",\"urlTemplate\":\"https:\/\/imaginox-com.boost.codes\/de\/?s={search_term_string}\"},\"query-input\":\"required name=search_term_string\"}],\"inLanguage\":\"de\"},{\"@type\":\"Organization\",\"@id\":\"https:\/\/imaginox-com.boost.codes\/de\/#organization\",\"name\":\"IMAGINOX s.r.o.\",\"url\":\"https:\/\/imaginox-com.boost.codes\/de\/\",\"logo\":{\"@type\":\"ImageObject\",\"inLanguage\":\"de\",\"@id\":\"https:\/\/imaginox-com.boost.codes\/de\/#\/schema\/logo\/image\/\",\"url\":\"https:\/\/imaginox-com.boost.codes\/wp-content\/uploads\/2021\/04\/imaginox-header-logo.png\",\"contentUrl\":\"https:\/\/imaginox-com.boost.codes\/wp-content\/uploads\/2021\/04\/imaginox-header-logo.png\",\"width\":622,\"height\":88,\"caption\":\"IMAGINOX s.r.o.\"},\"image\":{\"@id\":\"https:\/\/imaginox-com.boost.codes\/de\/#\/schema\/logo\/image\/\"}}]}<\/script>\n<!-- \/ Yoast SEO plugin. -->","yoast_head_json":{"title":"Imaginox Produkte \u2248 IMAGINOX","description":"Wir spezialisieren uns aufluxuri\u00f6se Pools, Whirlpools und andere Wellnessprodukte aus Edelstahl. Sie k\u00f6nnen aus einer Vielzahl standardisierter Produkte ausw\u00e4hlen oder sich f\u00fcr die Option der kundenspezifischen Produktion gem\u00e4\u00df Ihren individuellen W\u00fcnschen entscheiden.","robots":{"index":"noindex","follow":"follow","max-snippet":"max-snippet:-1","max-image-preview":"max-image-preview:large","max-video-preview":"max-video-preview:-1"},"og_locale":"de_DE","og_type":"article","og_title":"Imaginox Produkte \u2248 IMAGINOX","og_description":"Wir spezialisieren uns aufluxuri\u00f6se Pools, Whirlpools und andere Wellnessprodukte aus Edelstahl. Sie k\u00f6nnen aus einer Vielzahl standardisierter Produkte ausw\u00e4hlen oder sich f\u00fcr die Option der kundenspezifischen Produktion gem\u00e4\u00df Ihren individuellen W\u00fcnschen entscheiden.","og_url":"https:\/\/imaginox-com.boost.codes\/de\/produkte\/","og_site_name":"IMAGINOX","article_modified_time":"2024-03-21T09:11:04+00:00","twitter_card":"summary_large_image","schema":{"@context":"https:\/\/schema.org","@graph":[{"@type":"WebPage","@id":"https:\/\/imaginox-com.boost.codes\/de\/produkte\/","url":"https:\/\/imaginox-com.boost.codes\/de\/produkte\/","name":"Imaginox Produkte \u2248 IMAGINOX","isPartOf":{"@id":"https:\/\/imaginox-com.boost.codes\/de\/#website"},"datePublished":"2020-06-03T07:46:18+00:00","dateModified":"2024-03-21T09:11:04+00:00","description":"Wir spezialisieren uns aufluxuri\u00f6se Pools, Whirlpools und andere Wellnessprodukte aus Edelstahl. Sie k\u00f6nnen aus einer Vielzahl standardisierter Produkte ausw\u00e4hlen oder sich f\u00fcr die Option der kundenspezifischen Produktion gem\u00e4\u00df Ihren individuellen W\u00fcnschen entscheiden.","breadcrumb":{"@id":"https:\/\/imaginox-com.boost.codes\/de\/produkte\/#breadcrumb"},"inLanguage":"de","potentialAction":[{"@type":"ReadAction","target":["https:\/\/imaginox-com.boost.codes\/de\/produkte\/"]}]},{"@type":"BreadcrumbList","@id":"https:\/\/imaginox-com.boost.codes\/de\/produkte\/#breadcrumb","itemListElement":[{"@type":"ListItem","position":1,"name":"Home","item":"https:\/\/imaginox-com.boost.codes\/de\/"},{"@type":"ListItem","position":2,"name":"Imaginox Produkte"}]},{"@type":"WebSite","@id":"https:\/\/imaginox-com.boost.codes\/de\/#website","url":"https:\/\/imaginox-com.boost.codes\/de\/","name":"IMAGINOX","description":"Edelstahlbecken, Whirlpools und mehr","publisher":{"@id":"https:\/\/imaginox-com.boost.codes\/de\/#organization"},"potentialAction":[{"@type":"SearchAction","target":{"@type":"EntryPoint","urlTemplate":"https:\/\/imaginox-com.boost.codes\/de\/?s={search_term_string}"},"query-input":"required name=search_term_string"}],"inLanguage":"de"},{"@type":"Organization","@id":"https:\/\/imaginox-com.boost.codes\/de\/#organization","name":"IMAGINOX s.r.o.","url":"https:\/\/imaginox-com.boost.codes\/de\/","logo":{"@type":"ImageObject","inLanguage":"de","@id":"https:\/\/imaginox-com.boost.codes\/de\/#\/schema\/logo\/image\/","url":"https:\/\/imaginox-com.boost.codes\/wp-content\/uploads\/2021\/04\/imaginox-header-logo.png","contentUrl":"https:\/\/imaginox-com.boost.codes\/wp-content\/uploads\/2021\/04\/imaginox-header-logo.png","width":622,"height":88,"caption":"IMAGINOX s.r.o."},"image":{"@id":"https:\/\/imaginox-com.boost.codes\/de\/#\/schema\/logo\/image\/"}}]}},"_links":{"self":[{"href":"https:\/\/imaginox-com.boost.codes\/de\/wp-json\/wp\/v2\/pages\/4818"}],"collection":[{"href":"https:\/\/imaginox-com.boost.codes\/de\/wp-json\/wp\/v2\/pages"}],"about":[{"href":"https:\/\/imaginox-com.boost.codes\/de\/wp-json\/wp\/v2\/types\/page"}],"author":[{"embeddable":true,"href":"https:\/\/imaginox-com.boost.codes\/de\/wp-json\/wp\/v2\/users\/1"}],"replies":[{"embeddable":true,"href":"https:\/\/imaginox-com.boost.codes\/de\/wp-json\/wp\/v2\/comments?post=4818"}],"version-history":[{"count":4,"href":"https:\/\/imaginox-com.boost.codes\/de\/wp-json\/wp\/v2\/pages\/4818\/revisions"}],"predecessor-version":[{"id":11203,"href":"https:\/\/imaginox-com.boost.codes\/de\/wp-json\/wp\/v2\/pages\/4818\/revisions\/11203"}],"wp:attachment":[{"href":"https:\/\/imaginox-com.boost.codes\/de\/wp-json\/wp\/v2\/media?parent=4818"}],"curies":[{"name":"wp","href":"https:\/\/api.w.org\/{rel}","templated":true}]}}