{"id":11127,"date":"2024-03-11T17:59:56","date_gmt":"2024-03-11T15:59:56","guid":{"rendered":"https:\/\/imaginox-com.boost.codes\/?page_id=11127"},"modified":"2024-03-31T19:49:24","modified_gmt":"2024-03-31T17:49:24","slug":"katalog-erwerben","status":"publish","type":"page","link":"https:\/\/imaginox-com.boost.codes\/de\/katalog-erwerben\/","title":{"rendered":"Katalog erwerben"},"content":{"rendered":"<section class=\"section--catalogue section--light\">\n<div class=\"inner\">\n<h1 class=\"heading heading--bigger heading--center heading--black heading--underline\">Erwerben Sie unseren Katalog.<\/h1>\n<div class=\"row\">\n<div class=\"col-xs-12 col-sm-12 col-md-2 col-lg-2\"><\/div>\n<div class=\"col-xs-12 col-sm-12 col-md-8 col-lg-8\">\n<p class=\"paragraph paragraph--medium align-center margin-top--05x\">Bitte f\u00fcllen Sie das nachstehende Formular aus. Nachfolgend senden wir Ihnen an Ihre E-Mail-Adresse einen Link, \u00fcber welchen Sie das Buch in elektronischer Gestalt herunterladen k\u00f6nnen.<\/p>\n<\/div>\n<div class=\"col-xs-12 col-sm-12 col-md-2 col-lg-2\"><\/div>\n<\/div>\n<div class=\"section--catalogue-form--cat\">\n<div class=\"section--catalogue-form section--queries-form \"><span class=\"paragraph paragraph--medium section--catalogue-form-required-data input-required\">erforderliche Daten<\/span><\/p>\n<div class=\"boost-space-forms\" id=\"bsf-id-61\"><\/div><script src=\"https:\/\/imaginox.system.boost.space\/api\/custom_form.js?id=61&integrity=174de9b1a558537f46184c0cfb735068&el=bsf-id-61&callback=boostSpaceFormsInit&csubmit=boostSpaceFormsSuccessSubmit&lang=de&v=0.4.9\" data-form=\"boost-space\"><\/script><\/div>\n<\/div>\n<\/div>\n<p><!-- .inner --><br \/>\n<\/section>\n<p><!-- section products --><\/p>\n","protected":false},"excerpt":{"rendered":"Erwerben Sie unseren Katalog. Bitte f\u00fcllen Sie das nachstehende Formular aus. Nachfolgend senden wir Ihnen an Ihre E-Mail-Adresse einen Link, \u00fcber welchen Sie das Buch in elektronischer Gestalt herunterladen k\u00f6nnen. erforderliche Daten","protected":false},"author":11,"featured_media":0,"parent":0,"menu_order":0,"comment_status":"closed","ping_status":"closed","template":"","meta":{"footnotes":""},"acf":[],"yoast_head":"<!-- This site is optimized with the Yoast SEO plugin v22.4 - https:\/\/yoast.com\/wordpress\/plugins\/seo\/ -->\n<title>Katalog erwerben \u2248 IMAGINOX<\/title>\n<meta name=\"robots\" content=\"noindex, follow, max-snippet:-1, max-image-preview:large, max-video-preview:-1\" \/>\n<meta property=\"og:locale\" content=\"de_DE\" \/>\n<meta property=\"og:type\" content=\"article\" \/>\n<meta property=\"og:title\" content=\"Katalog erwerben \u2248 IMAGINOX\" \/>\n<meta property=\"og:description\" content=\"Erwerben Sie unseren Katalog. Bitte f\u00fcllen Sie das nachstehende Formular aus. Nachfolgend senden wir Ihnen an Ihre E-Mail-Adresse einen Link, \u00fcber welchen Sie das Buch in elektronischer Gestalt herunterladen k\u00f6nnen. erforderliche Daten\" \/>\n<meta property=\"og:url\" content=\"https:\/\/imaginox-com.boost.codes\/de\/katalog-erwerben\/\" \/>\n<meta property=\"og:site_name\" content=\"IMAGINOX\" \/>\n<meta property=\"article:modified_time\" content=\"2024-03-31T17:49:24+00:00\" \/>\n<meta name=\"twitter:card\" content=\"summary_large_image\" \/>\n<script type=\"application\/ld+json\" class=\"yoast-schema-graph\">{\"@context\":\"https:\/\/schema.org\",\"@graph\":[{\"@type\":\"WebPage\",\"@id\":\"https:\/\/imaginox-com.boost.codes\/de\/katalog-erwerben\/\",\"url\":\"https:\/\/imaginox-com.boost.codes\/de\/katalog-erwerben\/\",\"name\":\"Katalog erwerben \u2248 IMAGINOX\",\"isPartOf\":{\"@id\":\"https:\/\/imaginox-com.boost.codes\/de\/#website\"},\"datePublished\":\"2024-03-11T15:59:56+00:00\",\"dateModified\":\"2024-03-31T17:49:24+00:00\",\"breadcrumb\":{\"@id\":\"https:\/\/imaginox-com.boost.codes\/de\/katalog-erwerben\/#breadcrumb\"},\"inLanguage\":\"de\",\"potentialAction\":[{\"@type\":\"ReadAction\",\"target\":[\"https:\/\/imaginox-com.boost.codes\/de\/katalog-erwerben\/\"]}]},{\"@type\":\"BreadcrumbList\",\"@id\":\"https:\/\/imaginox-com.boost.codes\/de\/katalog-erwerben\/#breadcrumb\",\"itemListElement\":[{\"@type\":\"ListItem\",\"position\":1,\"name\":\"Home\",\"item\":\"https:\/\/imaginox-com.boost.codes\/de\/\"},{\"@type\":\"ListItem\",\"position\":2,\"name\":\"Katalog erwerben\"}]},{\"@type\":\"WebSite\",\"@id\":\"https:\/\/imaginox-com.boost.codes\/de\/#website\",\"url\":\"https:\/\/imaginox-com.boost.codes\/de\/\",\"name\":\"IMAGINOX\",\"description\":\"Edelstahlbecken, Whirlpools und mehr\",\"publisher\":{\"@id\":\"https:\/\/imaginox-com.boost.codes\/de\/#organization\"},\"potentialAction\":[{\"@type\":\"SearchAction\",\"target\":{\"@type\":\"EntryPoint\",\"urlTemplate\":\"https:\/\/imaginox-com.boost.codes\/de\/?s={search_term_string}\"},\"query-input\":\"required name=search_term_string\"}],\"inLanguage\":\"de\"},{\"@type\":\"Organization\",\"@id\":\"https:\/\/imaginox-com.boost.codes\/de\/#organization\",\"name\":\"IMAGINOX s.r.o.\",\"url\":\"https:\/\/imaginox-com.boost.codes\/de\/\",\"logo\":{\"@type\":\"ImageObject\",\"inLanguage\":\"de\",\"@id\":\"https:\/\/imaginox-com.boost.codes\/de\/#\/schema\/logo\/image\/\",\"url\":\"https:\/\/imaginox-com.boost.codes\/wp-content\/uploads\/2021\/04\/imaginox-header-logo.png\",\"contentUrl\":\"https:\/\/imaginox-com.boost.codes\/wp-content\/uploads\/2021\/04\/imaginox-header-logo.png\",\"width\":622,\"height\":88,\"caption\":\"IMAGINOX s.r.o.\"},\"image\":{\"@id\":\"https:\/\/imaginox-com.boost.codes\/de\/#\/schema\/logo\/image\/\"}}]}<\/script>\n<!-- \/ Yoast SEO plugin. -->","yoast_head_json":{"title":"Katalog erwerben \u2248 IMAGINOX","robots":{"index":"noindex","follow":"follow","max-snippet":"max-snippet:-1","max-image-preview":"max-image-preview:large","max-video-preview":"max-video-preview:-1"},"og_locale":"de_DE","og_type":"article","og_title":"Katalog erwerben \u2248 IMAGINOX","og_description":"Erwerben Sie unseren Katalog. Bitte f\u00fcllen Sie das nachstehende Formular aus. Nachfolgend senden wir Ihnen an Ihre E-Mail-Adresse einen Link, \u00fcber welchen Sie das Buch in elektronischer Gestalt herunterladen k\u00f6nnen. erforderliche Daten","og_url":"https:\/\/imaginox-com.boost.codes\/de\/katalog-erwerben\/","og_site_name":"IMAGINOX","article_modified_time":"2024-03-31T17:49:24+00:00","twitter_card":"summary_large_image","schema":{"@context":"https:\/\/schema.org","@graph":[{"@type":"WebPage","@id":"https:\/\/imaginox-com.boost.codes\/de\/katalog-erwerben\/","url":"https:\/\/imaginox-com.boost.codes\/de\/katalog-erwerben\/","name":"Katalog erwerben \u2248 IMAGINOX","isPartOf":{"@id":"https:\/\/imaginox-com.boost.codes\/de\/#website"},"datePublished":"2024-03-11T15:59:56+00:00","dateModified":"2024-03-31T17:49:24+00:00","breadcrumb":{"@id":"https:\/\/imaginox-com.boost.codes\/de\/katalog-erwerben\/#breadcrumb"},"inLanguage":"de","potentialAction":[{"@type":"ReadAction","target":["https:\/\/imaginox-com.boost.codes\/de\/katalog-erwerben\/"]}]},{"@type":"BreadcrumbList","@id":"https:\/\/imaginox-com.boost.codes\/de\/katalog-erwerben\/#breadcrumb","itemListElement":[{"@type":"ListItem","position":1,"name":"Home","item":"https:\/\/imaginox-com.boost.codes\/de\/"},{"@type":"ListItem","position":2,"name":"Katalog erwerben"}]},{"@type":"WebSite","@id":"https:\/\/imaginox-com.boost.codes\/de\/#website","url":"https:\/\/imaginox-com.boost.codes\/de\/","name":"IMAGINOX","description":"Edelstahlbecken, Whirlpools und mehr","publisher":{"@id":"https:\/\/imaginox-com.boost.codes\/de\/#organization"},"potentialAction":[{"@type":"SearchAction","target":{"@type":"EntryPoint","urlTemplate":"https:\/\/imaginox-com.boost.codes\/de\/?s={search_term_string}"},"query-input":"required name=search_term_string"}],"inLanguage":"de"},{"@type":"Organization","@id":"https:\/\/imaginox-com.boost.codes\/de\/#organization","name":"IMAGINOX s.r.o.","url":"https:\/\/imaginox-com.boost.codes\/de\/","logo":{"@type":"ImageObject","inLanguage":"de","@id":"https:\/\/imaginox-com.boost.codes\/de\/#\/schema\/logo\/image\/","url":"https:\/\/imaginox-com.boost.codes\/wp-content\/uploads\/2021\/04\/imaginox-header-logo.png","contentUrl":"https:\/\/imaginox-com.boost.codes\/wp-content\/uploads\/2021\/04\/imaginox-header-logo.png","width":622,"height":88,"caption":"IMAGINOX s.r.o."},"image":{"@id":"https:\/\/imaginox-com.boost.codes\/de\/#\/schema\/logo\/image\/"}}]}},"_links":{"self":[{"href":"https:\/\/imaginox-com.boost.codes\/de\/wp-json\/wp\/v2\/pages\/11127"}],"collection":[{"href":"https:\/\/imaginox-com.boost.codes\/de\/wp-json\/wp\/v2\/pages"}],"about":[{"href":"https:\/\/imaginox-com.boost.codes\/de\/wp-json\/wp\/v2\/types\/page"}],"author":[{"embeddable":true,"href":"https:\/\/imaginox-com.boost.codes\/de\/wp-json\/wp\/v2\/users\/11"}],"replies":[{"embeddable":true,"href":"https:\/\/imaginox-com.boost.codes\/de\/wp-json\/wp\/v2\/comments?post=11127"}],"version-history":[{"count":3,"href":"https:\/\/imaginox-com.boost.codes\/de\/wp-json\/wp\/v2\/pages\/11127\/revisions"}],"predecessor-version":[{"id":11265,"href":"https:\/\/imaginox-com.boost.codes\/de\/wp-json\/wp\/v2\/pages\/11127\/revisions\/11265"}],"wp:attachment":[{"href":"https:\/\/imaginox-com.boost.codes\/de\/wp-json\/wp\/v2\/media?parent=11127"}],"curies":[{"name":"wp","href":"https:\/\/api.w.org\/{rel}","templated":true}]}}