{"id":3483,"date":"2020-08-19T13:18:41","date_gmt":"2020-08-19T13:18:41","guid":{"rendered":"https:\/\/imaginox.boost.codes\/produkty\/virivky\/standard-whirlpools\/"},"modified":"2024-03-07T16:38:29","modified_gmt":"2024-03-07T14:38:29","slug":"nerezove-wellness-produkty","status":"publish","type":"page","link":"https:\/\/imaginox-com.boost.codes\/cs\/bazeny\/produkty\/nerezove-wellness-produkty\/","title":{"rendered":"Nerezov\u00e9 wellness produkty"},"content":{"rendered":"","protected":false},"excerpt":{"rendered":"","protected":false},"author":1,"featured_media":0,"parent":11016,"menu_order":0,"comment_status":"closed","ping_status":"closed","template":"wellness.php","meta":{"footnotes":""},"acf":[],"yoast_head":"<!-- This site is optimized with the Yoast SEO plugin v22.4 - https:\/\/yoast.com\/wordpress\/plugins\/seo\/ -->\n<title>Nerezov\u00e9 wellness produkty \u2248 IMAGINOX<\/title>\n<meta name=\"description\" content=\"Na\u0161e nerezov\u00e9 v\u00ed\u0159ivky IMAGINOX jsou vyr\u00e1b\u011bny i v p\u0159elivn\u00e9 form\u011b a nab\u00edz\u00ed tak luxusn\u00ed alternativu k akryl\u00e1tov\u00fdm van\u00e1m.\" \/>\n<meta name=\"robots\" content=\"noindex, follow, max-snippet:-1, max-image-preview:large, max-video-preview:-1\" \/>\n<meta property=\"og:locale\" content=\"cs_CZ\" \/>\n<meta property=\"og:type\" content=\"article\" \/>\n<meta property=\"og:title\" content=\"Nerezov\u00e9 wellness produkty \u2248 IMAGINOX\" \/>\n<meta property=\"og:description\" content=\"Na\u0161e nerezov\u00e9 v\u00ed\u0159ivky IMAGINOX jsou vyr\u00e1b\u011bny i v p\u0159elivn\u00e9 form\u011b a nab\u00edz\u00ed tak luxusn\u00ed alternativu k akryl\u00e1tov\u00fdm van\u00e1m.\" \/>\n<meta property=\"og:url\" content=\"https:\/\/imaginox-com.boost.codes\/cs\/bazeny\/produkty\/nerezove-wellness-produkty\/\" \/>\n<meta property=\"og:site_name\" content=\"IMAGINOX\" \/>\n<meta property=\"article:modified_time\" content=\"2024-03-07T14:38:29+00:00\" \/>\n<meta name=\"twitter:card\" content=\"summary_large_image\" \/>\n<script type=\"application\/ld+json\" class=\"yoast-schema-graph\">{\"@context\":\"https:\/\/schema.org\",\"@graph\":[{\"@type\":\"WebPage\",\"@id\":\"https:\/\/imaginox-com.boost.codes\/cs\/bazeny\/produkty\/nerezove-wellness-produkty\/\",\"url\":\"https:\/\/imaginox-com.boost.codes\/cs\/bazeny\/produkty\/nerezove-wellness-produkty\/\",\"name\":\"Nerezov\u00e9 wellness produkty \u2248 IMAGINOX\",\"isPartOf\":{\"@id\":\"https:\/\/imaginox-com.boost.codes\/cs\/#website\"},\"datePublished\":\"2020-08-19T13:18:41+00:00\",\"dateModified\":\"2024-03-07T14:38:29+00:00\",\"description\":\"Na\u0161e nerezov\u00e9 v\u00ed\u0159ivky IMAGINOX jsou vyr\u00e1b\u011bny i v p\u0159elivn\u00e9 form\u011b a nab\u00edz\u00ed tak luxusn\u00ed alternativu k akryl\u00e1tov\u00fdm van\u00e1m.\",\"breadcrumb\":{\"@id\":\"https:\/\/imaginox-com.boost.codes\/cs\/bazeny\/produkty\/nerezove-wellness-produkty\/#breadcrumb\"},\"inLanguage\":\"cs\",\"potentialAction\":[{\"@type\":\"ReadAction\",\"target\":[\"https:\/\/imaginox-com.boost.codes\/cs\/bazeny\/produkty\/nerezove-wellness-produkty\/\"]}]},{\"@type\":\"BreadcrumbList\",\"@id\":\"https:\/\/imaginox-com.boost.codes\/cs\/bazeny\/produkty\/nerezove-wellness-produkty\/#breadcrumb\",\"itemListElement\":[{\"@type\":\"ListItem\",\"position\":1,\"name\":\"Home\",\"item\":\"https:\/\/imaginox-com.boost.codes\/cs\/\"},{\"@type\":\"ListItem\",\"position\":2,\"name\":\"Imaginox Pools\",\"item\":\"https:\/\/imaginox-com.boost.codes\/cs\/bazeny\/\"},{\"@type\":\"ListItem\",\"position\":3,\"name\":\"Produkty\",\"item\":\"https:\/\/imaginox-com.boost.codes\/cs\/bazeny\/produkty\/\"},{\"@type\":\"ListItem\",\"position\":4,\"name\":\"Nerezov\u00e9 wellness produkty\"}]},{\"@type\":\"WebSite\",\"@id\":\"https:\/\/imaginox-com.boost.codes\/cs\/#website\",\"url\":\"https:\/\/imaginox-com.boost.codes\/cs\/\",\"name\":\"IMAGINOX\",\"description\":\"Nerezov\u00e9 baz\u00e9ny, v\u00ed\u0159ivky a dal\u0161\u00ed wellness produkty\",\"publisher\":{\"@id\":\"https:\/\/imaginox-com.boost.codes\/cs\/#organization\"},\"potentialAction\":[{\"@type\":\"SearchAction\",\"target\":{\"@type\":\"EntryPoint\",\"urlTemplate\":\"https:\/\/imaginox-com.boost.codes\/cs\/?s={search_term_string}\"},\"query-input\":\"required name=search_term_string\"}],\"inLanguage\":\"cs\"},{\"@type\":\"Organization\",\"@id\":\"https:\/\/imaginox-com.boost.codes\/cs\/#organization\",\"name\":\"IMAGINOX s.r.o.\",\"url\":\"https:\/\/imaginox-com.boost.codes\/cs\/\",\"logo\":{\"@type\":\"ImageObject\",\"inLanguage\":\"cs\",\"@id\":\"https:\/\/imaginox-com.boost.codes\/cs\/#\/schema\/logo\/image\/\",\"url\":\"https:\/\/imaginox-com.boost.codes\/wp-content\/uploads\/2021\/04\/imaginox-header-logo.png\",\"contentUrl\":\"https:\/\/imaginox-com.boost.codes\/wp-content\/uploads\/2021\/04\/imaginox-header-logo.png\",\"width\":622,\"height\":88,\"caption\":\"IMAGINOX s.r.o.\"},\"image\":{\"@id\":\"https:\/\/imaginox-com.boost.codes\/cs\/#\/schema\/logo\/image\/\"}}]}<\/script>\n<!-- \/ Yoast SEO plugin. -->","yoast_head_json":{"title":"Nerezov\u00e9 wellness produkty \u2248 IMAGINOX","description":"Na\u0161e nerezov\u00e9 v\u00ed\u0159ivky IMAGINOX jsou vyr\u00e1b\u011bny i v p\u0159elivn\u00e9 form\u011b a nab\u00edz\u00ed tak luxusn\u00ed alternativu k akryl\u00e1tov\u00fdm van\u00e1m.","robots":{"index":"noindex","follow":"follow","max-snippet":"max-snippet:-1","max-image-preview":"max-image-preview:large","max-video-preview":"max-video-preview:-1"},"og_locale":"cs_CZ","og_type":"article","og_title":"Nerezov\u00e9 wellness produkty \u2248 IMAGINOX","og_description":"Na\u0161e nerezov\u00e9 v\u00ed\u0159ivky IMAGINOX jsou vyr\u00e1b\u011bny i v p\u0159elivn\u00e9 form\u011b a nab\u00edz\u00ed tak luxusn\u00ed alternativu k akryl\u00e1tov\u00fdm van\u00e1m.","og_url":"https:\/\/imaginox-com.boost.codes\/cs\/bazeny\/produkty\/nerezove-wellness-produkty\/","og_site_name":"IMAGINOX","article_modified_time":"2024-03-07T14:38:29+00:00","twitter_card":"summary_large_image","schema":{"@context":"https:\/\/schema.org","@graph":[{"@type":"WebPage","@id":"https:\/\/imaginox-com.boost.codes\/cs\/bazeny\/produkty\/nerezove-wellness-produkty\/","url":"https:\/\/imaginox-com.boost.codes\/cs\/bazeny\/produkty\/nerezove-wellness-produkty\/","name":"Nerezov\u00e9 wellness produkty \u2248 IMAGINOX","isPartOf":{"@id":"https:\/\/imaginox-com.boost.codes\/cs\/#website"},"datePublished":"2020-08-19T13:18:41+00:00","dateModified":"2024-03-07T14:38:29+00:00","description":"Na\u0161e nerezov\u00e9 v\u00ed\u0159ivky IMAGINOX jsou vyr\u00e1b\u011bny i v p\u0159elivn\u00e9 form\u011b a nab\u00edz\u00ed tak luxusn\u00ed alternativu k akryl\u00e1tov\u00fdm van\u00e1m.","breadcrumb":{"@id":"https:\/\/imaginox-com.boost.codes\/cs\/bazeny\/produkty\/nerezove-wellness-produkty\/#breadcrumb"},"inLanguage":"cs","potentialAction":[{"@type":"ReadAction","target":["https:\/\/imaginox-com.boost.codes\/cs\/bazeny\/produkty\/nerezove-wellness-produkty\/"]}]},{"@type":"BreadcrumbList","@id":"https:\/\/imaginox-com.boost.codes\/cs\/bazeny\/produkty\/nerezove-wellness-produkty\/#breadcrumb","itemListElement":[{"@type":"ListItem","position":1,"name":"Home","item":"https:\/\/imaginox-com.boost.codes\/cs\/"},{"@type":"ListItem","position":2,"name":"Imaginox Pools","item":"https:\/\/imaginox-com.boost.codes\/cs\/bazeny\/"},{"@type":"ListItem","position":3,"name":"Produkty","item":"https:\/\/imaginox-com.boost.codes\/cs\/bazeny\/produkty\/"},{"@type":"ListItem","position":4,"name":"Nerezov\u00e9 wellness produkty"}]},{"@type":"WebSite","@id":"https:\/\/imaginox-com.boost.codes\/cs\/#website","url":"https:\/\/imaginox-com.boost.codes\/cs\/","name":"IMAGINOX","description":"Nerezov\u00e9 baz\u00e9ny, v\u00ed\u0159ivky a dal\u0161\u00ed wellness produkty","publisher":{"@id":"https:\/\/imaginox-com.boost.codes\/cs\/#organization"},"potentialAction":[{"@type":"SearchAction","target":{"@type":"EntryPoint","urlTemplate":"https:\/\/imaginox-com.boost.codes\/cs\/?s={search_term_string}"},"query-input":"required name=search_term_string"}],"inLanguage":"cs"},{"@type":"Organization","@id":"https:\/\/imaginox-com.boost.codes\/cs\/#organization","name":"IMAGINOX s.r.o.","url":"https:\/\/imaginox-com.boost.codes\/cs\/","logo":{"@type":"ImageObject","inLanguage":"cs","@id":"https:\/\/imaginox-com.boost.codes\/cs\/#\/schema\/logo\/image\/","url":"https:\/\/imaginox-com.boost.codes\/wp-content\/uploads\/2021\/04\/imaginox-header-logo.png","contentUrl":"https:\/\/imaginox-com.boost.codes\/wp-content\/uploads\/2021\/04\/imaginox-header-logo.png","width":622,"height":88,"caption":"IMAGINOX s.r.o."},"image":{"@id":"https:\/\/imaginox-com.boost.codes\/cs\/#\/schema\/logo\/image\/"}}]}},"_links":{"self":[{"href":"https:\/\/imaginox-com.boost.codes\/cs\/wp-json\/wp\/v2\/pages\/3483"}],"collection":[{"href":"https:\/\/imaginox-com.boost.codes\/cs\/wp-json\/wp\/v2\/pages"}],"about":[{"href":"https:\/\/imaginox-com.boost.codes\/cs\/wp-json\/wp\/v2\/types\/page"}],"author":[{"embeddable":true,"href":"https:\/\/imaginox-com.boost.codes\/cs\/wp-json\/wp\/v2\/users\/1"}],"replies":[{"embeddable":true,"href":"https:\/\/imaginox-com.boost.codes\/cs\/wp-json\/wp\/v2\/comments?post=3483"}],"version-history":[{"count":2,"href":"https:\/\/imaginox-com.boost.codes\/cs\/wp-json\/wp\/v2\/pages\/3483\/revisions"}],"predecessor-version":[{"id":11085,"href":"https:\/\/imaginox-com.boost.codes\/cs\/wp-json\/wp\/v2\/pages\/3483\/revisions\/11085"}],"up":[{"embeddable":true,"href":"https:\/\/imaginox-com.boost.codes\/cs\/wp-json\/wp\/v2\/pages\/11016"}],"wp:attachment":[{"href":"https:\/\/imaginox-com.boost.codes\/cs\/wp-json\/wp\/v2\/media?parent=3483"}],"curies":[{"name":"wp","href":"https:\/\/api.w.org\/{rel}","templated":true}]}}