{"id":3479,"date":"2020-08-19T13:18:30","date_gmt":"2020-08-19T13:18:30","guid":{"rendered":"https:\/\/imaginox.boost.codes\/produkty\/virivky\/customised-whirlpools\/"},"modified":"2022-11-28T12:50:49","modified_gmt":"2022-11-28T10:50:49","slug":"individualni-virivky","status":"publish","type":"page","link":"https:\/\/imaginox-com.boost.codes\/cs\/bazeny\/produkty\/nerezove-virivky\/individualni-virivky\/","title":{"rendered":"Individu\u00e1ln\u00ed v\u00ed\u0159ivky"},"content":{"rendered":"","protected":false},"excerpt":{"rendered":"","protected":false},"author":1,"featured_media":0,"parent":11024,"menu_order":0,"comment_status":"closed","ping_status":"closed","template":"products-whirlpools-customised.php","meta":{"footnotes":""},"acf":[],"yoast_head":"<!-- This site is optimized with the Yoast SEO plugin v22.4 - https:\/\/yoast.com\/wordpress\/plugins\/seo\/ -->\n<title>Individu\u00e1ln\u00ed nerezov\u00e9 v\u00ed\u0159ivky \u2248 IMAGINOX<\/title>\n<meta name=\"description\" content=\"V\u00ed\u0159ivky v\u00e1m zhotov\u00edme v jak\u00e9mkoli tvaru \u010di velikosti a z\u00e1rove\u0148 si budete moci zvolit v\u00fdbavu, kter\u00e1 bude p\u0159esn\u011b odpov\u00eddat va\u0161im pot\u0159eb\u00e1m.\" \/>\n<meta name=\"robots\" content=\"noindex, follow, max-snippet:-1, max-image-preview:large, max-video-preview:-1\" \/>\n<meta property=\"og:locale\" content=\"cs_CZ\" \/>\n<meta property=\"og:type\" content=\"article\" \/>\n<meta property=\"og:title\" content=\"Individu\u00e1ln\u00ed nerezov\u00e9 v\u00ed\u0159ivky \u2248 IMAGINOX\" \/>\n<meta property=\"og:description\" content=\"V\u00ed\u0159ivky v\u00e1m zhotov\u00edme v jak\u00e9mkoli tvaru \u010di velikosti a z\u00e1rove\u0148 si budete moci zvolit v\u00fdbavu, kter\u00e1 bude p\u0159esn\u011b odpov\u00eddat va\u0161im pot\u0159eb\u00e1m.\" \/>\n<meta property=\"og:url\" content=\"https:\/\/imaginox-com.boost.codes\/cs\/bazeny\/produkty\/nerezove-virivky\/individualni-virivky\/\" \/>\n<meta property=\"og:site_name\" content=\"IMAGINOX\" \/>\n<meta property=\"article:modified_time\" content=\"2022-11-28T10:50:49+00:00\" \/>\n<meta name=\"twitter:card\" content=\"summary_large_image\" \/>\n<script type=\"application\/ld+json\" class=\"yoast-schema-graph\">{\"@context\":\"https:\/\/schema.org\",\"@graph\":[{\"@type\":\"WebPage\",\"@id\":\"https:\/\/imaginox-com.boost.codes\/cs\/bazeny\/produkty\/nerezove-virivky\/individualni-virivky\/\",\"url\":\"https:\/\/imaginox-com.boost.codes\/cs\/bazeny\/produkty\/nerezove-virivky\/individualni-virivky\/\",\"name\":\"Individu\u00e1ln\u00ed nerezov\u00e9 v\u00ed\u0159ivky \u2248 IMAGINOX\",\"isPartOf\":{\"@id\":\"https:\/\/imaginox-com.boost.codes\/cs\/#website\"},\"datePublished\":\"2020-08-19T13:18:30+00:00\",\"dateModified\":\"2022-11-28T10:50:49+00:00\",\"description\":\"V\u00ed\u0159ivky v\u00e1m zhotov\u00edme v jak\u00e9mkoli tvaru \u010di velikosti a z\u00e1rove\u0148 si budete moci zvolit v\u00fdbavu, kter\u00e1 bude p\u0159esn\u011b odpov\u00eddat va\u0161im pot\u0159eb\u00e1m.\",\"breadcrumb\":{\"@id\":\"https:\/\/imaginox-com.boost.codes\/cs\/bazeny\/produkty\/nerezove-virivky\/individualni-virivky\/#breadcrumb\"},\"inLanguage\":\"cs\",\"potentialAction\":[{\"@type\":\"ReadAction\",\"target\":[\"https:\/\/imaginox-com.boost.codes\/cs\/bazeny\/produkty\/nerezove-virivky\/individualni-virivky\/\"]}]},{\"@type\":\"BreadcrumbList\",\"@id\":\"https:\/\/imaginox-com.boost.codes\/cs\/bazeny\/produkty\/nerezove-virivky\/individualni-virivky\/#breadcrumb\",\"itemListElement\":[{\"@type\":\"ListItem\",\"position\":1,\"name\":\"Home\",\"item\":\"https:\/\/imaginox-com.boost.codes\/cs\/\"},{\"@type\":\"ListItem\",\"position\":2,\"name\":\"Produkty\",\"item\":\"https:\/\/imaginox-com.boost.codes\/cs\/produkty\/\"},{\"@type\":\"ListItem\",\"position\":3,\"name\":\"Posuvn\u00e1 dna &#038; terasy\",\"item\":\"https:\/\/imaginox-com.boost.codes\/cs\/produkty\/posuvna-dna-terasy\/\"},{\"@type\":\"ListItem\",\"position\":4,\"name\":\"Individu\u00e1ln\u00ed v\u00ed\u0159ivky\"}]},{\"@type\":\"WebSite\",\"@id\":\"https:\/\/imaginox-com.boost.codes\/cs\/#website\",\"url\":\"https:\/\/imaginox-com.boost.codes\/cs\/\",\"name\":\"IMAGINOX\",\"description\":\"Nerezov\u00e9 baz\u00e9ny, v\u00ed\u0159ivky a dal\u0161\u00ed wellness produkty\",\"publisher\":{\"@id\":\"https:\/\/imaginox-com.boost.codes\/cs\/#organization\"},\"potentialAction\":[{\"@type\":\"SearchAction\",\"target\":{\"@type\":\"EntryPoint\",\"urlTemplate\":\"https:\/\/imaginox-com.boost.codes\/cs\/?s={search_term_string}\"},\"query-input\":\"required name=search_term_string\"}],\"inLanguage\":\"cs\"},{\"@type\":\"Organization\",\"@id\":\"https:\/\/imaginox-com.boost.codes\/cs\/#organization\",\"name\":\"IMAGINOX s.r.o.\",\"url\":\"https:\/\/imaginox-com.boost.codes\/cs\/\",\"logo\":{\"@type\":\"ImageObject\",\"inLanguage\":\"cs\",\"@id\":\"https:\/\/imaginox-com.boost.codes\/cs\/#\/schema\/logo\/image\/\",\"url\":\"https:\/\/imaginox-com.boost.codes\/wp-content\/uploads\/2021\/04\/imaginox-header-logo.png\",\"contentUrl\":\"https:\/\/imaginox-com.boost.codes\/wp-content\/uploads\/2021\/04\/imaginox-header-logo.png\",\"width\":622,\"height\":88,\"caption\":\"IMAGINOX s.r.o.\"},\"image\":{\"@id\":\"https:\/\/imaginox-com.boost.codes\/cs\/#\/schema\/logo\/image\/\"}}]}<\/script>\n<!-- \/ Yoast SEO plugin. -->","yoast_head_json":{"title":"Individu\u00e1ln\u00ed nerezov\u00e9 v\u00ed\u0159ivky \u2248 IMAGINOX","description":"V\u00ed\u0159ivky v\u00e1m zhotov\u00edme v jak\u00e9mkoli tvaru \u010di velikosti a z\u00e1rove\u0148 si budete moci zvolit v\u00fdbavu, kter\u00e1 bude p\u0159esn\u011b odpov\u00eddat va\u0161im pot\u0159eb\u00e1m.","robots":{"index":"noindex","follow":"follow","max-snippet":"max-snippet:-1","max-image-preview":"max-image-preview:large","max-video-preview":"max-video-preview:-1"},"og_locale":"cs_CZ","og_type":"article","og_title":"Individu\u00e1ln\u00ed nerezov\u00e9 v\u00ed\u0159ivky \u2248 IMAGINOX","og_description":"V\u00ed\u0159ivky v\u00e1m zhotov\u00edme v jak\u00e9mkoli tvaru \u010di velikosti a z\u00e1rove\u0148 si budete moci zvolit v\u00fdbavu, kter\u00e1 bude p\u0159esn\u011b odpov\u00eddat va\u0161im pot\u0159eb\u00e1m.","og_url":"https:\/\/imaginox-com.boost.codes\/cs\/bazeny\/produkty\/nerezove-virivky\/individualni-virivky\/","og_site_name":"IMAGINOX","article_modified_time":"2022-11-28T10:50:49+00:00","twitter_card":"summary_large_image","schema":{"@context":"https:\/\/schema.org","@graph":[{"@type":"WebPage","@id":"https:\/\/imaginox-com.boost.codes\/cs\/bazeny\/produkty\/nerezove-virivky\/individualni-virivky\/","url":"https:\/\/imaginox-com.boost.codes\/cs\/bazeny\/produkty\/nerezove-virivky\/individualni-virivky\/","name":"Individu\u00e1ln\u00ed nerezov\u00e9 v\u00ed\u0159ivky \u2248 IMAGINOX","isPartOf":{"@id":"https:\/\/imaginox-com.boost.codes\/cs\/#website"},"datePublished":"2020-08-19T13:18:30+00:00","dateModified":"2022-11-28T10:50:49+00:00","description":"V\u00ed\u0159ivky v\u00e1m zhotov\u00edme v jak\u00e9mkoli tvaru \u010di velikosti a z\u00e1rove\u0148 si budete moci zvolit v\u00fdbavu, kter\u00e1 bude p\u0159esn\u011b odpov\u00eddat va\u0161im pot\u0159eb\u00e1m.","breadcrumb":{"@id":"https:\/\/imaginox-com.boost.codes\/cs\/bazeny\/produkty\/nerezove-virivky\/individualni-virivky\/#breadcrumb"},"inLanguage":"cs","potentialAction":[{"@type":"ReadAction","target":["https:\/\/imaginox-com.boost.codes\/cs\/bazeny\/produkty\/nerezove-virivky\/individualni-virivky\/"]}]},{"@type":"BreadcrumbList","@id":"https:\/\/imaginox-com.boost.codes\/cs\/bazeny\/produkty\/nerezove-virivky\/individualni-virivky\/#breadcrumb","itemListElement":[{"@type":"ListItem","position":1,"name":"Home","item":"https:\/\/imaginox-com.boost.codes\/cs\/"},{"@type":"ListItem","position":2,"name":"Produkty","item":"https:\/\/imaginox-com.boost.codes\/cs\/produkty\/"},{"@type":"ListItem","position":3,"name":"Posuvn\u00e1 dna &#038; terasy","item":"https:\/\/imaginox-com.boost.codes\/cs\/produkty\/posuvna-dna-terasy\/"},{"@type":"ListItem","position":4,"name":"Individu\u00e1ln\u00ed v\u00ed\u0159ivky"}]},{"@type":"WebSite","@id":"https:\/\/imaginox-com.boost.codes\/cs\/#website","url":"https:\/\/imaginox-com.boost.codes\/cs\/","name":"IMAGINOX","description":"Nerezov\u00e9 baz\u00e9ny, v\u00ed\u0159ivky a dal\u0161\u00ed wellness produkty","publisher":{"@id":"https:\/\/imaginox-com.boost.codes\/cs\/#organization"},"potentialAction":[{"@type":"SearchAction","target":{"@type":"EntryPoint","urlTemplate":"https:\/\/imaginox-com.boost.codes\/cs\/?s={search_term_string}"},"query-input":"required name=search_term_string"}],"inLanguage":"cs"},{"@type":"Organization","@id":"https:\/\/imaginox-com.boost.codes\/cs\/#organization","name":"IMAGINOX s.r.o.","url":"https:\/\/imaginox-com.boost.codes\/cs\/","logo":{"@type":"ImageObject","inLanguage":"cs","@id":"https:\/\/imaginox-com.boost.codes\/cs\/#\/schema\/logo\/image\/","url":"https:\/\/imaginox-com.boost.codes\/wp-content\/uploads\/2021\/04\/imaginox-header-logo.png","contentUrl":"https:\/\/imaginox-com.boost.codes\/wp-content\/uploads\/2021\/04\/imaginox-header-logo.png","width":622,"height":88,"caption":"IMAGINOX s.r.o."},"image":{"@id":"https:\/\/imaginox-com.boost.codes\/cs\/#\/schema\/logo\/image\/"}}]}},"_links":{"self":[{"href":"https:\/\/imaginox-com.boost.codes\/cs\/wp-json\/wp\/v2\/pages\/3479"}],"collection":[{"href":"https:\/\/imaginox-com.boost.codes\/cs\/wp-json\/wp\/v2\/pages"}],"about":[{"href":"https:\/\/imaginox-com.boost.codes\/cs\/wp-json\/wp\/v2\/types\/page"}],"author":[{"embeddable":true,"href":"https:\/\/imaginox-com.boost.codes\/cs\/wp-json\/wp\/v2\/users\/1"}],"replies":[{"embeddable":true,"href":"https:\/\/imaginox-com.boost.codes\/cs\/wp-json\/wp\/v2\/comments?post=3479"}],"version-history":[{"count":1,"href":"https:\/\/imaginox-com.boost.codes\/cs\/wp-json\/wp\/v2\/pages\/3479\/revisions"}],"predecessor-version":[{"id":4524,"href":"https:\/\/imaginox-com.boost.codes\/cs\/wp-json\/wp\/v2\/pages\/3479\/revisions\/4524"}],"up":[{"embeddable":true,"href":"https:\/\/imaginox-com.boost.codes\/cs\/wp-json\/wp\/v2\/pages\/11024"}],"wp:attachment":[{"href":"https:\/\/imaginox-com.boost.codes\/cs\/wp-json\/wp\/v2\/media?parent=3479"}],"curies":[{"name":"wp","href":"https:\/\/api.w.org\/{rel}","templated":true}]}}