{"id":3467,"date":"2020-08-19T13:17:53","date_gmt":"2020-08-19T13:17:53","guid":{"rendered":"https:\/\/imaginox.boost.codes\/produkty\/skimmer-pools\/"},"modified":"2024-02-22T21:13:09","modified_gmt":"2024-02-22T19:13:09","slug":"nerezove-bazeny-virivky","status":"publish","type":"page","link":"https:\/\/imaginox-com.boost.codes\/cs\/produkty\/nerezove-bazeny-virivky\/","title":{"rendered":"Nerezov\u00e9 baz\u00e9ny &#038; v\u00ed\u0159ivky"},"content":{"rendered":"","protected":false},"excerpt":{"rendered":"","protected":false},"author":1,"featured_media":0,"parent":3427,"menu_order":0,"comment_status":"closed","ping_status":"closed","template":"stainless-steel-pools.php","meta":{"footnotes":""},"acf":[],"yoast_head":"<!-- This site is optimized with the Yoast SEO plugin v22.4 - https:\/\/yoast.com\/wordpress\/plugins\/seo\/ -->\n<title>Nerezov\u00e9 baz\u00e9ny &amp; v\u00ed\u0159ivky \u2248 IMAGINOX<\/title>\n<meta name=\"description\" content=\"Skimmerov\u00e9 baz\u00e9ny jsou obl\u00edbenou variantou u priv\u00e1tn\u00edch realizac\u00ed, a to jak u exteri\u00e9rov\u00fdch, tak interi\u00e9rov\u00fdch baz\u00e9n\u016f.\" \/>\n<meta name=\"robots\" content=\"noindex, follow, max-snippet:-1, max-image-preview:large, max-video-preview:-1\" \/>\n<meta property=\"og:locale\" content=\"cs_CZ\" \/>\n<meta property=\"og:type\" content=\"article\" \/>\n<meta property=\"og:title\" content=\"Nerezov\u00e9 baz\u00e9ny &amp; v\u00ed\u0159ivky \u2248 IMAGINOX\" \/>\n<meta property=\"og:description\" content=\"Skimmerov\u00e9 baz\u00e9ny jsou obl\u00edbenou variantou u priv\u00e1tn\u00edch realizac\u00ed, a to jak u exteri\u00e9rov\u00fdch, tak interi\u00e9rov\u00fdch baz\u00e9n\u016f.\" \/>\n<meta property=\"og:url\" content=\"https:\/\/imaginox-com.boost.codes\/cs\/produkty\/nerezove-bazeny-virivky\/\" \/>\n<meta property=\"og:site_name\" content=\"IMAGINOX\" \/>\n<meta property=\"article:modified_time\" content=\"2024-02-22T19:13:09+00:00\" \/>\n<meta name=\"twitter:card\" content=\"summary_large_image\" \/>\n<script type=\"application\/ld+json\" class=\"yoast-schema-graph\">{\"@context\":\"https:\/\/schema.org\",\"@graph\":[{\"@type\":\"WebPage\",\"@id\":\"https:\/\/imaginox-com.boost.codes\/cs\/produkty\/nerezove-bazeny-virivky\/\",\"url\":\"https:\/\/imaginox-com.boost.codes\/cs\/produkty\/nerezove-bazeny-virivky\/\",\"name\":\"Nerezov\u00e9 baz\u00e9ny & v\u00ed\u0159ivky \u2248 IMAGINOX\",\"isPartOf\":{\"@id\":\"https:\/\/imaginox-com.boost.codes\/cs\/#website\"},\"datePublished\":\"2020-08-19T13:17:53+00:00\",\"dateModified\":\"2024-02-22T19:13:09+00:00\",\"description\":\"Skimmerov\u00e9 baz\u00e9ny jsou obl\u00edbenou variantou u priv\u00e1tn\u00edch realizac\u00ed, a to jak u exteri\u00e9rov\u00fdch, tak interi\u00e9rov\u00fdch baz\u00e9n\u016f.\",\"breadcrumb\":{\"@id\":\"https:\/\/imaginox-com.boost.codes\/cs\/produkty\/nerezove-bazeny-virivky\/#breadcrumb\"},\"inLanguage\":\"cs\",\"potentialAction\":[{\"@type\":\"ReadAction\",\"target\":[\"https:\/\/imaginox-com.boost.codes\/cs\/produkty\/nerezove-bazeny-virivky\/\"]}]},{\"@type\":\"BreadcrumbList\",\"@id\":\"https:\/\/imaginox-com.boost.codes\/cs\/produkty\/nerezove-bazeny-virivky\/#breadcrumb\",\"itemListElement\":[{\"@type\":\"ListItem\",\"position\":1,\"name\":\"Home\",\"item\":\"https:\/\/imaginox-com.boost.codes\/cs\/\"},{\"@type\":\"ListItem\",\"position\":2,\"name\":\"Produkty\",\"item\":\"https:\/\/imaginox-com.boost.codes\/cs\/produkty\/\"},{\"@type\":\"ListItem\",\"position\":3,\"name\":\"Nerezov\u00e9 baz\u00e9ny &#038; v\u00ed\u0159ivky\"}]},{\"@type\":\"WebSite\",\"@id\":\"https:\/\/imaginox-com.boost.codes\/cs\/#website\",\"url\":\"https:\/\/imaginox-com.boost.codes\/cs\/\",\"name\":\"IMAGINOX\",\"description\":\"Nerezov\u00e9 baz\u00e9ny, v\u00ed\u0159ivky a dal\u0161\u00ed wellness produkty\",\"publisher\":{\"@id\":\"https:\/\/imaginox-com.boost.codes\/cs\/#organization\"},\"potentialAction\":[{\"@type\":\"SearchAction\",\"target\":{\"@type\":\"EntryPoint\",\"urlTemplate\":\"https:\/\/imaginox-com.boost.codes\/cs\/?s={search_term_string}\"},\"query-input\":\"required name=search_term_string\"}],\"inLanguage\":\"cs\"},{\"@type\":\"Organization\",\"@id\":\"https:\/\/imaginox-com.boost.codes\/cs\/#organization\",\"name\":\"IMAGINOX s.r.o.\",\"url\":\"https:\/\/imaginox-com.boost.codes\/cs\/\",\"logo\":{\"@type\":\"ImageObject\",\"inLanguage\":\"cs\",\"@id\":\"https:\/\/imaginox-com.boost.codes\/cs\/#\/schema\/logo\/image\/\",\"url\":\"https:\/\/imaginox-com.boost.codes\/wp-content\/uploads\/2021\/04\/imaginox-header-logo.png\",\"contentUrl\":\"https:\/\/imaginox-com.boost.codes\/wp-content\/uploads\/2021\/04\/imaginox-header-logo.png\",\"width\":622,\"height\":88,\"caption\":\"IMAGINOX s.r.o.\"},\"image\":{\"@id\":\"https:\/\/imaginox-com.boost.codes\/cs\/#\/schema\/logo\/image\/\"}}]}<\/script>\n<!-- \/ Yoast SEO plugin. -->","yoast_head_json":{"title":"Nerezov\u00e9 baz\u00e9ny & v\u00ed\u0159ivky \u2248 IMAGINOX","description":"Skimmerov\u00e9 baz\u00e9ny jsou obl\u00edbenou variantou u priv\u00e1tn\u00edch realizac\u00ed, a to jak u exteri\u00e9rov\u00fdch, tak interi\u00e9rov\u00fdch baz\u00e9n\u016f.","robots":{"index":"noindex","follow":"follow","max-snippet":"max-snippet:-1","max-image-preview":"max-image-preview:large","max-video-preview":"max-video-preview:-1"},"og_locale":"cs_CZ","og_type":"article","og_title":"Nerezov\u00e9 baz\u00e9ny & v\u00ed\u0159ivky \u2248 IMAGINOX","og_description":"Skimmerov\u00e9 baz\u00e9ny jsou obl\u00edbenou variantou u priv\u00e1tn\u00edch realizac\u00ed, a to jak u exteri\u00e9rov\u00fdch, tak interi\u00e9rov\u00fdch baz\u00e9n\u016f.","og_url":"https:\/\/imaginox-com.boost.codes\/cs\/produkty\/nerezove-bazeny-virivky\/","og_site_name":"IMAGINOX","article_modified_time":"2024-02-22T19:13:09+00:00","twitter_card":"summary_large_image","schema":{"@context":"https:\/\/schema.org","@graph":[{"@type":"WebPage","@id":"https:\/\/imaginox-com.boost.codes\/cs\/produkty\/nerezove-bazeny-virivky\/","url":"https:\/\/imaginox-com.boost.codes\/cs\/produkty\/nerezove-bazeny-virivky\/","name":"Nerezov\u00e9 baz\u00e9ny & v\u00ed\u0159ivky \u2248 IMAGINOX","isPartOf":{"@id":"https:\/\/imaginox-com.boost.codes\/cs\/#website"},"datePublished":"2020-08-19T13:17:53+00:00","dateModified":"2024-02-22T19:13:09+00:00","description":"Skimmerov\u00e9 baz\u00e9ny jsou obl\u00edbenou variantou u priv\u00e1tn\u00edch realizac\u00ed, a to jak u exteri\u00e9rov\u00fdch, tak interi\u00e9rov\u00fdch baz\u00e9n\u016f.","breadcrumb":{"@id":"https:\/\/imaginox-com.boost.codes\/cs\/produkty\/nerezove-bazeny-virivky\/#breadcrumb"},"inLanguage":"cs","potentialAction":[{"@type":"ReadAction","target":["https:\/\/imaginox-com.boost.codes\/cs\/produkty\/nerezove-bazeny-virivky\/"]}]},{"@type":"BreadcrumbList","@id":"https:\/\/imaginox-com.boost.codes\/cs\/produkty\/nerezove-bazeny-virivky\/#breadcrumb","itemListElement":[{"@type":"ListItem","position":1,"name":"Home","item":"https:\/\/imaginox-com.boost.codes\/cs\/"},{"@type":"ListItem","position":2,"name":"Produkty","item":"https:\/\/imaginox-com.boost.codes\/cs\/produkty\/"},{"@type":"ListItem","position":3,"name":"Nerezov\u00e9 baz\u00e9ny &#038; v\u00ed\u0159ivky"}]},{"@type":"WebSite","@id":"https:\/\/imaginox-com.boost.codes\/cs\/#website","url":"https:\/\/imaginox-com.boost.codes\/cs\/","name":"IMAGINOX","description":"Nerezov\u00e9 baz\u00e9ny, v\u00ed\u0159ivky a dal\u0161\u00ed wellness produkty","publisher":{"@id":"https:\/\/imaginox-com.boost.codes\/cs\/#organization"},"potentialAction":[{"@type":"SearchAction","target":{"@type":"EntryPoint","urlTemplate":"https:\/\/imaginox-com.boost.codes\/cs\/?s={search_term_string}"},"query-input":"required name=search_term_string"}],"inLanguage":"cs"},{"@type":"Organization","@id":"https:\/\/imaginox-com.boost.codes\/cs\/#organization","name":"IMAGINOX s.r.o.","url":"https:\/\/imaginox-com.boost.codes\/cs\/","logo":{"@type":"ImageObject","inLanguage":"cs","@id":"https:\/\/imaginox-com.boost.codes\/cs\/#\/schema\/logo\/image\/","url":"https:\/\/imaginox-com.boost.codes\/wp-content\/uploads\/2021\/04\/imaginox-header-logo.png","contentUrl":"https:\/\/imaginox-com.boost.codes\/wp-content\/uploads\/2021\/04\/imaginox-header-logo.png","width":622,"height":88,"caption":"IMAGINOX s.r.o."},"image":{"@id":"https:\/\/imaginox-com.boost.codes\/cs\/#\/schema\/logo\/image\/"}}]}},"_links":{"self":[{"href":"https:\/\/imaginox-com.boost.codes\/cs\/wp-json\/wp\/v2\/pages\/3467"}],"collection":[{"href":"https:\/\/imaginox-com.boost.codes\/cs\/wp-json\/wp\/v2\/pages"}],"about":[{"href":"https:\/\/imaginox-com.boost.codes\/cs\/wp-json\/wp\/v2\/types\/page"}],"author":[{"embeddable":true,"href":"https:\/\/imaginox-com.boost.codes\/cs\/wp-json\/wp\/v2\/users\/1"}],"replies":[{"embeddable":true,"href":"https:\/\/imaginox-com.boost.codes\/cs\/wp-json\/wp\/v2\/comments?post=3467"}],"version-history":[{"count":4,"href":"https:\/\/imaginox-com.boost.codes\/cs\/wp-json\/wp\/v2\/pages\/3467\/revisions"}],"predecessor-version":[{"id":10934,"href":"https:\/\/imaginox-com.boost.codes\/cs\/wp-json\/wp\/v2\/pages\/3467\/revisions\/10934"}],"up":[{"embeddable":true,"href":"https:\/\/imaginox-com.boost.codes\/cs\/wp-json\/wp\/v2\/pages\/3427"}],"wp:attachment":[{"href":"https:\/\/imaginox-com.boost.codes\/cs\/wp-json\/wp\/v2\/media?parent=3467"}],"curies":[{"name":"wp","href":"https:\/\/api.w.org\/{rel}","templated":true}]}}