{"id":3463,"date":"2020-08-19T13:17:40","date_gmt":"2020-08-19T13:17:40","guid":{"rendered":"https:\/\/imaginox.boost.codes\/produkty\/deck-level-pools\/standard-pools\/"},"modified":"2022-11-28T12:48:31","modified_gmt":"2022-11-28T10:48:31","slug":"typizovane-prelivne-bazeny","status":"publish","type":"page","link":"https:\/\/imaginox-com.boost.codes\/cs\/bazeny\/produkty\/prelivne-bazeny\/typizovane-prelivne-bazeny\/","title":{"rendered":"Typizovan\u00e9 p\u0159elivn\u00e9 baz\u00e9ny"},"content":{"rendered":"","protected":false},"excerpt":{"rendered":"","protected":false},"author":1,"featured_media":0,"parent":11039,"menu_order":0,"comment_status":"closed","ping_status":"closed","template":"products-deck-level-pools-standard.php","meta":{"footnotes":""},"acf":[],"yoast_head":"<!-- This site is optimized with the Yoast SEO plugin v22.4 - https:\/\/yoast.com\/wordpress\/plugins\/seo\/ -->\n<title>Typizovan\u00e9 p\u0159elivn\u00e9 baz\u00e9ny \u2248 IMAGINOX<\/title>\n<meta name=\"description\" content=\"Typizovan\u00e9 modely p\u0159elivn\u00fdch nerezov\u00fdch baz\u00e9n\u016f IMAGINOX r\u016fzn\u00fdch velikost\u00ed vy\u017eaduj\u00ed pouze betonovou z\u00e1kladovou desku.\" \/>\n<meta name=\"robots\" content=\"noindex, follow, max-snippet:-1, max-image-preview:large, max-video-preview:-1\" \/>\n<meta property=\"og:locale\" content=\"cs_CZ\" \/>\n<meta property=\"og:type\" content=\"article\" \/>\n<meta property=\"og:title\" content=\"Typizovan\u00e9 p\u0159elivn\u00e9 baz\u00e9ny \u2248 IMAGINOX\" \/>\n<meta property=\"og:description\" content=\"Typizovan\u00e9 modely p\u0159elivn\u00fdch nerezov\u00fdch baz\u00e9n\u016f IMAGINOX r\u016fzn\u00fdch velikost\u00ed vy\u017eaduj\u00ed pouze betonovou z\u00e1kladovou desku.\" \/>\n<meta property=\"og:url\" content=\"https:\/\/imaginox-com.boost.codes\/cs\/bazeny\/produkty\/prelivne-bazeny\/typizovane-prelivne-bazeny\/\" \/>\n<meta property=\"og:site_name\" content=\"IMAGINOX\" \/>\n<meta property=\"article:modified_time\" content=\"2022-11-28T10:48:31+00:00\" \/>\n<meta name=\"twitter:card\" content=\"summary_large_image\" \/>\n<script type=\"application\/ld+json\" class=\"yoast-schema-graph\">{\"@context\":\"https:\/\/schema.org\",\"@graph\":[{\"@type\":\"WebPage\",\"@id\":\"https:\/\/imaginox-com.boost.codes\/cs\/bazeny\/produkty\/prelivne-bazeny\/typizovane-prelivne-bazeny\/\",\"url\":\"https:\/\/imaginox-com.boost.codes\/cs\/bazeny\/produkty\/prelivne-bazeny\/typizovane-prelivne-bazeny\/\",\"name\":\"Typizovan\u00e9 p\u0159elivn\u00e9 baz\u00e9ny \u2248 IMAGINOX\",\"isPartOf\":{\"@id\":\"https:\/\/imaginox-com.boost.codes\/cs\/#website\"},\"datePublished\":\"2020-08-19T13:17:40+00:00\",\"dateModified\":\"2022-11-28T10:48:31+00:00\",\"description\":\"Typizovan\u00e9 modely p\u0159elivn\u00fdch nerezov\u00fdch baz\u00e9n\u016f IMAGINOX r\u016fzn\u00fdch velikost\u00ed vy\u017eaduj\u00ed pouze betonovou z\u00e1kladovou desku.\",\"breadcrumb\":{\"@id\":\"https:\/\/imaginox-com.boost.codes\/cs\/bazeny\/produkty\/prelivne-bazeny\/typizovane-prelivne-bazeny\/#breadcrumb\"},\"inLanguage\":\"cs\",\"potentialAction\":[{\"@type\":\"ReadAction\",\"target\":[\"https:\/\/imaginox-com.boost.codes\/cs\/bazeny\/produkty\/prelivne-bazeny\/typizovane-prelivne-bazeny\/\"]}]},{\"@type\":\"BreadcrumbList\",\"@id\":\"https:\/\/imaginox-com.boost.codes\/cs\/bazeny\/produkty\/prelivne-bazeny\/typizovane-prelivne-bazeny\/#breadcrumb\",\"itemListElement\":[{\"@type\":\"ListItem\",\"position\":1,\"name\":\"Home\",\"item\":\"https:\/\/imaginox-com.boost.codes\/cs\/\"},{\"@type\":\"ListItem\",\"position\":2,\"name\":\"Produkty\",\"item\":\"https:\/\/imaginox-com.boost.codes\/cs\/produkty\/\"},{\"@type\":\"ListItem\",\"position\":3,\"name\":\"Sauny &#038; spa\",\"item\":\"https:\/\/imaginox-com.boost.codes\/cs\/produkty\/sauny-spa\/\"},{\"@type\":\"ListItem\",\"position\":4,\"name\":\"Typizovan\u00e9 p\u0159elivn\u00e9 baz\u00e9ny\"}]},{\"@type\":\"WebSite\",\"@id\":\"https:\/\/imaginox-com.boost.codes\/cs\/#website\",\"url\":\"https:\/\/imaginox-com.boost.codes\/cs\/\",\"name\":\"IMAGINOX\",\"description\":\"Nerezov\u00e9 baz\u00e9ny, v\u00ed\u0159ivky a dal\u0161\u00ed wellness produkty\",\"publisher\":{\"@id\":\"https:\/\/imaginox-com.boost.codes\/cs\/#organization\"},\"potentialAction\":[{\"@type\":\"SearchAction\",\"target\":{\"@type\":\"EntryPoint\",\"urlTemplate\":\"https:\/\/imaginox-com.boost.codes\/cs\/?s={search_term_string}\"},\"query-input\":\"required name=search_term_string\"}],\"inLanguage\":\"cs\"},{\"@type\":\"Organization\",\"@id\":\"https:\/\/imaginox-com.boost.codes\/cs\/#organization\",\"name\":\"IMAGINOX s.r.o.\",\"url\":\"https:\/\/imaginox-com.boost.codes\/cs\/\",\"logo\":{\"@type\":\"ImageObject\",\"inLanguage\":\"cs\",\"@id\":\"https:\/\/imaginox-com.boost.codes\/cs\/#\/schema\/logo\/image\/\",\"url\":\"https:\/\/imaginox-com.boost.codes\/wp-content\/uploads\/2021\/04\/imaginox-header-logo.png\",\"contentUrl\":\"https:\/\/imaginox-com.boost.codes\/wp-content\/uploads\/2021\/04\/imaginox-header-logo.png\",\"width\":622,\"height\":88,\"caption\":\"IMAGINOX s.r.o.\"},\"image\":{\"@id\":\"https:\/\/imaginox-com.boost.codes\/cs\/#\/schema\/logo\/image\/\"}}]}<\/script>\n<!-- \/ Yoast SEO plugin. -->","yoast_head_json":{"title":"Typizovan\u00e9 p\u0159elivn\u00e9 baz\u00e9ny \u2248 IMAGINOX","description":"Typizovan\u00e9 modely p\u0159elivn\u00fdch nerezov\u00fdch baz\u00e9n\u016f IMAGINOX r\u016fzn\u00fdch velikost\u00ed vy\u017eaduj\u00ed pouze betonovou z\u00e1kladovou desku.","robots":{"index":"noindex","follow":"follow","max-snippet":"max-snippet:-1","max-image-preview":"max-image-preview:large","max-video-preview":"max-video-preview:-1"},"og_locale":"cs_CZ","og_type":"article","og_title":"Typizovan\u00e9 p\u0159elivn\u00e9 baz\u00e9ny \u2248 IMAGINOX","og_description":"Typizovan\u00e9 modely p\u0159elivn\u00fdch nerezov\u00fdch baz\u00e9n\u016f IMAGINOX r\u016fzn\u00fdch velikost\u00ed vy\u017eaduj\u00ed pouze betonovou z\u00e1kladovou desku.","og_url":"https:\/\/imaginox-com.boost.codes\/cs\/bazeny\/produkty\/prelivne-bazeny\/typizovane-prelivne-bazeny\/","og_site_name":"IMAGINOX","article_modified_time":"2022-11-28T10:48:31+00:00","twitter_card":"summary_large_image","schema":{"@context":"https:\/\/schema.org","@graph":[{"@type":"WebPage","@id":"https:\/\/imaginox-com.boost.codes\/cs\/bazeny\/produkty\/prelivne-bazeny\/typizovane-prelivne-bazeny\/","url":"https:\/\/imaginox-com.boost.codes\/cs\/bazeny\/produkty\/prelivne-bazeny\/typizovane-prelivne-bazeny\/","name":"Typizovan\u00e9 p\u0159elivn\u00e9 baz\u00e9ny \u2248 IMAGINOX","isPartOf":{"@id":"https:\/\/imaginox-com.boost.codes\/cs\/#website"},"datePublished":"2020-08-19T13:17:40+00:00","dateModified":"2022-11-28T10:48:31+00:00","description":"Typizovan\u00e9 modely p\u0159elivn\u00fdch nerezov\u00fdch baz\u00e9n\u016f IMAGINOX r\u016fzn\u00fdch velikost\u00ed vy\u017eaduj\u00ed pouze betonovou z\u00e1kladovou desku.","breadcrumb":{"@id":"https:\/\/imaginox-com.boost.codes\/cs\/bazeny\/produkty\/prelivne-bazeny\/typizovane-prelivne-bazeny\/#breadcrumb"},"inLanguage":"cs","potentialAction":[{"@type":"ReadAction","target":["https:\/\/imaginox-com.boost.codes\/cs\/bazeny\/produkty\/prelivne-bazeny\/typizovane-prelivne-bazeny\/"]}]},{"@type":"BreadcrumbList","@id":"https:\/\/imaginox-com.boost.codes\/cs\/bazeny\/produkty\/prelivne-bazeny\/typizovane-prelivne-bazeny\/#breadcrumb","itemListElement":[{"@type":"ListItem","position":1,"name":"Home","item":"https:\/\/imaginox-com.boost.codes\/cs\/"},{"@type":"ListItem","position":2,"name":"Produkty","item":"https:\/\/imaginox-com.boost.codes\/cs\/produkty\/"},{"@type":"ListItem","position":3,"name":"Sauny &#038; spa","item":"https:\/\/imaginox-com.boost.codes\/cs\/produkty\/sauny-spa\/"},{"@type":"ListItem","position":4,"name":"Typizovan\u00e9 p\u0159elivn\u00e9 baz\u00e9ny"}]},{"@type":"WebSite","@id":"https:\/\/imaginox-com.boost.codes\/cs\/#website","url":"https:\/\/imaginox-com.boost.codes\/cs\/","name":"IMAGINOX","description":"Nerezov\u00e9 baz\u00e9ny, v\u00ed\u0159ivky a dal\u0161\u00ed wellness produkty","publisher":{"@id":"https:\/\/imaginox-com.boost.codes\/cs\/#organization"},"potentialAction":[{"@type":"SearchAction","target":{"@type":"EntryPoint","urlTemplate":"https:\/\/imaginox-com.boost.codes\/cs\/?s={search_term_string}"},"query-input":"required name=search_term_string"}],"inLanguage":"cs"},{"@type":"Organization","@id":"https:\/\/imaginox-com.boost.codes\/cs\/#organization","name":"IMAGINOX s.r.o.","url":"https:\/\/imaginox-com.boost.codes\/cs\/","logo":{"@type":"ImageObject","inLanguage":"cs","@id":"https:\/\/imaginox-com.boost.codes\/cs\/#\/schema\/logo\/image\/","url":"https:\/\/imaginox-com.boost.codes\/wp-content\/uploads\/2021\/04\/imaginox-header-logo.png","contentUrl":"https:\/\/imaginox-com.boost.codes\/wp-content\/uploads\/2021\/04\/imaginox-header-logo.png","width":622,"height":88,"caption":"IMAGINOX s.r.o."},"image":{"@id":"https:\/\/imaginox-com.boost.codes\/cs\/#\/schema\/logo\/image\/"}}]}},"_links":{"self":[{"href":"https:\/\/imaginox-com.boost.codes\/cs\/wp-json\/wp\/v2\/pages\/3463"}],"collection":[{"href":"https:\/\/imaginox-com.boost.codes\/cs\/wp-json\/wp\/v2\/pages"}],"about":[{"href":"https:\/\/imaginox-com.boost.codes\/cs\/wp-json\/wp\/v2\/types\/page"}],"author":[{"embeddable":true,"href":"https:\/\/imaginox-com.boost.codes\/cs\/wp-json\/wp\/v2\/users\/1"}],"replies":[{"embeddable":true,"href":"https:\/\/imaginox-com.boost.codes\/cs\/wp-json\/wp\/v2\/comments?post=3463"}],"version-history":[{"count":2,"href":"https:\/\/imaginox-com.boost.codes\/cs\/wp-json\/wp\/v2\/pages\/3463\/revisions"}],"predecessor-version":[{"id":4519,"href":"https:\/\/imaginox-com.boost.codes\/cs\/wp-json\/wp\/v2\/pages\/3463\/revisions\/4519"}],"up":[{"embeddable":true,"href":"https:\/\/imaginox-com.boost.codes\/cs\/wp-json\/wp\/v2\/pages\/11039"}],"wp:attachment":[{"href":"https:\/\/imaginox-com.boost.codes\/cs\/wp-json\/wp\/v2\/media?parent=3463"}],"curies":[{"name":"wp","href":"https:\/\/api.w.org\/{rel}","templated":true}]}}