{"id":3443,"date":"2020-08-19T13:10:15","date_gmt":"2020-08-19T13:10:15","guid":{"rendered":"https:\/\/imaginox.boost.codes\/zeptejte-se\/"},"modified":"2021-08-19T16:58:27","modified_gmt":"2021-08-19T14:58:27","slug":"zeptejte-se","status":"publish","type":"page","link":"https:\/\/imaginox-com.boost.codes\/cs\/zeptejte-se\/","title":{"rendered":"Zeptejte se"},"content":{"rendered":"<section class=\"section--catalogue section--light\">\n<div class=\"inner\">\n<h1 class=\"heading heading--bigger heading--center heading--black heading--underline\">Zeptejte se<\/h1>\n<div class=\"row\">\n<div class=\"col-xs-12 col-sm-12 col-md-2 col-lg-2\"><\/div>\n<div class=\"col-xs-12 col-sm-12 col-md-8 col-lg-8\">\n<p class=\"paragraph paragraph--medium align-center margin-top--05x\"> M\u00e1te dotaz ohledn\u011b na\u0161ich produkt\u016f? <strong>Napi\u0161te n\u00e1m a my v\u00e1m co nejd\u0159\u00edve odpov\u00edme.<\/strong> M\u016f\u017eete tak\u00e9 zanechat sv\u00e9 telefonn\u00ed \u010d\u00edslo a my v\u00e1s budeme kontaktovat. <\/p>\n<\/div>\n<div class=\"col-xs-12 col-sm-12 col-md-2 col-lg-2\"><\/div>\n<\/div>\n<div class=\"section--catalogue-form section--queries-form\"><span class=\"paragraph paragraph--medium section--catalogue-form-required-data input-required\">povinn\u00e9 pole<\/span><\/p>\n<div class=\"boost-space-forms\" id=\"bsf-id-2\"><\/div><script src=\"https:\/\/imaginox.system.boost.space\/api\/custom_form.js?id=2&integrity=45afc53276a793c8c7294c63f37769c5&el=bsf-id-2&callback=boostSpaceFormsInit&csubmit=boostSpaceFormsSuccessSubmit&lang=cs&v=0.4.9\" data-form=\"boost-space\"><\/script>\n<\/div>\n<\/div>\n<p> <!-- .inner --><br \/>\n<\/section>\n<p> <!-- section products --><\/p>\n","protected":false},"excerpt":{"rendered":"Zeptejte se M\u00e1te dotaz ohledn\u011b na\u0161ich produkt\u016f? Napi\u0161te n\u00e1m a my v\u00e1m co nejd\u0159\u00edve odpov\u00edme. M\u016f\u017eete tak\u00e9 zanechat sv\u00e9 telefonn\u00ed \u010d\u00edslo a my v\u00e1s budeme kontaktovat. povinn\u00e9 pole","protected":false},"author":1,"featured_media":0,"parent":0,"menu_order":0,"comment_status":"closed","ping_status":"closed","template":"","meta":{"footnotes":""},"acf":[],"yoast_head":"<!-- This site is optimized with the Yoast SEO plugin v22.4 - https:\/\/yoast.com\/wordpress\/plugins\/seo\/ -->\n<title>Zeptejte se \u2248 IMAGINOX<\/title>\n<meta name=\"description\" content=\"Pot\u0159ebujete bli\u017e\u0161\u00ed informace nebo m\u00e1te dotaz ohledn\u011b na\u0161ich produkt\u016f? Napi\u0161te n\u00e1m! M\u016f\u017eete n\u00e1m tak\u00e9 zanechat sv\u00e9 telefonn\u00ed \u010d\u00edslo a my v\u00e1s budeme kontaktovat.\" \/>\n<meta name=\"robots\" content=\"noindex, follow, max-snippet:-1, max-image-preview:large, max-video-preview:-1\" \/>\n<meta property=\"og:locale\" content=\"cs_CZ\" \/>\n<meta property=\"og:type\" content=\"article\" \/>\n<meta property=\"og:title\" content=\"Zeptejte se \u2248 IMAGINOX\" \/>\n<meta property=\"og:description\" content=\"Pot\u0159ebujete bli\u017e\u0161\u00ed informace nebo m\u00e1te dotaz ohledn\u011b na\u0161ich produkt\u016f? Napi\u0161te n\u00e1m! M\u016f\u017eete n\u00e1m tak\u00e9 zanechat sv\u00e9 telefonn\u00ed \u010d\u00edslo a my v\u00e1s budeme kontaktovat.\" \/>\n<meta property=\"og:url\" content=\"https:\/\/imaginox-com.boost.codes\/cs\/zeptejte-se\/\" \/>\n<meta property=\"og:site_name\" content=\"IMAGINOX\" \/>\n<meta property=\"article:modified_time\" content=\"2021-08-19T14:58:27+00:00\" \/>\n<meta name=\"twitter:card\" content=\"summary_large_image\" \/>\n<script type=\"application\/ld+json\" class=\"yoast-schema-graph\">{\"@context\":\"https:\/\/schema.org\",\"@graph\":[{\"@type\":\"WebPage\",\"@id\":\"https:\/\/imaginox-com.boost.codes\/cs\/zeptejte-se\/\",\"url\":\"https:\/\/imaginox-com.boost.codes\/cs\/zeptejte-se\/\",\"name\":\"Zeptejte se \u2248 IMAGINOX\",\"isPartOf\":{\"@id\":\"https:\/\/imaginox-com.boost.codes\/cs\/#website\"},\"datePublished\":\"2020-08-19T13:10:15+00:00\",\"dateModified\":\"2021-08-19T14:58:27+00:00\",\"description\":\"Pot\u0159ebujete bli\u017e\u0161\u00ed informace nebo m\u00e1te dotaz ohledn\u011b na\u0161ich produkt\u016f? Napi\u0161te n\u00e1m! M\u016f\u017eete n\u00e1m tak\u00e9 zanechat sv\u00e9 telefonn\u00ed \u010d\u00edslo a my v\u00e1s budeme kontaktovat.\",\"breadcrumb\":{\"@id\":\"https:\/\/imaginox-com.boost.codes\/cs\/zeptejte-se\/#breadcrumb\"},\"inLanguage\":\"cs\",\"potentialAction\":[{\"@type\":\"ReadAction\",\"target\":[\"https:\/\/imaginox-com.boost.codes\/cs\/zeptejte-se\/\"]}]},{\"@type\":\"BreadcrumbList\",\"@id\":\"https:\/\/imaginox-com.boost.codes\/cs\/zeptejte-se\/#breadcrumb\",\"itemListElement\":[{\"@type\":\"ListItem\",\"position\":1,\"name\":\"Home\",\"item\":\"https:\/\/imaginox-com.boost.codes\/cs\/\"},{\"@type\":\"ListItem\",\"position\":2,\"name\":\"Zeptejte se\"}]},{\"@type\":\"WebSite\",\"@id\":\"https:\/\/imaginox-com.boost.codes\/cs\/#website\",\"url\":\"https:\/\/imaginox-com.boost.codes\/cs\/\",\"name\":\"IMAGINOX\",\"description\":\"Nerezov\u00e9 baz\u00e9ny, v\u00ed\u0159ivky a dal\u0161\u00ed wellness produkty\",\"publisher\":{\"@id\":\"https:\/\/imaginox-com.boost.codes\/cs\/#organization\"},\"potentialAction\":[{\"@type\":\"SearchAction\",\"target\":{\"@type\":\"EntryPoint\",\"urlTemplate\":\"https:\/\/imaginox-com.boost.codes\/cs\/?s={search_term_string}\"},\"query-input\":\"required name=search_term_string\"}],\"inLanguage\":\"cs\"},{\"@type\":\"Organization\",\"@id\":\"https:\/\/imaginox-com.boost.codes\/cs\/#organization\",\"name\":\"IMAGINOX s.r.o.\",\"url\":\"https:\/\/imaginox-com.boost.codes\/cs\/\",\"logo\":{\"@type\":\"ImageObject\",\"inLanguage\":\"cs\",\"@id\":\"https:\/\/imaginox-com.boost.codes\/cs\/#\/schema\/logo\/image\/\",\"url\":\"https:\/\/imaginox-com.boost.codes\/wp-content\/uploads\/2021\/04\/imaginox-header-logo.png\",\"contentUrl\":\"https:\/\/imaginox-com.boost.codes\/wp-content\/uploads\/2021\/04\/imaginox-header-logo.png\",\"width\":622,\"height\":88,\"caption\":\"IMAGINOX s.r.o.\"},\"image\":{\"@id\":\"https:\/\/imaginox-com.boost.codes\/cs\/#\/schema\/logo\/image\/\"}}]}<\/script>\n<!-- \/ Yoast SEO plugin. -->","yoast_head_json":{"title":"Zeptejte se \u2248 IMAGINOX","description":"Pot\u0159ebujete bli\u017e\u0161\u00ed informace nebo m\u00e1te dotaz ohledn\u011b na\u0161ich produkt\u016f? Napi\u0161te n\u00e1m! M\u016f\u017eete n\u00e1m tak\u00e9 zanechat sv\u00e9 telefonn\u00ed \u010d\u00edslo a my v\u00e1s budeme kontaktovat.","robots":{"index":"noindex","follow":"follow","max-snippet":"max-snippet:-1","max-image-preview":"max-image-preview:large","max-video-preview":"max-video-preview:-1"},"og_locale":"cs_CZ","og_type":"article","og_title":"Zeptejte se \u2248 IMAGINOX","og_description":"Pot\u0159ebujete bli\u017e\u0161\u00ed informace nebo m\u00e1te dotaz ohledn\u011b na\u0161ich produkt\u016f? Napi\u0161te n\u00e1m! M\u016f\u017eete n\u00e1m tak\u00e9 zanechat sv\u00e9 telefonn\u00ed \u010d\u00edslo a my v\u00e1s budeme kontaktovat.","og_url":"https:\/\/imaginox-com.boost.codes\/cs\/zeptejte-se\/","og_site_name":"IMAGINOX","article_modified_time":"2021-08-19T14:58:27+00:00","twitter_card":"summary_large_image","schema":{"@context":"https:\/\/schema.org","@graph":[{"@type":"WebPage","@id":"https:\/\/imaginox-com.boost.codes\/cs\/zeptejte-se\/","url":"https:\/\/imaginox-com.boost.codes\/cs\/zeptejte-se\/","name":"Zeptejte se \u2248 IMAGINOX","isPartOf":{"@id":"https:\/\/imaginox-com.boost.codes\/cs\/#website"},"datePublished":"2020-08-19T13:10:15+00:00","dateModified":"2021-08-19T14:58:27+00:00","description":"Pot\u0159ebujete bli\u017e\u0161\u00ed informace nebo m\u00e1te dotaz ohledn\u011b na\u0161ich produkt\u016f? Napi\u0161te n\u00e1m! M\u016f\u017eete n\u00e1m tak\u00e9 zanechat sv\u00e9 telefonn\u00ed \u010d\u00edslo a my v\u00e1s budeme kontaktovat.","breadcrumb":{"@id":"https:\/\/imaginox-com.boost.codes\/cs\/zeptejte-se\/#breadcrumb"},"inLanguage":"cs","potentialAction":[{"@type":"ReadAction","target":["https:\/\/imaginox-com.boost.codes\/cs\/zeptejte-se\/"]}]},{"@type":"BreadcrumbList","@id":"https:\/\/imaginox-com.boost.codes\/cs\/zeptejte-se\/#breadcrumb","itemListElement":[{"@type":"ListItem","position":1,"name":"Home","item":"https:\/\/imaginox-com.boost.codes\/cs\/"},{"@type":"ListItem","position":2,"name":"Zeptejte se"}]},{"@type":"WebSite","@id":"https:\/\/imaginox-com.boost.codes\/cs\/#website","url":"https:\/\/imaginox-com.boost.codes\/cs\/","name":"IMAGINOX","description":"Nerezov\u00e9 baz\u00e9ny, v\u00ed\u0159ivky a dal\u0161\u00ed wellness produkty","publisher":{"@id":"https:\/\/imaginox-com.boost.codes\/cs\/#organization"},"potentialAction":[{"@type":"SearchAction","target":{"@type":"EntryPoint","urlTemplate":"https:\/\/imaginox-com.boost.codes\/cs\/?s={search_term_string}"},"query-input":"required name=search_term_string"}],"inLanguage":"cs"},{"@type":"Organization","@id":"https:\/\/imaginox-com.boost.codes\/cs\/#organization","name":"IMAGINOX s.r.o.","url":"https:\/\/imaginox-com.boost.codes\/cs\/","logo":{"@type":"ImageObject","inLanguage":"cs","@id":"https:\/\/imaginox-com.boost.codes\/cs\/#\/schema\/logo\/image\/","url":"https:\/\/imaginox-com.boost.codes\/wp-content\/uploads\/2021\/04\/imaginox-header-logo.png","contentUrl":"https:\/\/imaginox-com.boost.codes\/wp-content\/uploads\/2021\/04\/imaginox-header-logo.png","width":622,"height":88,"caption":"IMAGINOX s.r.o."},"image":{"@id":"https:\/\/imaginox-com.boost.codes\/cs\/#\/schema\/logo\/image\/"}}]}},"_links":{"self":[{"href":"https:\/\/imaginox-com.boost.codes\/cs\/wp-json\/wp\/v2\/pages\/3443"}],"collection":[{"href":"https:\/\/imaginox-com.boost.codes\/cs\/wp-json\/wp\/v2\/pages"}],"about":[{"href":"https:\/\/imaginox-com.boost.codes\/cs\/wp-json\/wp\/v2\/types\/page"}],"author":[{"embeddable":true,"href":"https:\/\/imaginox-com.boost.codes\/cs\/wp-json\/wp\/v2\/users\/1"}],"replies":[{"embeddable":true,"href":"https:\/\/imaginox-com.boost.codes\/cs\/wp-json\/wp\/v2\/comments?post=3443"}],"version-history":[{"count":11,"href":"https:\/\/imaginox-com.boost.codes\/cs\/wp-json\/wp\/v2\/pages\/3443\/revisions"}],"predecessor-version":[{"id":5432,"href":"https:\/\/imaginox-com.boost.codes\/cs\/wp-json\/wp\/v2\/pages\/3443\/revisions\/5432"}],"wp:attachment":[{"href":"https:\/\/imaginox-com.boost.codes\/cs\/wp-json\/wp\/v2\/media?parent=3443"}],"curies":[{"name":"wp","href":"https:\/\/api.w.org\/{rel}","templated":true}]}}