{"id":11415,"date":"2024-11-25T14:56:32","date_gmt":"2024-11-25T12:56:32","guid":{"rendered":"https:\/\/imaginox-com.boost.codes\/download-the-book-of-references\/"},"modified":"2024-11-25T15:00:27","modified_gmt":"2024-11-25T13:00:27","slug":"stahnete-knihu-referenci","status":"publish","type":"page","link":"https:\/\/imaginox-com.boost.codes\/cs\/stahnete-knihu-referenci\/","title":{"rendered":"St\u00e1hn\u011bte knihu referenc\u00ed"},"content":{"rendered":"<section class=\"section--catalogue section--light\">\n<div class=\"inner\">\n<h1 class=\"heading heading--bigger heading--center heading--black heading--underline\">St\u00e1hn\u011bte knihu referenc\u00ed<\/h1>\n<div class=\"col-12 catalogue-download-button-margin margin-top--05x\">\n                        <a download=\"Katalog-bazenu\" href=\"https:\/\/imaginox.com\/wp-content\/uploads\/2024\/04\/IMAGINOX_kniha_referenci_EN.pdf\" rel=\"noopener noreferrer\" class=\"button button--small button--arrow button--shadow\">St\u00e1hn\u011bte knihu referenc\u00ed<\/a>\n                    <\/div>\n<div class=\"row\">\n<div class=\"col-xs-12 col-sm-12 col-md-2 col-lg-2\"><\/div>\n<div class=\"col-xs-12 col-sm-12 col-md-8 col-lg-8\"><\/div>\n<div class=\"col-xs-12 col-sm-12 col-md-2 col-lg-2\"><\/div><\/div>\n<div style=\"position:relative;padding-top:max(60%,326px);height:0;width:100%\"><iframe allow=\"clipboard-write\" sandbox=\"allow-top-navigation allow-top-navigation-by-user-activation allow-downloads allow-scripts allow-same-origin allow-popups allow-modals allow-popups-to-escape-sandbox allow-forms\" allowfullscreen=\"true\" style=\"position:absolute;border:none;width:100%;height:100%;left:0;right:0;top:0;bottom:0;\" src=\"https:\/\/e.issuu.com\/embed.html?d=kniha_referenc_ablona_web_ea206e8d02477c&#038;u=aquamarinespamarketing\"><\/iframe><\/div><\/div>\n<p> <!-- .inner --><br \/>\n<\/section>\n<p> <!-- section products --><\/p>\n","protected":false},"excerpt":{"rendered":"St\u00e1hn\u011bte knihu referenc\u00ed St\u00e1hn\u011bte knihu referenc\u00ed","protected":false},"author":11,"featured_media":0,"parent":0,"menu_order":0,"comment_status":"closed","ping_status":"closed","template":"","meta":{"footnotes":""},"acf":[],"yoast_head":"<!-- This site is optimized with the Yoast SEO plugin v22.4 - https:\/\/yoast.com\/wordpress\/plugins\/seo\/ -->\n<title>St\u00e1hn\u011bte knihu referenc\u00ed \u2248 IMAGINOX<\/title>\n<meta name=\"robots\" content=\"noindex, follow, max-snippet:-1, max-image-preview:large, max-video-preview:-1\" \/>\n<meta property=\"og:locale\" content=\"cs_CZ\" \/>\n<meta property=\"og:type\" content=\"article\" \/>\n<meta property=\"og:title\" content=\"St\u00e1hn\u011bte knihu referenc\u00ed \u2248 IMAGINOX\" \/>\n<meta property=\"og:description\" content=\"St\u00e1hn\u011bte knihu referenc\u00ed St\u00e1hn\u011bte knihu referenc\u00ed\" \/>\n<meta property=\"og:url\" content=\"https:\/\/imaginox-com.boost.codes\/cs\/stahnete-knihu-referenci\/\" \/>\n<meta property=\"og:site_name\" content=\"IMAGINOX\" \/>\n<meta property=\"article:modified_time\" content=\"2024-11-25T13:00:27+00:00\" \/>\n<meta name=\"twitter:card\" content=\"summary_large_image\" \/>\n<script type=\"application\/ld+json\" class=\"yoast-schema-graph\">{\"@context\":\"https:\/\/schema.org\",\"@graph\":[{\"@type\":\"WebPage\",\"@id\":\"https:\/\/imaginox-com.boost.codes\/cs\/stahnete-knihu-referenci\/\",\"url\":\"https:\/\/imaginox-com.boost.codes\/cs\/stahnete-knihu-referenci\/\",\"name\":\"St\u00e1hn\u011bte knihu referenc\u00ed \u2248 IMAGINOX\",\"isPartOf\":{\"@id\":\"https:\/\/imaginox-com.boost.codes\/cs\/#website\"},\"datePublished\":\"2024-11-25T12:56:32+00:00\",\"dateModified\":\"2024-11-25T13:00:27+00:00\",\"breadcrumb\":{\"@id\":\"https:\/\/imaginox-com.boost.codes\/cs\/stahnete-knihu-referenci\/#breadcrumb\"},\"inLanguage\":\"cs\",\"potentialAction\":[{\"@type\":\"ReadAction\",\"target\":[\"https:\/\/imaginox-com.boost.codes\/cs\/stahnete-knihu-referenci\/\"]}]},{\"@type\":\"BreadcrumbList\",\"@id\":\"https:\/\/imaginox-com.boost.codes\/cs\/stahnete-knihu-referenci\/#breadcrumb\",\"itemListElement\":[{\"@type\":\"ListItem\",\"position\":1,\"name\":\"Home\",\"item\":\"https:\/\/imaginox-com.boost.codes\/cs\/\"},{\"@type\":\"ListItem\",\"position\":2,\"name\":\"St\u00e1hn\u011bte knihu referenc\u00ed\"}]},{\"@type\":\"WebSite\",\"@id\":\"https:\/\/imaginox-com.boost.codes\/cs\/#website\",\"url\":\"https:\/\/imaginox-com.boost.codes\/cs\/\",\"name\":\"IMAGINOX\",\"description\":\"Nerezov\u00e9 baz\u00e9ny, v\u00ed\u0159ivky a dal\u0161\u00ed wellness produkty\",\"publisher\":{\"@id\":\"https:\/\/imaginox-com.boost.codes\/cs\/#organization\"},\"potentialAction\":[{\"@type\":\"SearchAction\",\"target\":{\"@type\":\"EntryPoint\",\"urlTemplate\":\"https:\/\/imaginox-com.boost.codes\/cs\/?s={search_term_string}\"},\"query-input\":\"required name=search_term_string\"}],\"inLanguage\":\"cs\"},{\"@type\":\"Organization\",\"@id\":\"https:\/\/imaginox-com.boost.codes\/cs\/#organization\",\"name\":\"IMAGINOX s.r.o.\",\"url\":\"https:\/\/imaginox-com.boost.codes\/cs\/\",\"logo\":{\"@type\":\"ImageObject\",\"inLanguage\":\"cs\",\"@id\":\"https:\/\/imaginox-com.boost.codes\/cs\/#\/schema\/logo\/image\/\",\"url\":\"https:\/\/imaginox-com.boost.codes\/wp-content\/uploads\/2021\/04\/imaginox-header-logo.png\",\"contentUrl\":\"https:\/\/imaginox-com.boost.codes\/wp-content\/uploads\/2021\/04\/imaginox-header-logo.png\",\"width\":622,\"height\":88,\"caption\":\"IMAGINOX s.r.o.\"},\"image\":{\"@id\":\"https:\/\/imaginox-com.boost.codes\/cs\/#\/schema\/logo\/image\/\"}}]}<\/script>\n<!-- \/ Yoast SEO plugin. -->","yoast_head_json":{"title":"St\u00e1hn\u011bte knihu referenc\u00ed \u2248 IMAGINOX","robots":{"index":"noindex","follow":"follow","max-snippet":"max-snippet:-1","max-image-preview":"max-image-preview:large","max-video-preview":"max-video-preview:-1"},"og_locale":"cs_CZ","og_type":"article","og_title":"St\u00e1hn\u011bte knihu referenc\u00ed \u2248 IMAGINOX","og_description":"St\u00e1hn\u011bte knihu referenc\u00ed St\u00e1hn\u011bte knihu referenc\u00ed","og_url":"https:\/\/imaginox-com.boost.codes\/cs\/stahnete-knihu-referenci\/","og_site_name":"IMAGINOX","article_modified_time":"2024-11-25T13:00:27+00:00","twitter_card":"summary_large_image","schema":{"@context":"https:\/\/schema.org","@graph":[{"@type":"WebPage","@id":"https:\/\/imaginox-com.boost.codes\/cs\/stahnete-knihu-referenci\/","url":"https:\/\/imaginox-com.boost.codes\/cs\/stahnete-knihu-referenci\/","name":"St\u00e1hn\u011bte knihu referenc\u00ed \u2248 IMAGINOX","isPartOf":{"@id":"https:\/\/imaginox-com.boost.codes\/cs\/#website"},"datePublished":"2024-11-25T12:56:32+00:00","dateModified":"2024-11-25T13:00:27+00:00","breadcrumb":{"@id":"https:\/\/imaginox-com.boost.codes\/cs\/stahnete-knihu-referenci\/#breadcrumb"},"inLanguage":"cs","potentialAction":[{"@type":"ReadAction","target":["https:\/\/imaginox-com.boost.codes\/cs\/stahnete-knihu-referenci\/"]}]},{"@type":"BreadcrumbList","@id":"https:\/\/imaginox-com.boost.codes\/cs\/stahnete-knihu-referenci\/#breadcrumb","itemListElement":[{"@type":"ListItem","position":1,"name":"Home","item":"https:\/\/imaginox-com.boost.codes\/cs\/"},{"@type":"ListItem","position":2,"name":"St\u00e1hn\u011bte knihu referenc\u00ed"}]},{"@type":"WebSite","@id":"https:\/\/imaginox-com.boost.codes\/cs\/#website","url":"https:\/\/imaginox-com.boost.codes\/cs\/","name":"IMAGINOX","description":"Nerezov\u00e9 baz\u00e9ny, v\u00ed\u0159ivky a dal\u0161\u00ed wellness produkty","publisher":{"@id":"https:\/\/imaginox-com.boost.codes\/cs\/#organization"},"potentialAction":[{"@type":"SearchAction","target":{"@type":"EntryPoint","urlTemplate":"https:\/\/imaginox-com.boost.codes\/cs\/?s={search_term_string}"},"query-input":"required name=search_term_string"}],"inLanguage":"cs"},{"@type":"Organization","@id":"https:\/\/imaginox-com.boost.codes\/cs\/#organization","name":"IMAGINOX s.r.o.","url":"https:\/\/imaginox-com.boost.codes\/cs\/","logo":{"@type":"ImageObject","inLanguage":"cs","@id":"https:\/\/imaginox-com.boost.codes\/cs\/#\/schema\/logo\/image\/","url":"https:\/\/imaginox-com.boost.codes\/wp-content\/uploads\/2021\/04\/imaginox-header-logo.png","contentUrl":"https:\/\/imaginox-com.boost.codes\/wp-content\/uploads\/2021\/04\/imaginox-header-logo.png","width":622,"height":88,"caption":"IMAGINOX s.r.o."},"image":{"@id":"https:\/\/imaginox-com.boost.codes\/cs\/#\/schema\/logo\/image\/"}}]}},"_links":{"self":[{"href":"https:\/\/imaginox-com.boost.codes\/cs\/wp-json\/wp\/v2\/pages\/11415"}],"collection":[{"href":"https:\/\/imaginox-com.boost.codes\/cs\/wp-json\/wp\/v2\/pages"}],"about":[{"href":"https:\/\/imaginox-com.boost.codes\/cs\/wp-json\/wp\/v2\/types\/page"}],"author":[{"embeddable":true,"href":"https:\/\/imaginox-com.boost.codes\/cs\/wp-json\/wp\/v2\/users\/11"}],"replies":[{"embeddable":true,"href":"https:\/\/imaginox-com.boost.codes\/cs\/wp-json\/wp\/v2\/comments?post=11415"}],"version-history":[{"count":3,"href":"https:\/\/imaginox-com.boost.codes\/cs\/wp-json\/wp\/v2\/pages\/11415\/revisions"}],"predecessor-version":[{"id":11427,"href":"https:\/\/imaginox-com.boost.codes\/cs\/wp-json\/wp\/v2\/pages\/11415\/revisions\/11427"}],"wp:attachment":[{"href":"https:\/\/imaginox-com.boost.codes\/cs\/wp-json\/wp\/v2\/media?parent=11415"}],"curies":[{"name":"wp","href":"https:\/\/api.w.org\/{rel}","templated":true}]}}